{"id":93,"date":"2023-12-14T22:11:39","date_gmt":"2023-12-14T22:11:39","guid":{"rendered":"https:\/\/www.glomorprofessional.com\/shop\/?post_type=product&#038;p=93"},"modified":"2026-04-07T06:09:54","modified_gmt":"2026-04-07T06:09:54","slug":"argan-yagi-kolajen-serum","status":"publish","type":"product","link":"https:\/\/glomorprofessional.com\/shop\/urun\/argan-yagi-kolajen-serum\/","title":{"rendered":"Argan Ya\u011f\u0131 \u0130pek Proteinli Collagen Sa\u00e7 Serumu"},"content":{"rendered":"<p>Argan Oil Collagen ya\u011f terapisi koleksiyonun geli\u015fmi\u015f form\u00fcl\u00fc, Sedef Otu, Defne Yapra\u011f\u0131, Argan Ya\u011f\u0131 ve ipek proteini \u00f6zleri ba\u015fta olmak \u00fczere besleyici ya\u011f kar\u0131\u015f\u0131m\u0131n\u0131 birle\u015ftirerek sa\u00e7\u0131n y\u0131pranm\u0131\u015f b\u00f6l\u00fcmlerini k\u00f6kten uca onarmaya yard\u0131mc\u0131 olur. Sa\u00e7a dolgunluk verir. Yumu\u015fatarak tarama esnas\u0131nda kopmalar\u0131 engeller. Do\u011fal so\u011fuk s\u0131kma sistemi ile i\u015flenmi\u015f ve haz\u0131rlanm\u0131\u015ft\u0131r. Bitkisel ya\u011flardan elde edildi\u011fi i\u00e7in sa\u00e7\u0131 a\u011f\u0131rla\u015ft\u0131rmaz.<\/p>\n","protected":false},"excerpt":{"rendered":"<p>ISI \u0130\u015eLEMLER\u0130 \u00d6NCES\u0130 KORUYUCU SA\u00c7 BAKIM NEMLEMD\u0130R\u0130C\u0130 SERUMLARI<\/p>\n<p>Argan Oil Collagen ya\u011f terapisi koleksiyonun geli\u015fmi\u015f form\u00fcl\u00fc, Sedef Otu, Defne Yapra\u011f\u0131, Argan Ya\u011f\u0131 ve ipek proteini \u00f6zleri ba\u015fta olmak \u00fczere besleyici ya\u011f kar\u0131\u015f\u0131m\u0131n\u0131 birle\u015ftirerek sa\u00e7\u0131n y\u0131pranm\u0131\u015f b\u00f6l\u00fcmlerini k\u00f6kten uca onarmaya yard\u0131mc\u0131 olur. Sa\u00e7a dolgunluk verir. Yumu\u015fatarak tarama esnas\u0131nda kopmalar\u0131 engeller. Do\u011fal so\u011fuk s\u0131kma sistemi ile i\u015flenmi\u015f ve haz\u0131rlanm\u0131\u015ft\u0131r. Bitkisel ya\u011flardan elde edildi\u011fi i\u00e7in sa\u00e7\u0131 a\u011f\u0131rla\u015ft\u0131rmaz.<\/p>\n","protected":false},"featured_media":283,"comment_status":"open","ping_status":"closed","template":"","meta":[],"product_brand":[],"product_cat":[18],"product_tag":[],"class_list":{"0":"post-93","1":"product","2":"type-product","3":"status-publish","4":"has-post-thumbnail","6":"product_cat-urunler","8":"first","9":"instock","10":"shipping-taxable","11":"purchasable","12":"product-type-simple"},"yoast_head":"<!-- This site is optimized with the Yoast SEO Premium plugin v21.5 (Yoast SEO v21.5) - https:\/\/yoast.com\/wordpress\/plugins\/seo\/ -->\n<title>Argan Ya\u011f\u0131 \u0130pek Proteinli Collagen Sa\u00e7 Serumu - Glomor Professional<\/title>\n<meta name=\"description\" content=\"Sedef Otu, Defne Yapra\u011f\u0131, Argan Ya\u011f\u0131 ve ipek proteini \u00f6zleri ile sa\u00e7\u0131n y\u0131pranm\u0131\u015f b\u00f6l\u00fcmlerini k\u00f6kten uca onarmaya yard\u0131mc\u0131 olur.\" \/>\n<meta name=\"robots\" content=\"index, follow, max-snippet:-1, max-image-preview:large, max-video-preview:-1\" \/>\n<link rel=\"canonical\" href=\"https:\/\/glomorprofessional.com\/shop\/urun\/argan-yagi-kolajen-serum\/\" \/>\n<meta property=\"og:locale\" content=\"tr_TR\" \/>\n<meta property=\"og:type\" content=\"article\" \/>\n<meta property=\"og:title\" content=\"Argan Ya\u011f\u0131 \u0130pek Proteinli Collagen Sa\u00e7 Serumu\" \/>\n<meta property=\"og:description\" content=\"Sedef Otu, Defne Yapra\u011f\u0131, Argan Ya\u011f\u0131 ve ipek proteini \u00f6zleri ile sa\u00e7\u0131n y\u0131pranm\u0131\u015f b\u00f6l\u00fcmlerini k\u00f6kten uca onarmaya yard\u0131mc\u0131 olur.\" \/>\n<meta property=\"og:url\" content=\"https:\/\/glomorprofessional.com\/shop\/urun\/argan-yagi-kolajen-serum\/\" \/>\n<meta property=\"og:site_name\" content=\"Glomor Professional\" \/>\n<meta property=\"article:modified_time\" content=\"2026-04-07T06:09:54+00:00\" \/>\n<meta property=\"og:image\" content=\"https:\/\/glomorprofessional.com\/shop\/wp-content\/uploads\/2023\/12\/IMG_20250702_194153-scaled.jpg\" \/>\n\t<meta property=\"og:image:width\" content=\"1920\" \/>\n\t<meta property=\"og:image:height\" content=\"2560\" \/>\n\t<meta property=\"og:image:type\" content=\"image\/jpeg\" \/>\n<meta name=\"twitter:card\" content=\"summary_large_image\" \/>\n<script type=\"application\/ld+json\" class=\"yoast-schema-graph\">{\"@context\":\"https:\/\/schema.org\",\"@graph\":[{\"@type\":\"WebPage\",\"@id\":\"https:\/\/glomorprofessional.com\/shop\/urun\/argan-yagi-kolajen-serum\/\",\"url\":\"https:\/\/glomorprofessional.com\/shop\/urun\/argan-yagi-kolajen-serum\/\",\"name\":\"Argan Ya\u011f\u0131 \u0130pek Proteinli Collagen Sa\u00e7 Serumu - Glomor Professional\",\"isPartOf\":{\"@id\":\"https:\/\/glomorprofessional.com\/shop\/#website\"},\"datePublished\":\"2023-12-14T22:11:39+00:00\",\"dateModified\":\"2026-04-07T06:09:54+00:00\",\"description\":\"Sedef Otu, Defne Yapra\u011f\u0131, Argan Ya\u011f\u0131 ve ipek proteini \u00f6zleri ile sa\u00e7\u0131n y\u0131pranm\u0131\u015f b\u00f6l\u00fcmlerini k\u00f6kten uca onarmaya yard\u0131mc\u0131 olur.\",\"breadcrumb\":{\"@id\":\"https:\/\/glomorprofessional.com\/shop\/urun\/argan-yagi-kolajen-serum\/#breadcrumb\"},\"inLanguage\":\"tr\",\"potentialAction\":[{\"@type\":\"ReadAction\",\"target\":[\"https:\/\/glomorprofessional.com\/shop\/urun\/argan-yagi-kolajen-serum\/\"]}]},{\"@type\":\"BreadcrumbList\",\"@id\":\"https:\/\/glomorprofessional.com\/shop\/urun\/argan-yagi-kolajen-serum\/#breadcrumb\",\"itemListElement\":[{\"@type\":\"ListItem\",\"position\":1,\"name\":\"Anasayfa\",\"item\":\"https:\/\/glomorprofessional.com\/shop\/\"},{\"@type\":\"ListItem\",\"position\":2,\"name\":\"Ma\u011faza\",\"item\":\"https:\/\/glomorprofessional.com\/shop\/\"},{\"@type\":\"ListItem\",\"position\":3,\"name\":\"Argan Ya\u011f\u0131 \u0130pek Proteinli Collagen Sa\u00e7 Serumu\"}]},{\"@type\":\"WebSite\",\"@id\":\"https:\/\/glomorprofessional.com\/shop\/#website\",\"url\":\"https:\/\/glomorprofessional.com\/shop\/\",\"name\":\"Glomor Professional\",\"description\":\"Online Sat\u0131\u015f\",\"potentialAction\":[{\"@type\":\"SearchAction\",\"target\":{\"@type\":\"EntryPoint\",\"urlTemplate\":\"https:\/\/glomorprofessional.com\/shop\/?s={search_term_string}\"},\"query-input\":\"required name=search_term_string\"}],\"inLanguage\":\"tr\"}]}<\/script>\n<!-- \/ Yoast SEO Premium plugin. -->","yoast_head_json":{"title":"Argan Ya\u011f\u0131 \u0130pek Proteinli Collagen Sa\u00e7 Serumu - Glomor Professional","description":"Sedef Otu, Defne Yapra\u011f\u0131, Argan Ya\u011f\u0131 ve ipek proteini \u00f6zleri ile sa\u00e7\u0131n y\u0131pranm\u0131\u015f b\u00f6l\u00fcmlerini k\u00f6kten uca onarmaya yard\u0131mc\u0131 olur.","robots":{"index":"index","follow":"follow","max-snippet":"max-snippet:-1","max-image-preview":"max-image-preview:large","max-video-preview":"max-video-preview:-1"},"canonical":"https:\/\/glomorprofessional.com\/shop\/urun\/argan-yagi-kolajen-serum\/","og_locale":"tr_TR","og_type":"article","og_title":"Argan Ya\u011f\u0131 \u0130pek Proteinli Collagen Sa\u00e7 Serumu","og_description":"Sedef Otu, Defne Yapra\u011f\u0131, Argan Ya\u011f\u0131 ve ipek proteini \u00f6zleri ile sa\u00e7\u0131n y\u0131pranm\u0131\u015f b\u00f6l\u00fcmlerini k\u00f6kten uca onarmaya yard\u0131mc\u0131 olur.","og_url":"https:\/\/glomorprofessional.com\/shop\/urun\/argan-yagi-kolajen-serum\/","og_site_name":"Glomor Professional","article_modified_time":"2026-04-07T06:09:54+00:00","og_image":[{"width":1920,"height":2560,"url":"https:\/\/glomorprofessional.com\/shop\/wp-content\/uploads\/2023\/12\/IMG_20250702_194153-scaled.jpg","type":"image\/jpeg"}],"twitter_card":"summary_large_image","schema":{"@context":"https:\/\/schema.org","@graph":[{"@type":"WebPage","@id":"https:\/\/glomorprofessional.com\/shop\/urun\/argan-yagi-kolajen-serum\/","url":"https:\/\/glomorprofessional.com\/shop\/urun\/argan-yagi-kolajen-serum\/","name":"Argan Ya\u011f\u0131 \u0130pek Proteinli Collagen Sa\u00e7 Serumu - Glomor Professional","isPartOf":{"@id":"https:\/\/glomorprofessional.com\/shop\/#website"},"datePublished":"2023-12-14T22:11:39+00:00","dateModified":"2026-04-07T06:09:54+00:00","description":"Sedef Otu, Defne Yapra\u011f\u0131, Argan Ya\u011f\u0131 ve ipek proteini \u00f6zleri ile sa\u00e7\u0131n y\u0131pranm\u0131\u015f b\u00f6l\u00fcmlerini k\u00f6kten uca onarmaya yard\u0131mc\u0131 olur.","breadcrumb":{"@id":"https:\/\/glomorprofessional.com\/shop\/urun\/argan-yagi-kolajen-serum\/#breadcrumb"},"inLanguage":"tr","potentialAction":[{"@type":"ReadAction","target":["https:\/\/glomorprofessional.com\/shop\/urun\/argan-yagi-kolajen-serum\/"]}]},{"@type":"BreadcrumbList","@id":"https:\/\/glomorprofessional.com\/shop\/urun\/argan-yagi-kolajen-serum\/#breadcrumb","itemListElement":[{"@type":"ListItem","position":1,"name":"Anasayfa","item":"https:\/\/glomorprofessional.com\/shop\/"},{"@type":"ListItem","position":2,"name":"Ma\u011faza","item":"https:\/\/glomorprofessional.com\/shop\/"},{"@type":"ListItem","position":3,"name":"Argan Ya\u011f\u0131 \u0130pek Proteinli Collagen Sa\u00e7 Serumu"}]},{"@type":"WebSite","@id":"https:\/\/glomorprofessional.com\/shop\/#website","url":"https:\/\/glomorprofessional.com\/shop\/","name":"Glomor Professional","description":"Online Sat\u0131\u015f","potentialAction":[{"@type":"SearchAction","target":{"@type":"EntryPoint","urlTemplate":"https:\/\/glomorprofessional.com\/shop\/?s={search_term_string}"},"query-input":"required name=search_term_string"}],"inLanguage":"tr"}]}},"_links":{"self":[{"href":"https:\/\/glomorprofessional.com\/shop\/wp-json\/wp\/v2\/product\/93","targetHints":{"allow":["GET"]}}],"collection":[{"href":"https:\/\/glomorprofessional.com\/shop\/wp-json\/wp\/v2\/product"}],"about":[{"href":"https:\/\/glomorprofessional.com\/shop\/wp-json\/wp\/v2\/types\/product"}],"replies":[{"embeddable":true,"href":"https:\/\/glomorprofessional.com\/shop\/wp-json\/wp\/v2\/comments?post=93"}],"wp:featuredmedia":[{"embeddable":true,"href":"https:\/\/glomorprofessional.com\/shop\/wp-json\/wp\/v2\/media\/283"}],"wp:attachment":[{"href":"https:\/\/glomorprofessional.com\/shop\/wp-json\/wp\/v2\/media?parent=93"}],"wp:term":[{"taxonomy":"product_brand","embeddable":true,"href":"https:\/\/glomorprofessional.com\/shop\/wp-json\/wp\/v2\/product_brand?post=93"},{"taxonomy":"product_cat","embeddable":true,"href":"https:\/\/glomorprofessional.com\/shop\/wp-json\/wp\/v2\/product_cat?post=93"},{"taxonomy":"product_tag","embeddable":true,"href":"https:\/\/glomorprofessional.com\/shop\/wp-json\/wp\/v2\/product_tag?post=93"}],"curies":[{"name":"wp","href":"https:\/\/api.w.org\/{rel}","templated":true}]}}