{"id":90,"date":"2023-12-14T22:08:55","date_gmt":"2023-12-14T22:08:55","guid":{"rendered":"https:\/\/www.glomorprofessional.com\/shop\/?post_type=product&#038;p=90"},"modified":"2026-04-07T06:11:28","modified_gmt":"2026-04-07T06:11:28","slug":"protein-milkshake-serum","status":"publish","type":"product","link":"https:\/\/glomorprofessional.com\/shop\/urun\/protein-milkshake-serum\/","title":{"rendered":"Protein Milkshake Serum"},"content":{"rendered":"","protected":false},"excerpt":{"rendered":"<p>ISI \u0130\u015eLEMLER\u0130 \u00d6NCES\u0130 KORUYUCU SA\u00c7 BAKIM NEMLEMD\u0130R\u0130C\u0130 SERUMLARI<\/p>\n<p>Protein Milk Shake i\u00e7eri\u011findeki, yo\u011funla\u015ft\u0131r\u0131lm\u0131\u015f ke\u00e7i s\u00fct\u00fc ve multivitamin takviyesi ile sa\u00e7 k\u00f6klerinde, uyar\u0131c\u0131 etki sa\u011flar.<\/p>\n<p>Sa\u00e7\u0131n uzama s\u00fcrecini h\u0131zland\u0131rarak, 2 ila 3 cm\u2019e kadar \u00e7\u0131kart\u0131r. Sa\u00e7 boylar\u0131ndaki k\u0131r\u0131larak kopmalara kar\u015f\u0131 keratin y\u00fcklemesi yaparak sa\u00e7\u0131n ana yap\u0131s\u0131n\u0131 kal\u0131nla\u015ft\u0131r\u0131r.<\/p>\n<p>Yo\u011fun i\u00e7eri\u011fi sayesinde, sa\u00e7 \u015fekillendirici olarak da kullan\u0131labilir. Saclara dipten uca onar\u0131m sa\u011flayarak diren\u00e7 ve hacim sa\u011flar. Elektriklenmeyi \u00f6nler.<\/p>\n","protected":false},"featured_media":92,"comment_status":"open","ping_status":"closed","template":"","meta":[],"product_brand":[],"product_cat":[18],"product_tag":[],"class_list":{"0":"post-90","1":"product","2":"type-product","3":"status-publish","4":"has-post-thumbnail","6":"product_cat-urunler","8":"first","9":"instock","10":"shipping-taxable","11":"purchasable","12":"product-type-simple"},"yoast_head":"<!-- This site is optimized with the Yoast SEO Premium plugin v21.5 (Yoast SEO v21.5) - https:\/\/yoast.com\/wordpress\/plugins\/seo\/ -->\n<title>Protein Milkshake Serum - Glomor Professional<\/title>\n<meta name=\"description\" content=\"Sa\u00e7\u0131n uzama s\u00fcrecini h\u0131zland\u0131rarak, 2 ila 3 cm\u2019e kadar \u00e7\u0131kart\u0131r. Sa\u00e7 boylar\u0131ndaki kopmalara kar\u015f\u0131 keratin y\u00fcklemesi yaparak sa\u00e7\u0131n yap\u0131s\u0131n\u0131 kal\u0131nla\u015ft\u0131r\u0131r.\" \/>\n<meta name=\"robots\" content=\"index, follow, max-snippet:-1, max-image-preview:large, max-video-preview:-1\" \/>\n<link rel=\"canonical\" href=\"https:\/\/glomorprofessional.com\/shop\/urun\/protein-milkshake-serum\/\" \/>\n<meta property=\"og:locale\" content=\"tr_TR\" \/>\n<meta property=\"og:type\" content=\"article\" \/>\n<meta property=\"og:title\" content=\"Protein Milkshake Serum\" \/>\n<meta property=\"og:description\" content=\"Sa\u00e7\u0131n uzama s\u00fcrecini h\u0131zland\u0131rarak, 2 ila 3 cm\u2019e kadar \u00e7\u0131kart\u0131r. Sa\u00e7 boylar\u0131ndaki kopmalara kar\u015f\u0131 keratin y\u00fcklemesi yaparak sa\u00e7\u0131n yap\u0131s\u0131n\u0131 kal\u0131nla\u015ft\u0131r\u0131r.\" \/>\n<meta property=\"og:url\" content=\"https:\/\/glomorprofessional.com\/shop\/urun\/protein-milkshake-serum\/\" \/>\n<meta property=\"og:site_name\" content=\"Glomor Professional\" \/>\n<meta property=\"article:modified_time\" content=\"2026-04-07T06:11:28+00:00\" \/>\n<meta property=\"og:image\" content=\"https:\/\/glomorprofessional.com\/shop\/wp-content\/uploads\/2023\/12\/milkshake-680x1024-1.webp\" \/>\n\t<meta property=\"og:image:width\" content=\"680\" \/>\n\t<meta property=\"og:image:height\" content=\"1024\" \/>\n\t<meta property=\"og:image:type\" content=\"image\/webp\" \/>\n<meta name=\"twitter:card\" content=\"summary_large_image\" \/>\n<script type=\"application\/ld+json\" class=\"yoast-schema-graph\">{\"@context\":\"https:\/\/schema.org\",\"@graph\":[{\"@type\":\"WebPage\",\"@id\":\"https:\/\/glomorprofessional.com\/shop\/urun\/protein-milkshake-serum\/\",\"url\":\"https:\/\/glomorprofessional.com\/shop\/urun\/protein-milkshake-serum\/\",\"name\":\"Protein Milkshake Serum - Glomor Professional\",\"isPartOf\":{\"@id\":\"https:\/\/glomorprofessional.com\/shop\/#website\"},\"datePublished\":\"2023-12-14T22:08:55+00:00\",\"dateModified\":\"2026-04-07T06:11:28+00:00\",\"description\":\"Sa\u00e7\u0131n uzama s\u00fcrecini h\u0131zland\u0131rarak, 2 ila 3 cm\u2019e kadar \u00e7\u0131kart\u0131r. Sa\u00e7 boylar\u0131ndaki kopmalara kar\u015f\u0131 keratin y\u00fcklemesi yaparak sa\u00e7\u0131n yap\u0131s\u0131n\u0131 kal\u0131nla\u015ft\u0131r\u0131r.\",\"breadcrumb\":{\"@id\":\"https:\/\/glomorprofessional.com\/shop\/urun\/protein-milkshake-serum\/#breadcrumb\"},\"inLanguage\":\"tr\",\"potentialAction\":[{\"@type\":\"ReadAction\",\"target\":[\"https:\/\/glomorprofessional.com\/shop\/urun\/protein-milkshake-serum\/\"]}]},{\"@type\":\"BreadcrumbList\",\"@id\":\"https:\/\/glomorprofessional.com\/shop\/urun\/protein-milkshake-serum\/#breadcrumb\",\"itemListElement\":[{\"@type\":\"ListItem\",\"position\":1,\"name\":\"Anasayfa\",\"item\":\"https:\/\/glomorprofessional.com\/shop\/\"},{\"@type\":\"ListItem\",\"position\":2,\"name\":\"Ma\u011faza\",\"item\":\"https:\/\/glomorprofessional.com\/shop\/\"},{\"@type\":\"ListItem\",\"position\":3,\"name\":\"Protein Milkshake Serum\"}]},{\"@type\":\"WebSite\",\"@id\":\"https:\/\/glomorprofessional.com\/shop\/#website\",\"url\":\"https:\/\/glomorprofessional.com\/shop\/\",\"name\":\"Glomor Professional\",\"description\":\"Online Sat\u0131\u015f\",\"potentialAction\":[{\"@type\":\"SearchAction\",\"target\":{\"@type\":\"EntryPoint\",\"urlTemplate\":\"https:\/\/glomorprofessional.com\/shop\/?s={search_term_string}\"},\"query-input\":\"required name=search_term_string\"}],\"inLanguage\":\"tr\"}]}<\/script>\n<!-- \/ Yoast SEO Premium plugin. -->","yoast_head_json":{"title":"Protein Milkshake Serum - Glomor Professional","description":"Sa\u00e7\u0131n uzama s\u00fcrecini h\u0131zland\u0131rarak, 2 ila 3 cm\u2019e kadar \u00e7\u0131kart\u0131r. Sa\u00e7 boylar\u0131ndaki kopmalara kar\u015f\u0131 keratin y\u00fcklemesi yaparak sa\u00e7\u0131n yap\u0131s\u0131n\u0131 kal\u0131nla\u015ft\u0131r\u0131r.","robots":{"index":"index","follow":"follow","max-snippet":"max-snippet:-1","max-image-preview":"max-image-preview:large","max-video-preview":"max-video-preview:-1"},"canonical":"https:\/\/glomorprofessional.com\/shop\/urun\/protein-milkshake-serum\/","og_locale":"tr_TR","og_type":"article","og_title":"Protein Milkshake Serum","og_description":"Sa\u00e7\u0131n uzama s\u00fcrecini h\u0131zland\u0131rarak, 2 ila 3 cm\u2019e kadar \u00e7\u0131kart\u0131r. Sa\u00e7 boylar\u0131ndaki kopmalara kar\u015f\u0131 keratin y\u00fcklemesi yaparak sa\u00e7\u0131n yap\u0131s\u0131n\u0131 kal\u0131nla\u015ft\u0131r\u0131r.","og_url":"https:\/\/glomorprofessional.com\/shop\/urun\/protein-milkshake-serum\/","og_site_name":"Glomor Professional","article_modified_time":"2026-04-07T06:11:28+00:00","og_image":[{"width":680,"height":1024,"url":"https:\/\/glomorprofessional.com\/shop\/wp-content\/uploads\/2023\/12\/milkshake-680x1024-1.webp","type":"image\/webp"}],"twitter_card":"summary_large_image","schema":{"@context":"https:\/\/schema.org","@graph":[{"@type":"WebPage","@id":"https:\/\/glomorprofessional.com\/shop\/urun\/protein-milkshake-serum\/","url":"https:\/\/glomorprofessional.com\/shop\/urun\/protein-milkshake-serum\/","name":"Protein Milkshake Serum - Glomor Professional","isPartOf":{"@id":"https:\/\/glomorprofessional.com\/shop\/#website"},"datePublished":"2023-12-14T22:08:55+00:00","dateModified":"2026-04-07T06:11:28+00:00","description":"Sa\u00e7\u0131n uzama s\u00fcrecini h\u0131zland\u0131rarak, 2 ila 3 cm\u2019e kadar \u00e7\u0131kart\u0131r. Sa\u00e7 boylar\u0131ndaki kopmalara kar\u015f\u0131 keratin y\u00fcklemesi yaparak sa\u00e7\u0131n yap\u0131s\u0131n\u0131 kal\u0131nla\u015ft\u0131r\u0131r.","breadcrumb":{"@id":"https:\/\/glomorprofessional.com\/shop\/urun\/protein-milkshake-serum\/#breadcrumb"},"inLanguage":"tr","potentialAction":[{"@type":"ReadAction","target":["https:\/\/glomorprofessional.com\/shop\/urun\/protein-milkshake-serum\/"]}]},{"@type":"BreadcrumbList","@id":"https:\/\/glomorprofessional.com\/shop\/urun\/protein-milkshake-serum\/#breadcrumb","itemListElement":[{"@type":"ListItem","position":1,"name":"Anasayfa","item":"https:\/\/glomorprofessional.com\/shop\/"},{"@type":"ListItem","position":2,"name":"Ma\u011faza","item":"https:\/\/glomorprofessional.com\/shop\/"},{"@type":"ListItem","position":3,"name":"Protein Milkshake Serum"}]},{"@type":"WebSite","@id":"https:\/\/glomorprofessional.com\/shop\/#website","url":"https:\/\/glomorprofessional.com\/shop\/","name":"Glomor Professional","description":"Online Sat\u0131\u015f","potentialAction":[{"@type":"SearchAction","target":{"@type":"EntryPoint","urlTemplate":"https:\/\/glomorprofessional.com\/shop\/?s={search_term_string}"},"query-input":"required name=search_term_string"}],"inLanguage":"tr"}]}},"_links":{"self":[{"href":"https:\/\/glomorprofessional.com\/shop\/wp-json\/wp\/v2\/product\/90","targetHints":{"allow":["GET"]}}],"collection":[{"href":"https:\/\/glomorprofessional.com\/shop\/wp-json\/wp\/v2\/product"}],"about":[{"href":"https:\/\/glomorprofessional.com\/shop\/wp-json\/wp\/v2\/types\/product"}],"replies":[{"embeddable":true,"href":"https:\/\/glomorprofessional.com\/shop\/wp-json\/wp\/v2\/comments?post=90"}],"wp:featuredmedia":[{"embeddable":true,"href":"https:\/\/glomorprofessional.com\/shop\/wp-json\/wp\/v2\/media\/92"}],"wp:attachment":[{"href":"https:\/\/glomorprofessional.com\/shop\/wp-json\/wp\/v2\/media?parent=90"}],"wp:term":[{"taxonomy":"product_brand","embeddable":true,"href":"https:\/\/glomorprofessional.com\/shop\/wp-json\/wp\/v2\/product_brand?post=90"},{"taxonomy":"product_cat","embeddable":true,"href":"https:\/\/glomorprofessional.com\/shop\/wp-json\/wp\/v2\/product_cat?post=90"},{"taxonomy":"product_tag","embeddable":true,"href":"https:\/\/glomorprofessional.com\/shop\/wp-json\/wp\/v2\/product_tag?post=90"}],"curies":[{"name":"wp","href":"https:\/\/api.w.org\/{rel}","templated":true}]}}