{"id":87,"date":"2023-12-14T22:05:41","date_gmt":"2023-12-14T22:05:41","guid":{"rendered":"https:\/\/www.glomorprofessional.com\/shop\/?post_type=product&#038;p=87"},"modified":"2026-04-07T06:10:18","modified_gmt":"2026-04-07T06:10:18","slug":"hair-repair-mask-treatment","status":"publish","type":"product","link":"https:\/\/glomorprofessional.com\/shop\/urun\/hair-repair-mask-treatment\/","title":{"rendered":"Hair Repair Mask Treatment Step II"},"content":{"rendered":"","protected":false},"excerpt":{"rendered":"<p>Sa\u00e7 tellerindeki hasarl\u0131 s\u00fclf\u00fcr k\u00f6pr\u00fclerini sa\u011flamla\u015ft\u0131r\u0131r. Kimyasal i\u015flem kaynakl\u0131 esneyen, kopan, yanm\u0131\u015f sa\u00e7 tellerinizin onar\u0131m\u0131na yard\u0131mc\u0131 olur.<\/p>\n<p>K\u0131r\u0131lmaya kar\u015f\u0131 direnci y\u00fckseltir.Yo\u011fun vitamin ve mineral i\u00e7eri\u011fi ile sa\u00e7\u0131n\u0131z\u0131 besler. A, B, C ve E vitaminleri i\u00e7eririr. Sa\u00e7a elastikiyet kazand\u0131r\u0131r.<\/p>\n","protected":false},"featured_media":89,"comment_status":"open","ping_status":"closed","template":"","meta":[],"product_brand":[],"product_cat":[18],"product_tag":[],"class_list":{"0":"post-87","1":"product","2":"type-product","3":"status-publish","4":"has-post-thumbnail","6":"product_cat-urunler","8":"first","9":"instock","10":"shipping-taxable","11":"purchasable","12":"product-type-simple"},"yoast_head":"<!-- This site is optimized with the Yoast SEO Premium plugin v21.5 (Yoast SEO v21.5) - https:\/\/yoast.com\/wordpress\/plugins\/seo\/ -->\n<title>Hair Repair Mask Treatment Step II - Glomor Professional<\/title>\n<meta name=\"description\" content=\"Sa\u00e7 tellerindeki hasarl\u0131 s\u00fclf\u00fcr k\u00f6pr\u00fclerini sa\u011flamla\u015ft\u0131r\u0131r. Kimyasal i\u015flem kaynakl\u0131 esneyen, kopan, yanm\u0131\u015f sa\u00e7 tellerinizin onar\u0131m\u0131na yard\u0131mc\u0131 olur.\" \/>\n<meta name=\"robots\" content=\"index, follow, max-snippet:-1, max-image-preview:large, max-video-preview:-1\" \/>\n<link rel=\"canonical\" href=\"https:\/\/glomorprofessional.com\/shop\/urun\/hair-repair-mask-treatment\/\" \/>\n<meta property=\"og:locale\" content=\"tr_TR\" \/>\n<meta property=\"og:type\" content=\"article\" \/>\n<meta property=\"og:title\" content=\"Hair Repair Mask Treatment Step II\" \/>\n<meta property=\"og:description\" content=\"Sa\u00e7 tellerindeki hasarl\u0131 s\u00fclf\u00fcr k\u00f6pr\u00fclerini sa\u011flamla\u015ft\u0131r\u0131r. Kimyasal i\u015flem kaynakl\u0131 esneyen, kopan, yanm\u0131\u015f sa\u00e7 tellerinizin onar\u0131m\u0131na yard\u0131mc\u0131 olur.\" \/>\n<meta property=\"og:url\" content=\"https:\/\/glomorprofessional.com\/shop\/urun\/hair-repair-mask-treatment\/\" \/>\n<meta property=\"og:site_name\" content=\"Glomor Professional\" \/>\n<meta property=\"article:modified_time\" content=\"2026-04-07T06:10:18+00:00\" \/>\n<meta property=\"og:image\" content=\"https:\/\/glomorprofessional.com\/shop\/wp-content\/uploads\/2023\/12\/step2-681x1024-1.webp\" \/>\n\t<meta property=\"og:image:width\" content=\"681\" \/>\n\t<meta property=\"og:image:height\" content=\"1024\" \/>\n\t<meta property=\"og:image:type\" content=\"image\/webp\" \/>\n<meta name=\"twitter:card\" content=\"summary_large_image\" \/>\n<script type=\"application\/ld+json\" class=\"yoast-schema-graph\">{\"@context\":\"https:\/\/schema.org\",\"@graph\":[{\"@type\":\"WebPage\",\"@id\":\"https:\/\/glomorprofessional.com\/shop\/urun\/hair-repair-mask-treatment\/\",\"url\":\"https:\/\/glomorprofessional.com\/shop\/urun\/hair-repair-mask-treatment\/\",\"name\":\"Hair Repair Mask Treatment Step II - Glomor Professional\",\"isPartOf\":{\"@id\":\"https:\/\/glomorprofessional.com\/shop\/#website\"},\"datePublished\":\"2023-12-14T22:05:41+00:00\",\"dateModified\":\"2026-04-07T06:10:18+00:00\",\"description\":\"Sa\u00e7 tellerindeki hasarl\u0131 s\u00fclf\u00fcr k\u00f6pr\u00fclerini sa\u011flamla\u015ft\u0131r\u0131r. Kimyasal i\u015flem kaynakl\u0131 esneyen, kopan, yanm\u0131\u015f sa\u00e7 tellerinizin onar\u0131m\u0131na yard\u0131mc\u0131 olur.\",\"breadcrumb\":{\"@id\":\"https:\/\/glomorprofessional.com\/shop\/urun\/hair-repair-mask-treatment\/#breadcrumb\"},\"inLanguage\":\"tr\",\"potentialAction\":[{\"@type\":\"ReadAction\",\"target\":[\"https:\/\/glomorprofessional.com\/shop\/urun\/hair-repair-mask-treatment\/\"]}]},{\"@type\":\"BreadcrumbList\",\"@id\":\"https:\/\/glomorprofessional.com\/shop\/urun\/hair-repair-mask-treatment\/#breadcrumb\",\"itemListElement\":[{\"@type\":\"ListItem\",\"position\":1,\"name\":\"Anasayfa\",\"item\":\"https:\/\/glomorprofessional.com\/shop\/\"},{\"@type\":\"ListItem\",\"position\":2,\"name\":\"Ma\u011faza\",\"item\":\"https:\/\/glomorprofessional.com\/shop\/\"},{\"@type\":\"ListItem\",\"position\":3,\"name\":\"Hair Repair Mask Treatment Step II\"}]},{\"@type\":\"WebSite\",\"@id\":\"https:\/\/glomorprofessional.com\/shop\/#website\",\"url\":\"https:\/\/glomorprofessional.com\/shop\/\",\"name\":\"Glomor Professional\",\"description\":\"Online Sat\u0131\u015f\",\"potentialAction\":[{\"@type\":\"SearchAction\",\"target\":{\"@type\":\"EntryPoint\",\"urlTemplate\":\"https:\/\/glomorprofessional.com\/shop\/?s={search_term_string}\"},\"query-input\":\"required name=search_term_string\"}],\"inLanguage\":\"tr\"}]}<\/script>\n<!-- \/ Yoast SEO Premium plugin. -->","yoast_head_json":{"title":"Hair Repair Mask Treatment Step II - Glomor Professional","description":"Sa\u00e7 tellerindeki hasarl\u0131 s\u00fclf\u00fcr k\u00f6pr\u00fclerini sa\u011flamla\u015ft\u0131r\u0131r. Kimyasal i\u015flem kaynakl\u0131 esneyen, kopan, yanm\u0131\u015f sa\u00e7 tellerinizin onar\u0131m\u0131na yard\u0131mc\u0131 olur.","robots":{"index":"index","follow":"follow","max-snippet":"max-snippet:-1","max-image-preview":"max-image-preview:large","max-video-preview":"max-video-preview:-1"},"canonical":"https:\/\/glomorprofessional.com\/shop\/urun\/hair-repair-mask-treatment\/","og_locale":"tr_TR","og_type":"article","og_title":"Hair Repair Mask Treatment Step II","og_description":"Sa\u00e7 tellerindeki hasarl\u0131 s\u00fclf\u00fcr k\u00f6pr\u00fclerini sa\u011flamla\u015ft\u0131r\u0131r. Kimyasal i\u015flem kaynakl\u0131 esneyen, kopan, yanm\u0131\u015f sa\u00e7 tellerinizin onar\u0131m\u0131na yard\u0131mc\u0131 olur.","og_url":"https:\/\/glomorprofessional.com\/shop\/urun\/hair-repair-mask-treatment\/","og_site_name":"Glomor Professional","article_modified_time":"2026-04-07T06:10:18+00:00","og_image":[{"width":681,"height":1024,"url":"https:\/\/glomorprofessional.com\/shop\/wp-content\/uploads\/2023\/12\/step2-681x1024-1.webp","type":"image\/webp"}],"twitter_card":"summary_large_image","schema":{"@context":"https:\/\/schema.org","@graph":[{"@type":"WebPage","@id":"https:\/\/glomorprofessional.com\/shop\/urun\/hair-repair-mask-treatment\/","url":"https:\/\/glomorprofessional.com\/shop\/urun\/hair-repair-mask-treatment\/","name":"Hair Repair Mask Treatment Step II - Glomor Professional","isPartOf":{"@id":"https:\/\/glomorprofessional.com\/shop\/#website"},"datePublished":"2023-12-14T22:05:41+00:00","dateModified":"2026-04-07T06:10:18+00:00","description":"Sa\u00e7 tellerindeki hasarl\u0131 s\u00fclf\u00fcr k\u00f6pr\u00fclerini sa\u011flamla\u015ft\u0131r\u0131r. Kimyasal i\u015flem kaynakl\u0131 esneyen, kopan, yanm\u0131\u015f sa\u00e7 tellerinizin onar\u0131m\u0131na yard\u0131mc\u0131 olur.","breadcrumb":{"@id":"https:\/\/glomorprofessional.com\/shop\/urun\/hair-repair-mask-treatment\/#breadcrumb"},"inLanguage":"tr","potentialAction":[{"@type":"ReadAction","target":["https:\/\/glomorprofessional.com\/shop\/urun\/hair-repair-mask-treatment\/"]}]},{"@type":"BreadcrumbList","@id":"https:\/\/glomorprofessional.com\/shop\/urun\/hair-repair-mask-treatment\/#breadcrumb","itemListElement":[{"@type":"ListItem","position":1,"name":"Anasayfa","item":"https:\/\/glomorprofessional.com\/shop\/"},{"@type":"ListItem","position":2,"name":"Ma\u011faza","item":"https:\/\/glomorprofessional.com\/shop\/"},{"@type":"ListItem","position":3,"name":"Hair Repair Mask Treatment Step II"}]},{"@type":"WebSite","@id":"https:\/\/glomorprofessional.com\/shop\/#website","url":"https:\/\/glomorprofessional.com\/shop\/","name":"Glomor Professional","description":"Online Sat\u0131\u015f","potentialAction":[{"@type":"SearchAction","target":{"@type":"EntryPoint","urlTemplate":"https:\/\/glomorprofessional.com\/shop\/?s={search_term_string}"},"query-input":"required name=search_term_string"}],"inLanguage":"tr"}]}},"_links":{"self":[{"href":"https:\/\/glomorprofessional.com\/shop\/wp-json\/wp\/v2\/product\/87","targetHints":{"allow":["GET"]}}],"collection":[{"href":"https:\/\/glomorprofessional.com\/shop\/wp-json\/wp\/v2\/product"}],"about":[{"href":"https:\/\/glomorprofessional.com\/shop\/wp-json\/wp\/v2\/types\/product"}],"replies":[{"embeddable":true,"href":"https:\/\/glomorprofessional.com\/shop\/wp-json\/wp\/v2\/comments?post=87"}],"wp:featuredmedia":[{"embeddable":true,"href":"https:\/\/glomorprofessional.com\/shop\/wp-json\/wp\/v2\/media\/89"}],"wp:attachment":[{"href":"https:\/\/glomorprofessional.com\/shop\/wp-json\/wp\/v2\/media?parent=87"}],"wp:term":[{"taxonomy":"product_brand","embeddable":true,"href":"https:\/\/glomorprofessional.com\/shop\/wp-json\/wp\/v2\/product_brand?post=87"},{"taxonomy":"product_cat","embeddable":true,"href":"https:\/\/glomorprofessional.com\/shop\/wp-json\/wp\/v2\/product_cat?post=87"},{"taxonomy":"product_tag","embeddable":true,"href":"https:\/\/glomorprofessional.com\/shop\/wp-json\/wp\/v2\/product_tag?post=87"}],"curies":[{"name":"wp","href":"https:\/\/api.w.org\/{rel}","templated":true}]}}