{"id":84,"date":"2023-12-14T21:52:45","date_gmt":"2023-12-14T21:52:45","guid":{"rendered":"https:\/\/www.glomorprofessional.com\/shop\/?post_type=product&#038;p=84"},"modified":"2026-04-07T06:10:31","modified_gmt":"2026-04-07T06:10:31","slug":"hair-treatment-shampoo","status":"publish","type":"product","link":"https:\/\/glomorprofessional.com\/shop\/urun\/hair-treatment-shampoo\/","title":{"rendered":"Hair Treatment Shampoo Step I"},"content":{"rendered":"","protected":false},"excerpt":{"rendered":"<p>K\u0130MYASAL\u00a0 \u0130\u015eLEM\u00a0 G\u00d6RM\u00dc\u015e , SIK\u00a0\u00a0BOYANAN SA\u00c7LAR\u00a0 \u0130\u00c7\u0130N , BOTOKS SER\u0130S\u0130<\/p>\n<p>Natural Hair Treatment \u015fampuan\u0131, i\u00e7eri\u011findeki kreatin kompleksi Hyaluronik asit ve avokado ya\u011f\u0131 ile form\u00fcle edilen ultra hafif, jel kremsi dokusu sayesinde sa\u00e7lar da m\u00fckemmel koruyucu bir kalkan g\u00f6revi sa\u011flar. Parlakl\u0131k verici % 97 do\u011fal k\u00f6kenli i\u00e7erikleri i\u00e7erir.<br \/>\nY\u0131pranm\u0131\u015f sa\u00e7larda derin nemlendirme \u00f6zelli\u011fi sayesinde, canland\u0131ran ve yeniden yap\u0131land\u0131ran botox etkisi sayesinde d\u0131\u015f etkenlere kar\u015f\u0131 y\u0131pranan sa\u00e7lara g\u00fc\u00e7 kazand\u0131r\u0131r. Ayr\u0131ca tarama kolayl\u0131\u011f\u0131 sa\u011flad\u0131\u011f\u0131 i\u00e7in koparak d\u00f6k\u00fclmeleri azalt\u0131r.<\/p>\n","protected":false},"featured_media":86,"comment_status":"open","ping_status":"closed","template":"","meta":[],"product_brand":[],"product_cat":[18],"product_tag":[],"class_list":{"0":"post-84","1":"product","2":"type-product","3":"status-publish","4":"has-post-thumbnail","6":"product_cat-urunler","8":"first","9":"instock","10":"shipping-taxable","11":"purchasable","12":"product-type-simple"},"yoast_head":"<!-- This site is optimized with the Yoast SEO Premium plugin v21.5 (Yoast SEO v21.5) - https:\/\/yoast.com\/wordpress\/plugins\/seo\/ -->\n<title>Hair Treatment Shampoo Step I - Glomor Professional<\/title>\n<meta name=\"description\" content=\"Hyaluronik asit ve avokado ya\u011f\u0131 ile form\u00fcle edilen ultra hafif, jel kremsi dokusu sayesinde sa\u00e7lar da m\u00fckemmel koruyucu bir kalkan g\u00f6revi sa\u011flar\" \/>\n<meta name=\"robots\" content=\"index, follow, max-snippet:-1, max-image-preview:large, max-video-preview:-1\" \/>\n<link rel=\"canonical\" href=\"https:\/\/glomorprofessional.com\/shop\/urun\/hair-treatment-shampoo\/\" \/>\n<meta property=\"og:locale\" content=\"tr_TR\" \/>\n<meta property=\"og:type\" content=\"article\" \/>\n<meta property=\"og:title\" content=\"Hair Treatment Shampoo Step I\" \/>\n<meta property=\"og:description\" content=\"Hyaluronik asit ve avokado ya\u011f\u0131 ile form\u00fcle edilen ultra hafif, jel kremsi dokusu sayesinde sa\u00e7lar da m\u00fckemmel koruyucu bir kalkan g\u00f6revi sa\u011flar\" \/>\n<meta property=\"og:url\" content=\"https:\/\/glomorprofessional.com\/shop\/urun\/hair-treatment-shampoo\/\" \/>\n<meta property=\"og:site_name\" content=\"Glomor Professional\" \/>\n<meta property=\"article:modified_time\" content=\"2026-04-07T06:10:31+00:00\" \/>\n<meta property=\"og:image\" content=\"https:\/\/glomorprofessional.com\/shop\/wp-content\/uploads\/2023\/12\/step1-681x1024-1.png\" \/>\n\t<meta property=\"og:image:width\" content=\"681\" \/>\n\t<meta property=\"og:image:height\" content=\"1024\" \/>\n\t<meta property=\"og:image:type\" content=\"image\/png\" \/>\n<meta name=\"twitter:card\" content=\"summary_large_image\" \/>\n<meta name=\"twitter:label1\" content=\"Tahmini okuma s\u00fcresi\" \/>\n\t<meta name=\"twitter:data1\" content=\"1 dakika\" \/>\n<script type=\"application\/ld+json\" class=\"yoast-schema-graph\">{\"@context\":\"https:\/\/schema.org\",\"@graph\":[{\"@type\":\"WebPage\",\"@id\":\"https:\/\/glomorprofessional.com\/shop\/urun\/hair-treatment-shampoo\/\",\"url\":\"https:\/\/glomorprofessional.com\/shop\/urun\/hair-treatment-shampoo\/\",\"name\":\"Hair Treatment Shampoo Step I - Glomor Professional\",\"isPartOf\":{\"@id\":\"https:\/\/glomorprofessional.com\/shop\/#website\"},\"datePublished\":\"2023-12-14T21:52:45+00:00\",\"dateModified\":\"2026-04-07T06:10:31+00:00\",\"description\":\"Hyaluronik asit ve avokado ya\u011f\u0131 ile form\u00fcle edilen ultra hafif, jel kremsi dokusu sayesinde sa\u00e7lar da m\u00fckemmel koruyucu bir kalkan g\u00f6revi sa\u011flar\",\"breadcrumb\":{\"@id\":\"https:\/\/glomorprofessional.com\/shop\/urun\/hair-treatment-shampoo\/#breadcrumb\"},\"inLanguage\":\"tr\",\"potentialAction\":[{\"@type\":\"ReadAction\",\"target\":[\"https:\/\/glomorprofessional.com\/shop\/urun\/hair-treatment-shampoo\/\"]}]},{\"@type\":\"BreadcrumbList\",\"@id\":\"https:\/\/glomorprofessional.com\/shop\/urun\/hair-treatment-shampoo\/#breadcrumb\",\"itemListElement\":[{\"@type\":\"ListItem\",\"position\":1,\"name\":\"Anasayfa\",\"item\":\"https:\/\/glomorprofessional.com\/shop\/\"},{\"@type\":\"ListItem\",\"position\":2,\"name\":\"Ma\u011faza\",\"item\":\"https:\/\/glomorprofessional.com\/shop\/\"},{\"@type\":\"ListItem\",\"position\":3,\"name\":\"Hair Treatment Shampoo Step I\"}]},{\"@type\":\"WebSite\",\"@id\":\"https:\/\/glomorprofessional.com\/shop\/#website\",\"url\":\"https:\/\/glomorprofessional.com\/shop\/\",\"name\":\"Glomor Professional\",\"description\":\"Online Sat\u0131\u015f\",\"potentialAction\":[{\"@type\":\"SearchAction\",\"target\":{\"@type\":\"EntryPoint\",\"urlTemplate\":\"https:\/\/glomorprofessional.com\/shop\/?s={search_term_string}\"},\"query-input\":\"required name=search_term_string\"}],\"inLanguage\":\"tr\"}]}<\/script>\n<!-- \/ Yoast SEO Premium plugin. -->","yoast_head_json":{"title":"Hair Treatment Shampoo Step I - Glomor Professional","description":"Hyaluronik asit ve avokado ya\u011f\u0131 ile form\u00fcle edilen ultra hafif, jel kremsi dokusu sayesinde sa\u00e7lar da m\u00fckemmel koruyucu bir kalkan g\u00f6revi sa\u011flar","robots":{"index":"index","follow":"follow","max-snippet":"max-snippet:-1","max-image-preview":"max-image-preview:large","max-video-preview":"max-video-preview:-1"},"canonical":"https:\/\/glomorprofessional.com\/shop\/urun\/hair-treatment-shampoo\/","og_locale":"tr_TR","og_type":"article","og_title":"Hair Treatment Shampoo Step I","og_description":"Hyaluronik asit ve avokado ya\u011f\u0131 ile form\u00fcle edilen ultra hafif, jel kremsi dokusu sayesinde sa\u00e7lar da m\u00fckemmel koruyucu bir kalkan g\u00f6revi sa\u011flar","og_url":"https:\/\/glomorprofessional.com\/shop\/urun\/hair-treatment-shampoo\/","og_site_name":"Glomor Professional","article_modified_time":"2026-04-07T06:10:31+00:00","og_image":[{"width":681,"height":1024,"url":"https:\/\/glomorprofessional.com\/shop\/wp-content\/uploads\/2023\/12\/step1-681x1024-1.png","type":"image\/png"}],"twitter_card":"summary_large_image","twitter_misc":{"Tahmini okuma s\u00fcresi":"1 dakika"},"schema":{"@context":"https:\/\/schema.org","@graph":[{"@type":"WebPage","@id":"https:\/\/glomorprofessional.com\/shop\/urun\/hair-treatment-shampoo\/","url":"https:\/\/glomorprofessional.com\/shop\/urun\/hair-treatment-shampoo\/","name":"Hair Treatment Shampoo Step I - Glomor Professional","isPartOf":{"@id":"https:\/\/glomorprofessional.com\/shop\/#website"},"datePublished":"2023-12-14T21:52:45+00:00","dateModified":"2026-04-07T06:10:31+00:00","description":"Hyaluronik asit ve avokado ya\u011f\u0131 ile form\u00fcle edilen ultra hafif, jel kremsi dokusu sayesinde sa\u00e7lar da m\u00fckemmel koruyucu bir kalkan g\u00f6revi sa\u011flar","breadcrumb":{"@id":"https:\/\/glomorprofessional.com\/shop\/urun\/hair-treatment-shampoo\/#breadcrumb"},"inLanguage":"tr","potentialAction":[{"@type":"ReadAction","target":["https:\/\/glomorprofessional.com\/shop\/urun\/hair-treatment-shampoo\/"]}]},{"@type":"BreadcrumbList","@id":"https:\/\/glomorprofessional.com\/shop\/urun\/hair-treatment-shampoo\/#breadcrumb","itemListElement":[{"@type":"ListItem","position":1,"name":"Anasayfa","item":"https:\/\/glomorprofessional.com\/shop\/"},{"@type":"ListItem","position":2,"name":"Ma\u011faza","item":"https:\/\/glomorprofessional.com\/shop\/"},{"@type":"ListItem","position":3,"name":"Hair Treatment Shampoo Step I"}]},{"@type":"WebSite","@id":"https:\/\/glomorprofessional.com\/shop\/#website","url":"https:\/\/glomorprofessional.com\/shop\/","name":"Glomor Professional","description":"Online Sat\u0131\u015f","potentialAction":[{"@type":"SearchAction","target":{"@type":"EntryPoint","urlTemplate":"https:\/\/glomorprofessional.com\/shop\/?s={search_term_string}"},"query-input":"required name=search_term_string"}],"inLanguage":"tr"}]}},"_links":{"self":[{"href":"https:\/\/glomorprofessional.com\/shop\/wp-json\/wp\/v2\/product\/84","targetHints":{"allow":["GET"]}}],"collection":[{"href":"https:\/\/glomorprofessional.com\/shop\/wp-json\/wp\/v2\/product"}],"about":[{"href":"https:\/\/glomorprofessional.com\/shop\/wp-json\/wp\/v2\/types\/product"}],"replies":[{"embeddable":true,"href":"https:\/\/glomorprofessional.com\/shop\/wp-json\/wp\/v2\/comments?post=84"}],"wp:featuredmedia":[{"embeddable":true,"href":"https:\/\/glomorprofessional.com\/shop\/wp-json\/wp\/v2\/media\/86"}],"wp:attachment":[{"href":"https:\/\/glomorprofessional.com\/shop\/wp-json\/wp\/v2\/media?parent=84"}],"wp:term":[{"taxonomy":"product_brand","embeddable":true,"href":"https:\/\/glomorprofessional.com\/shop\/wp-json\/wp\/v2\/product_brand?post=84"},{"taxonomy":"product_cat","embeddable":true,"href":"https:\/\/glomorprofessional.com\/shop\/wp-json\/wp\/v2\/product_cat?post=84"},{"taxonomy":"product_tag","embeddable":true,"href":"https:\/\/glomorprofessional.com\/shop\/wp-json\/wp\/v2\/product_tag?post=84"}],"curies":[{"name":"wp","href":"https:\/\/api.w.org\/{rel}","templated":true}]}}