{"id":80,"date":"2023-12-14T21:49:35","date_gmt":"2023-12-14T21:49:35","guid":{"rendered":"https:\/\/www.glomorprofessional.com\/shop\/?post_type=product&#038;p=80"},"modified":"2026-04-07T06:10:49","modified_gmt":"2026-04-07T06:10:49","slug":"procapil-biotin-serum","status":"publish","type":"product","link":"https:\/\/glomorprofessional.com\/shop\/urun\/procapil-biotin-serum\/","title":{"rendered":"Procapil Biotin Serum"},"content":{"rendered":"","protected":false},"excerpt":{"rendered":"<p>Procapil, horse tail ve biotin bak\u0131m serumu, \u00f6zel form\u00fcl\u00fc ile a\u015f\u0131r\u0131 y\u0131pranm\u0131\u015f, d\u00f6k\u00fclen kuru, mat ve cans\u0131z, d\u00f6k\u00fclen sa\u00e7lar\u0131 hedef al\u0131r. Sa\u00e7lar\u0131n k\u00f6kten uca beslerken sa\u011fl\u0131kla parlamas\u0131na, g\u00fc\u00e7lenmesine yard\u0131mc\u0131 olur. Elektriklenme ve kabarmay\u0131 \u00f6nler. Sa\u00e7 k\u0131r\u0131lmalar\u0131n\u0131 azalt\u0131r. UV filtresi sayesinde sa\u00e7lar\u0131 g\u00fcne\u015fin zararl\u0131 \u0131\u015f\u0131nlar\u0131na kar\u015f\u0131 korur. Kolay tarama ve ipeksi yumu\u015fakl\u0131k, parlakl\u0131k sunar. Sa\u00e7\u0131 a\u011f\u0131rla\u015ft\u0131rmaz. Nemlendirici \u00f6zelli\u011fi sa\u00e7 derisi kepeklenme problemin de etkilidir. Bir\u00e7ok sa\u00e7 uzman\u0131 klini\u011finde yer alan, zengin form\u00fcl\u00fc ile sa\u00e7 k\u00f6klerine an\u0131nda etki ederek sa\u00e7lar\u0131n daha g\u00fcr ve daha dolgun g\u00f6r\u00fcnmesine yard\u0131mc\u0131 olur. Sa\u00e7\u0131n yeniden yap\u0131lanmas\u0131na ve dayan\u0131kl\u0131l\u0131\u011f\u0131n\u0131n artmas\u0131n\u0131 destekler. Sa\u00e7ta y\u0131pranan ve onar\u0131ma ihtiya\u00e7 duyan sa\u00e7 tellerinde onarma i\u015flemi ba\u015flat\u0131r. K\u0131r\u0131larak d\u00f6k\u00fclmeleri engeller.<\/p>\n","protected":false},"featured_media":82,"comment_status":"open","ping_status":"closed","template":"","meta":[],"product_brand":[],"product_cat":[18],"product_tag":[],"class_list":{"0":"post-80","1":"product","2":"type-product","3":"status-publish","4":"has-post-thumbnail","6":"product_cat-urunler","8":"first","9":"instock","10":"shipping-taxable","11":"purchasable","12":"product-type-simple"},"yoast_head":"<!-- This site is optimized with the Yoast SEO Premium plugin v21.5 (Yoast SEO v21.5) - https:\/\/yoast.com\/wordpress\/plugins\/seo\/ -->\n<title>Procapil Biotin Serum - Glomor Professional<\/title>\n<meta name=\"description\" content=\"Sa\u00e7 k\u0131r\u0131lmalar\u0131n\u0131 azalt\u0131r. UV filtresi sayesinde sa\u00e7lar\u0131 g\u00fcne\u015fin zararl\u0131 \u0131\u015f\u0131nlar\u0131na kar\u015f\u0131 korur. Kolay tarama ve ipeksi yumu\u015fakl\u0131k, parlakl\u0131k sunar.\" \/>\n<meta name=\"robots\" content=\"index, follow, max-snippet:-1, max-image-preview:large, max-video-preview:-1\" \/>\n<link rel=\"canonical\" href=\"https:\/\/glomorprofessional.com\/shop\/urun\/procapil-biotin-serum\/\" \/>\n<meta property=\"og:locale\" content=\"tr_TR\" \/>\n<meta property=\"og:type\" content=\"article\" \/>\n<meta property=\"og:title\" content=\"Procapil Biotin Serum\" \/>\n<meta property=\"og:description\" content=\"Sa\u00e7 k\u0131r\u0131lmalar\u0131n\u0131 azalt\u0131r. UV filtresi sayesinde sa\u00e7lar\u0131 g\u00fcne\u015fin zararl\u0131 \u0131\u015f\u0131nlar\u0131na kar\u015f\u0131 korur. Kolay tarama ve ipeksi yumu\u015fakl\u0131k, parlakl\u0131k sunar.\" \/>\n<meta property=\"og:url\" content=\"https:\/\/glomorprofessional.com\/shop\/urun\/procapil-biotin-serum\/\" \/>\n<meta property=\"og:site_name\" content=\"Glomor Professional\" \/>\n<meta property=\"article:modified_time\" content=\"2026-04-07T06:10:49+00:00\" \/>\n<meta property=\"og:image\" content=\"https:\/\/glomorprofessional.com\/shop\/wp-content\/uploads\/2023\/12\/procapil-sprey-681x1024-1.webp\" \/>\n\t<meta property=\"og:image:width\" content=\"681\" \/>\n\t<meta property=\"og:image:height\" content=\"1024\" \/>\n\t<meta property=\"og:image:type\" content=\"image\/webp\" \/>\n<meta name=\"twitter:card\" content=\"summary_large_image\" \/>\n<script type=\"application\/ld+json\" class=\"yoast-schema-graph\">{\"@context\":\"https:\/\/schema.org\",\"@graph\":[{\"@type\":\"WebPage\",\"@id\":\"https:\/\/glomorprofessional.com\/shop\/urun\/procapil-biotin-serum\/\",\"url\":\"https:\/\/glomorprofessional.com\/shop\/urun\/procapil-biotin-serum\/\",\"name\":\"Procapil Biotin Serum - Glomor Professional\",\"isPartOf\":{\"@id\":\"https:\/\/glomorprofessional.com\/shop\/#website\"},\"datePublished\":\"2023-12-14T21:49:35+00:00\",\"dateModified\":\"2026-04-07T06:10:49+00:00\",\"description\":\"Sa\u00e7 k\u0131r\u0131lmalar\u0131n\u0131 azalt\u0131r. UV filtresi sayesinde sa\u00e7lar\u0131 g\u00fcne\u015fin zararl\u0131 \u0131\u015f\u0131nlar\u0131na kar\u015f\u0131 korur. Kolay tarama ve ipeksi yumu\u015fakl\u0131k, parlakl\u0131k sunar.\",\"breadcrumb\":{\"@id\":\"https:\/\/glomorprofessional.com\/shop\/urun\/procapil-biotin-serum\/#breadcrumb\"},\"inLanguage\":\"tr\",\"potentialAction\":[{\"@type\":\"ReadAction\",\"target\":[\"https:\/\/glomorprofessional.com\/shop\/urun\/procapil-biotin-serum\/\"]}]},{\"@type\":\"BreadcrumbList\",\"@id\":\"https:\/\/glomorprofessional.com\/shop\/urun\/procapil-biotin-serum\/#breadcrumb\",\"itemListElement\":[{\"@type\":\"ListItem\",\"position\":1,\"name\":\"Anasayfa\",\"item\":\"https:\/\/glomorprofessional.com\/shop\/\"},{\"@type\":\"ListItem\",\"position\":2,\"name\":\"Ma\u011faza\",\"item\":\"https:\/\/glomorprofessional.com\/shop\/\"},{\"@type\":\"ListItem\",\"position\":3,\"name\":\"Procapil Biotin Serum\"}]},{\"@type\":\"WebSite\",\"@id\":\"https:\/\/glomorprofessional.com\/shop\/#website\",\"url\":\"https:\/\/glomorprofessional.com\/shop\/\",\"name\":\"Glomor Professional\",\"description\":\"Online Sat\u0131\u015f\",\"potentialAction\":[{\"@type\":\"SearchAction\",\"target\":{\"@type\":\"EntryPoint\",\"urlTemplate\":\"https:\/\/glomorprofessional.com\/shop\/?s={search_term_string}\"},\"query-input\":\"required name=search_term_string\"}],\"inLanguage\":\"tr\"}]}<\/script>\n<!-- \/ Yoast SEO Premium plugin. -->","yoast_head_json":{"title":"Procapil Biotin Serum - Glomor Professional","description":"Sa\u00e7 k\u0131r\u0131lmalar\u0131n\u0131 azalt\u0131r. UV filtresi sayesinde sa\u00e7lar\u0131 g\u00fcne\u015fin zararl\u0131 \u0131\u015f\u0131nlar\u0131na kar\u015f\u0131 korur. Kolay tarama ve ipeksi yumu\u015fakl\u0131k, parlakl\u0131k sunar.","robots":{"index":"index","follow":"follow","max-snippet":"max-snippet:-1","max-image-preview":"max-image-preview:large","max-video-preview":"max-video-preview:-1"},"canonical":"https:\/\/glomorprofessional.com\/shop\/urun\/procapil-biotin-serum\/","og_locale":"tr_TR","og_type":"article","og_title":"Procapil Biotin Serum","og_description":"Sa\u00e7 k\u0131r\u0131lmalar\u0131n\u0131 azalt\u0131r. UV filtresi sayesinde sa\u00e7lar\u0131 g\u00fcne\u015fin zararl\u0131 \u0131\u015f\u0131nlar\u0131na kar\u015f\u0131 korur. Kolay tarama ve ipeksi yumu\u015fakl\u0131k, parlakl\u0131k sunar.","og_url":"https:\/\/glomorprofessional.com\/shop\/urun\/procapil-biotin-serum\/","og_site_name":"Glomor Professional","article_modified_time":"2026-04-07T06:10:49+00:00","og_image":[{"width":681,"height":1024,"url":"https:\/\/glomorprofessional.com\/shop\/wp-content\/uploads\/2023\/12\/procapil-sprey-681x1024-1.webp","type":"image\/webp"}],"twitter_card":"summary_large_image","schema":{"@context":"https:\/\/schema.org","@graph":[{"@type":"WebPage","@id":"https:\/\/glomorprofessional.com\/shop\/urun\/procapil-biotin-serum\/","url":"https:\/\/glomorprofessional.com\/shop\/urun\/procapil-biotin-serum\/","name":"Procapil Biotin Serum - Glomor Professional","isPartOf":{"@id":"https:\/\/glomorprofessional.com\/shop\/#website"},"datePublished":"2023-12-14T21:49:35+00:00","dateModified":"2026-04-07T06:10:49+00:00","description":"Sa\u00e7 k\u0131r\u0131lmalar\u0131n\u0131 azalt\u0131r. UV filtresi sayesinde sa\u00e7lar\u0131 g\u00fcne\u015fin zararl\u0131 \u0131\u015f\u0131nlar\u0131na kar\u015f\u0131 korur. Kolay tarama ve ipeksi yumu\u015fakl\u0131k, parlakl\u0131k sunar.","breadcrumb":{"@id":"https:\/\/glomorprofessional.com\/shop\/urun\/procapil-biotin-serum\/#breadcrumb"},"inLanguage":"tr","potentialAction":[{"@type":"ReadAction","target":["https:\/\/glomorprofessional.com\/shop\/urun\/procapil-biotin-serum\/"]}]},{"@type":"BreadcrumbList","@id":"https:\/\/glomorprofessional.com\/shop\/urun\/procapil-biotin-serum\/#breadcrumb","itemListElement":[{"@type":"ListItem","position":1,"name":"Anasayfa","item":"https:\/\/glomorprofessional.com\/shop\/"},{"@type":"ListItem","position":2,"name":"Ma\u011faza","item":"https:\/\/glomorprofessional.com\/shop\/"},{"@type":"ListItem","position":3,"name":"Procapil Biotin Serum"}]},{"@type":"WebSite","@id":"https:\/\/glomorprofessional.com\/shop\/#website","url":"https:\/\/glomorprofessional.com\/shop\/","name":"Glomor Professional","description":"Online Sat\u0131\u015f","potentialAction":[{"@type":"SearchAction","target":{"@type":"EntryPoint","urlTemplate":"https:\/\/glomorprofessional.com\/shop\/?s={search_term_string}"},"query-input":"required name=search_term_string"}],"inLanguage":"tr"}]}},"_links":{"self":[{"href":"https:\/\/glomorprofessional.com\/shop\/wp-json\/wp\/v2\/product\/80","targetHints":{"allow":["GET"]}}],"collection":[{"href":"https:\/\/glomorprofessional.com\/shop\/wp-json\/wp\/v2\/product"}],"about":[{"href":"https:\/\/glomorprofessional.com\/shop\/wp-json\/wp\/v2\/types\/product"}],"replies":[{"embeddable":true,"href":"https:\/\/glomorprofessional.com\/shop\/wp-json\/wp\/v2\/comments?post=80"}],"wp:featuredmedia":[{"embeddable":true,"href":"https:\/\/glomorprofessional.com\/shop\/wp-json\/wp\/v2\/media\/82"}],"wp:attachment":[{"href":"https:\/\/glomorprofessional.com\/shop\/wp-json\/wp\/v2\/media?parent=80"}],"wp:term":[{"taxonomy":"product_brand","embeddable":true,"href":"https:\/\/glomorprofessional.com\/shop\/wp-json\/wp\/v2\/product_brand?post=80"},{"taxonomy":"product_cat","embeddable":true,"href":"https:\/\/glomorprofessional.com\/shop\/wp-json\/wp\/v2\/product_cat?post=80"},{"taxonomy":"product_tag","embeddable":true,"href":"https:\/\/glomorprofessional.com\/shop\/wp-json\/wp\/v2\/product_tag?post=80"}],"curies":[{"name":"wp","href":"https:\/\/api.w.org\/{rel}","templated":true}]}}