{"id":77,"date":"2023-12-14T21:45:22","date_gmt":"2023-12-14T21:45:22","guid":{"rendered":"https:\/\/www.glomorprofessional.com\/shop\/?post_type=product&#038;p=77"},"modified":"2026-04-07T06:11:03","modified_gmt":"2026-04-07T06:11:03","slug":"procapil-biotin-sampuan","status":"publish","type":"product","link":"https:\/\/glomorprofessional.com\/shop\/urun\/procapil-biotin-sampuan\/","title":{"rendered":"Procapil Biotin \u015eampuan"},"content":{"rendered":"","protected":false},"excerpt":{"rendered":"<p>YEN\u0130 SA\u00c7 OLU\u015eUMUNU DESTEKLEYEN,ZAYIFLAYAN,D\u00d6K\u00dcLEN SA\u00c7LARDA GEN\u00c7LE\u015eT\u0130R\u0130C\u0130 ETK\u0130L\u0130 D\u00d6K\u00dcLME KAR\u015eITI<\/p>\n<p>Procapil Shampoo, \u0130\u00e7eri\u011finde bulunan procapil, biotin ve horse tail antioksidanlar\u0131 ve h\u00fccre \u00f6zl\u00fc form\u00fcl\u00fc ile sa\u00e7 liflerinin ya\u015flanmas\u0131n\u0131 azaltmaya yard\u0131mc\u0131 olur.<\/p>\n<p>Yo\u011fun keratin deste\u011fi ile, k\u0131l k\u00f6klerini uyar\u0131c\u0131 etkisi, 3 ayl\u0131k d\u00fczenli kullan\u0131mda sa\u00e7 d\u00f6k\u00fclme oran\u0131n azalmas\u0131n\u0131n yan\u0131 s\u0131ra, yeni sa\u00e7 teli olu\u015fumuna destekler. Bu etkile\u015fimler daha g\u00fc\u00e7l\u00fc, sa\u011fl\u0131kl\u0131 ve h\u0131zl\u0131 uzayan sa\u00e7lar\u0131n artmas\u0131yla sonu\u00e7lan\u0131r.<\/p>\n","protected":false},"featured_media":79,"comment_status":"open","ping_status":"closed","template":"","meta":[],"product_brand":[],"product_cat":[18],"product_tag":[],"class_list":{"0":"post-77","1":"product","2":"type-product","3":"status-publish","4":"has-post-thumbnail","6":"product_cat-urunler","8":"first","9":"instock","10":"shipping-taxable","11":"purchasable","12":"product-type-simple"},"yoast_head":"<!-- This site is optimized with the Yoast SEO Premium plugin v21.5 (Yoast SEO v21.5) - https:\/\/yoast.com\/wordpress\/plugins\/seo\/ -->\n<title>Procapil Biotin \u015eampuan - Glomor Professional<\/title>\n<meta name=\"description\" content=\"\u0130\u00e7eri\u011finde bulunan procapil, biotin ve horse tail antioksidanlar\u0131 ve h\u00fccre \u00f6zl\u00fc form\u00fcl\u00fc ile sa\u00e7 liflerinin ya\u015flanmas\u0131n\u0131 azaltmaya yard\u0131mc\u0131 olur.\" \/>\n<meta name=\"robots\" content=\"index, follow, max-snippet:-1, max-image-preview:large, max-video-preview:-1\" \/>\n<link rel=\"canonical\" href=\"https:\/\/glomorprofessional.com\/shop\/urun\/procapil-biotin-sampuan\/\" \/>\n<meta property=\"og:locale\" content=\"tr_TR\" \/>\n<meta property=\"og:type\" content=\"article\" \/>\n<meta property=\"og:title\" content=\"Procapil Biotin \u015eampuan\" \/>\n<meta property=\"og:description\" content=\"\u0130\u00e7eri\u011finde bulunan procapil, biotin ve horse tail antioksidanlar\u0131 ve h\u00fccre \u00f6zl\u00fc form\u00fcl\u00fc ile sa\u00e7 liflerinin ya\u015flanmas\u0131n\u0131 azaltmaya yard\u0131mc\u0131 olur.\" \/>\n<meta property=\"og:url\" content=\"https:\/\/glomorprofessional.com\/shop\/urun\/procapil-biotin-sampuan\/\" \/>\n<meta property=\"og:site_name\" content=\"Glomor Professional\" \/>\n<meta property=\"article:modified_time\" content=\"2026-04-07T06:11:03+00:00\" \/>\n<meta property=\"og:image\" content=\"https:\/\/glomorprofessional.com\/shop\/wp-content\/uploads\/2023\/12\/procapil-samp.-681x1024-1.png\" \/>\n\t<meta property=\"og:image:width\" content=\"681\" \/>\n\t<meta property=\"og:image:height\" content=\"1024\" \/>\n\t<meta property=\"og:image:type\" content=\"image\/png\" \/>\n<meta name=\"twitter:card\" content=\"summary_large_image\" \/>\n<script type=\"application\/ld+json\" class=\"yoast-schema-graph\">{\"@context\":\"https:\/\/schema.org\",\"@graph\":[{\"@type\":\"WebPage\",\"@id\":\"https:\/\/glomorprofessional.com\/shop\/urun\/procapil-biotin-sampuan\/\",\"url\":\"https:\/\/glomorprofessional.com\/shop\/urun\/procapil-biotin-sampuan\/\",\"name\":\"Procapil Biotin \u015eampuan - Glomor Professional\",\"isPartOf\":{\"@id\":\"https:\/\/glomorprofessional.com\/shop\/#website\"},\"datePublished\":\"2023-12-14T21:45:22+00:00\",\"dateModified\":\"2026-04-07T06:11:03+00:00\",\"description\":\"\u0130\u00e7eri\u011finde bulunan procapil, biotin ve horse tail antioksidanlar\u0131 ve h\u00fccre \u00f6zl\u00fc form\u00fcl\u00fc ile sa\u00e7 liflerinin ya\u015flanmas\u0131n\u0131 azaltmaya yard\u0131mc\u0131 olur.\",\"breadcrumb\":{\"@id\":\"https:\/\/glomorprofessional.com\/shop\/urun\/procapil-biotin-sampuan\/#breadcrumb\"},\"inLanguage\":\"tr\",\"potentialAction\":[{\"@type\":\"ReadAction\",\"target\":[\"https:\/\/glomorprofessional.com\/shop\/urun\/procapil-biotin-sampuan\/\"]}]},{\"@type\":\"BreadcrumbList\",\"@id\":\"https:\/\/glomorprofessional.com\/shop\/urun\/procapil-biotin-sampuan\/#breadcrumb\",\"itemListElement\":[{\"@type\":\"ListItem\",\"position\":1,\"name\":\"Anasayfa\",\"item\":\"https:\/\/glomorprofessional.com\/shop\/\"},{\"@type\":\"ListItem\",\"position\":2,\"name\":\"Ma\u011faza\",\"item\":\"https:\/\/glomorprofessional.com\/shop\/\"},{\"@type\":\"ListItem\",\"position\":3,\"name\":\"Procapil Biotin \u015eampuan\"}]},{\"@type\":\"WebSite\",\"@id\":\"https:\/\/glomorprofessional.com\/shop\/#website\",\"url\":\"https:\/\/glomorprofessional.com\/shop\/\",\"name\":\"Glomor Professional\",\"description\":\"Online Sat\u0131\u015f\",\"potentialAction\":[{\"@type\":\"SearchAction\",\"target\":{\"@type\":\"EntryPoint\",\"urlTemplate\":\"https:\/\/glomorprofessional.com\/shop\/?s={search_term_string}\"},\"query-input\":\"required name=search_term_string\"}],\"inLanguage\":\"tr\"}]}<\/script>\n<!-- \/ Yoast SEO Premium plugin. -->","yoast_head_json":{"title":"Procapil Biotin \u015eampuan - Glomor Professional","description":"\u0130\u00e7eri\u011finde bulunan procapil, biotin ve horse tail antioksidanlar\u0131 ve h\u00fccre \u00f6zl\u00fc form\u00fcl\u00fc ile sa\u00e7 liflerinin ya\u015flanmas\u0131n\u0131 azaltmaya yard\u0131mc\u0131 olur.","robots":{"index":"index","follow":"follow","max-snippet":"max-snippet:-1","max-image-preview":"max-image-preview:large","max-video-preview":"max-video-preview:-1"},"canonical":"https:\/\/glomorprofessional.com\/shop\/urun\/procapil-biotin-sampuan\/","og_locale":"tr_TR","og_type":"article","og_title":"Procapil Biotin \u015eampuan","og_description":"\u0130\u00e7eri\u011finde bulunan procapil, biotin ve horse tail antioksidanlar\u0131 ve h\u00fccre \u00f6zl\u00fc form\u00fcl\u00fc ile sa\u00e7 liflerinin ya\u015flanmas\u0131n\u0131 azaltmaya yard\u0131mc\u0131 olur.","og_url":"https:\/\/glomorprofessional.com\/shop\/urun\/procapil-biotin-sampuan\/","og_site_name":"Glomor Professional","article_modified_time":"2026-04-07T06:11:03+00:00","og_image":[{"width":681,"height":1024,"url":"https:\/\/glomorprofessional.com\/shop\/wp-content\/uploads\/2023\/12\/procapil-samp.-681x1024-1.png","type":"image\/png"}],"twitter_card":"summary_large_image","schema":{"@context":"https:\/\/schema.org","@graph":[{"@type":"WebPage","@id":"https:\/\/glomorprofessional.com\/shop\/urun\/procapil-biotin-sampuan\/","url":"https:\/\/glomorprofessional.com\/shop\/urun\/procapil-biotin-sampuan\/","name":"Procapil Biotin \u015eampuan - Glomor Professional","isPartOf":{"@id":"https:\/\/glomorprofessional.com\/shop\/#website"},"datePublished":"2023-12-14T21:45:22+00:00","dateModified":"2026-04-07T06:11:03+00:00","description":"\u0130\u00e7eri\u011finde bulunan procapil, biotin ve horse tail antioksidanlar\u0131 ve h\u00fccre \u00f6zl\u00fc form\u00fcl\u00fc ile sa\u00e7 liflerinin ya\u015flanmas\u0131n\u0131 azaltmaya yard\u0131mc\u0131 olur.","breadcrumb":{"@id":"https:\/\/glomorprofessional.com\/shop\/urun\/procapil-biotin-sampuan\/#breadcrumb"},"inLanguage":"tr","potentialAction":[{"@type":"ReadAction","target":["https:\/\/glomorprofessional.com\/shop\/urun\/procapil-biotin-sampuan\/"]}]},{"@type":"BreadcrumbList","@id":"https:\/\/glomorprofessional.com\/shop\/urun\/procapil-biotin-sampuan\/#breadcrumb","itemListElement":[{"@type":"ListItem","position":1,"name":"Anasayfa","item":"https:\/\/glomorprofessional.com\/shop\/"},{"@type":"ListItem","position":2,"name":"Ma\u011faza","item":"https:\/\/glomorprofessional.com\/shop\/"},{"@type":"ListItem","position":3,"name":"Procapil Biotin \u015eampuan"}]},{"@type":"WebSite","@id":"https:\/\/glomorprofessional.com\/shop\/#website","url":"https:\/\/glomorprofessional.com\/shop\/","name":"Glomor Professional","description":"Online Sat\u0131\u015f","potentialAction":[{"@type":"SearchAction","target":{"@type":"EntryPoint","urlTemplate":"https:\/\/glomorprofessional.com\/shop\/?s={search_term_string}"},"query-input":"required name=search_term_string"}],"inLanguage":"tr"}]}},"_links":{"self":[{"href":"https:\/\/glomorprofessional.com\/shop\/wp-json\/wp\/v2\/product\/77","targetHints":{"allow":["GET"]}}],"collection":[{"href":"https:\/\/glomorprofessional.com\/shop\/wp-json\/wp\/v2\/product"}],"about":[{"href":"https:\/\/glomorprofessional.com\/shop\/wp-json\/wp\/v2\/types\/product"}],"replies":[{"embeddable":true,"href":"https:\/\/glomorprofessional.com\/shop\/wp-json\/wp\/v2\/comments?post=77"}],"wp:featuredmedia":[{"embeddable":true,"href":"https:\/\/glomorprofessional.com\/shop\/wp-json\/wp\/v2\/media\/79"}],"wp:attachment":[{"href":"https:\/\/glomorprofessional.com\/shop\/wp-json\/wp\/v2\/media?parent=77"}],"wp:term":[{"taxonomy":"product_brand","embeddable":true,"href":"https:\/\/glomorprofessional.com\/shop\/wp-json\/wp\/v2\/product_brand?post=77"},{"taxonomy":"product_cat","embeddable":true,"href":"https:\/\/glomorprofessional.com\/shop\/wp-json\/wp\/v2\/product_cat?post=77"},{"taxonomy":"product_tag","embeddable":true,"href":"https:\/\/glomorprofessional.com\/shop\/wp-json\/wp\/v2\/product_tag?post=77"}],"curies":[{"name":"wp","href":"https:\/\/api.w.org\/{rel}","templated":true}]}}