{"id":52,"date":"2023-12-13T21:55:23","date_gmt":"2023-12-13T21:55:23","guid":{"rendered":"https:\/\/www.glomorprofessional.com\/shop\/?post_type=product&#038;p=52"},"modified":"2026-04-07T06:12:51","modified_gmt":"2026-04-07T06:12:51","slug":"ipek-proteini-sampuan-500-ml","status":"publish","type":"product","link":"https:\/\/glomorprofessional.com\/shop\/urun\/ipek-proteini-sampuan-500-ml\/","title":{"rendered":"\u0130pek Proteini \u015eampuan 500 ml"},"content":{"rendered":"","protected":false},"excerpt":{"rendered":"<p>A\u015f\u0131r\u0131 y\u0131pranm\u0131\u015f sa\u00e7larda canland\u0131ran ve yeniden yap\u0131land\u0131ran etkisi vard\u0131r.<\/p>\n<p>Natural Hair Care Therapy Serisi\u00a0\u0130pek Proteini \u015eampuan\u0131, i\u00e7eri\u011findeki ipek protein kompleksi sayesinde d\u0131\u015f etkenlere kar\u015f\u0131 y\u0131pranan sa\u00e7lara g\u00fc\u00e7 kazand\u0131r\u0131r.Sa\u00e7lar\u0131n\u0131z\u0131n daha parlak ve daha canl\u0131 g\u00f6r\u00fcnmesine yard\u0131mc\u0131 olur. Ayr\u0131ca tarama kolayl\u0131\u011f\u0131 sa\u011flad\u0131\u011f\u0131 i\u00e7in koparak d\u00f6k\u00fclmeleri azalt\u0131r.<\/p>\n","protected":false},"featured_media":55,"comment_status":"open","ping_status":"closed","template":"","meta":[],"product_brand":[],"product_cat":[18],"product_tag":[],"class_list":{"0":"post-52","1":"product","2":"type-product","3":"status-publish","4":"has-post-thumbnail","6":"product_cat-urunler","8":"first","9":"instock","10":"shipping-taxable","11":"purchasable","12":"product-type-simple"},"yoast_head":"<!-- This site is optimized with the Yoast SEO Premium plugin v21.5 (Yoast SEO v21.5) - https:\/\/yoast.com\/wordpress\/plugins\/seo\/ -->\n<title>\u0130pek Proteini \u015eampuan 500 ml - Glomor Professional<\/title>\n<meta name=\"description\" content=\"Natural Hair Care Therapy Serisi\u00a0\u0130pek Proteini \u015eampuan\u0131, i\u00e7eri\u011findeki ipek protein kompleksi sayesinde d\u0131\u015f etkenlere kar\u015f\u0131 y\u0131pranan sa\u00e7lara g\u00fc\u00e7 kazand\u0131r\u0131r.\" \/>\n<meta name=\"robots\" content=\"index, follow, max-snippet:-1, max-image-preview:large, max-video-preview:-1\" \/>\n<link rel=\"canonical\" href=\"https:\/\/glomorprofessional.com\/shop\/urun\/ipek-proteini-sampuan-500-ml\/\" \/>\n<meta property=\"og:locale\" content=\"tr_TR\" \/>\n<meta property=\"og:type\" content=\"article\" \/>\n<meta property=\"og:title\" content=\"\u0130pek Proteini \u015eampuan 500 ml\" \/>\n<meta property=\"og:description\" content=\"Natural Hair Care Therapy Serisi\u00a0\u0130pek Proteini \u015eampuan\u0131, i\u00e7eri\u011findeki ipek protein kompleksi sayesinde d\u0131\u015f etkenlere kar\u015f\u0131 y\u0131pranan sa\u00e7lara g\u00fc\u00e7 kazand\u0131r\u0131r.\" \/>\n<meta property=\"og:url\" content=\"https:\/\/glomorprofessional.com\/shop\/urun\/ipek-proteini-sampuan-500-ml\/\" \/>\n<meta property=\"og:site_name\" content=\"Glomor Professional\" \/>\n<meta property=\"article:modified_time\" content=\"2026-04-07T06:12:51+00:00\" \/>\n<meta property=\"og:image\" content=\"https:\/\/glomorprofessional.com\/shop\/wp-content\/uploads\/2023\/12\/ipek-proteini-sampuan-680x1024.png\" \/>\n\t<meta property=\"og:image:width\" content=\"680\" \/>\n\t<meta property=\"og:image:height\" content=\"1024\" \/>\n\t<meta property=\"og:image:type\" content=\"image\/png\" \/>\n<meta name=\"twitter:card\" content=\"summary_large_image\" \/>\n<script type=\"application\/ld+json\" class=\"yoast-schema-graph\">{\"@context\":\"https:\/\/schema.org\",\"@graph\":[{\"@type\":\"WebPage\",\"@id\":\"https:\/\/glomorprofessional.com\/shop\/urun\/ipek-proteini-sampuan-500-ml\/\",\"url\":\"https:\/\/glomorprofessional.com\/shop\/urun\/ipek-proteini-sampuan-500-ml\/\",\"name\":\"\u0130pek Proteini \u015eampuan 500 ml - Glomor Professional\",\"isPartOf\":{\"@id\":\"https:\/\/glomorprofessional.com\/shop\/#website\"},\"datePublished\":\"2023-12-13T21:55:23+00:00\",\"dateModified\":\"2026-04-07T06:12:51+00:00\",\"description\":\"Natural Hair Care Therapy Serisi\u00a0\u0130pek Proteini \u015eampuan\u0131, i\u00e7eri\u011findeki ipek protein kompleksi sayesinde d\u0131\u015f etkenlere kar\u015f\u0131 y\u0131pranan sa\u00e7lara g\u00fc\u00e7 kazand\u0131r\u0131r.\",\"breadcrumb\":{\"@id\":\"https:\/\/glomorprofessional.com\/shop\/urun\/ipek-proteini-sampuan-500-ml\/#breadcrumb\"},\"inLanguage\":\"tr\",\"potentialAction\":[{\"@type\":\"ReadAction\",\"target\":[\"https:\/\/glomorprofessional.com\/shop\/urun\/ipek-proteini-sampuan-500-ml\/\"]}]},{\"@type\":\"BreadcrumbList\",\"@id\":\"https:\/\/glomorprofessional.com\/shop\/urun\/ipek-proteini-sampuan-500-ml\/#breadcrumb\",\"itemListElement\":[{\"@type\":\"ListItem\",\"position\":1,\"name\":\"Anasayfa\",\"item\":\"https:\/\/glomorprofessional.com\/shop\/\"},{\"@type\":\"ListItem\",\"position\":2,\"name\":\"Ma\u011faza\",\"item\":\"https:\/\/glomorprofessional.com\/shop\/\"},{\"@type\":\"ListItem\",\"position\":3,\"name\":\"\u0130pek Proteini \u015eampuan 500 ml\"}]},{\"@type\":\"WebSite\",\"@id\":\"https:\/\/glomorprofessional.com\/shop\/#website\",\"url\":\"https:\/\/glomorprofessional.com\/shop\/\",\"name\":\"Glomor Professional\",\"description\":\"Online Sat\u0131\u015f\",\"potentialAction\":[{\"@type\":\"SearchAction\",\"target\":{\"@type\":\"EntryPoint\",\"urlTemplate\":\"https:\/\/glomorprofessional.com\/shop\/?s={search_term_string}\"},\"query-input\":\"required name=search_term_string\"}],\"inLanguage\":\"tr\"}]}<\/script>\n<!-- \/ Yoast SEO Premium plugin. -->","yoast_head_json":{"title":"\u0130pek Proteini \u015eampuan 500 ml - Glomor Professional","description":"Natural Hair Care Therapy Serisi\u00a0\u0130pek Proteini \u015eampuan\u0131, i\u00e7eri\u011findeki ipek protein kompleksi sayesinde d\u0131\u015f etkenlere kar\u015f\u0131 y\u0131pranan sa\u00e7lara g\u00fc\u00e7 kazand\u0131r\u0131r.","robots":{"index":"index","follow":"follow","max-snippet":"max-snippet:-1","max-image-preview":"max-image-preview:large","max-video-preview":"max-video-preview:-1"},"canonical":"https:\/\/glomorprofessional.com\/shop\/urun\/ipek-proteini-sampuan-500-ml\/","og_locale":"tr_TR","og_type":"article","og_title":"\u0130pek Proteini \u015eampuan 500 ml","og_description":"Natural Hair Care Therapy Serisi\u00a0\u0130pek Proteini \u015eampuan\u0131, i\u00e7eri\u011findeki ipek protein kompleksi sayesinde d\u0131\u015f etkenlere kar\u015f\u0131 y\u0131pranan sa\u00e7lara g\u00fc\u00e7 kazand\u0131r\u0131r.","og_url":"https:\/\/glomorprofessional.com\/shop\/urun\/ipek-proteini-sampuan-500-ml\/","og_site_name":"Glomor Professional","article_modified_time":"2026-04-07T06:12:51+00:00","og_image":[{"width":680,"height":1024,"url":"https:\/\/glomorprofessional.com\/shop\/wp-content\/uploads\/2023\/12\/ipek-proteini-sampuan-680x1024.png","type":"image\/png"}],"twitter_card":"summary_large_image","schema":{"@context":"https:\/\/schema.org","@graph":[{"@type":"WebPage","@id":"https:\/\/glomorprofessional.com\/shop\/urun\/ipek-proteini-sampuan-500-ml\/","url":"https:\/\/glomorprofessional.com\/shop\/urun\/ipek-proteini-sampuan-500-ml\/","name":"\u0130pek Proteini \u015eampuan 500 ml - Glomor Professional","isPartOf":{"@id":"https:\/\/glomorprofessional.com\/shop\/#website"},"datePublished":"2023-12-13T21:55:23+00:00","dateModified":"2026-04-07T06:12:51+00:00","description":"Natural Hair Care Therapy Serisi\u00a0\u0130pek Proteini \u015eampuan\u0131, i\u00e7eri\u011findeki ipek protein kompleksi sayesinde d\u0131\u015f etkenlere kar\u015f\u0131 y\u0131pranan sa\u00e7lara g\u00fc\u00e7 kazand\u0131r\u0131r.","breadcrumb":{"@id":"https:\/\/glomorprofessional.com\/shop\/urun\/ipek-proteini-sampuan-500-ml\/#breadcrumb"},"inLanguage":"tr","potentialAction":[{"@type":"ReadAction","target":["https:\/\/glomorprofessional.com\/shop\/urun\/ipek-proteini-sampuan-500-ml\/"]}]},{"@type":"BreadcrumbList","@id":"https:\/\/glomorprofessional.com\/shop\/urun\/ipek-proteini-sampuan-500-ml\/#breadcrumb","itemListElement":[{"@type":"ListItem","position":1,"name":"Anasayfa","item":"https:\/\/glomorprofessional.com\/shop\/"},{"@type":"ListItem","position":2,"name":"Ma\u011faza","item":"https:\/\/glomorprofessional.com\/shop\/"},{"@type":"ListItem","position":3,"name":"\u0130pek Proteini \u015eampuan 500 ml"}]},{"@type":"WebSite","@id":"https:\/\/glomorprofessional.com\/shop\/#website","url":"https:\/\/glomorprofessional.com\/shop\/","name":"Glomor Professional","description":"Online Sat\u0131\u015f","potentialAction":[{"@type":"SearchAction","target":{"@type":"EntryPoint","urlTemplate":"https:\/\/glomorprofessional.com\/shop\/?s={search_term_string}"},"query-input":"required name=search_term_string"}],"inLanguage":"tr"}]}},"_links":{"self":[{"href":"https:\/\/glomorprofessional.com\/shop\/wp-json\/wp\/v2\/product\/52","targetHints":{"allow":["GET"]}}],"collection":[{"href":"https:\/\/glomorprofessional.com\/shop\/wp-json\/wp\/v2\/product"}],"about":[{"href":"https:\/\/glomorprofessional.com\/shop\/wp-json\/wp\/v2\/types\/product"}],"replies":[{"embeddable":true,"href":"https:\/\/glomorprofessional.com\/shop\/wp-json\/wp\/v2\/comments?post=52"}],"wp:featuredmedia":[{"embeddable":true,"href":"https:\/\/glomorprofessional.com\/shop\/wp-json\/wp\/v2\/media\/55"}],"wp:attachment":[{"href":"https:\/\/glomorprofessional.com\/shop\/wp-json\/wp\/v2\/media?parent=52"}],"wp:term":[{"taxonomy":"product_brand","embeddable":true,"href":"https:\/\/glomorprofessional.com\/shop\/wp-json\/wp\/v2\/product_brand?post=52"},{"taxonomy":"product_cat","embeddable":true,"href":"https:\/\/glomorprofessional.com\/shop\/wp-json\/wp\/v2\/product_cat?post=52"},{"taxonomy":"product_tag","embeddable":true,"href":"https:\/\/glomorprofessional.com\/shop\/wp-json\/wp\/v2\/product_tag?post=52"}],"curies":[{"name":"wp","href":"https:\/\/api.w.org\/{rel}","templated":true}]}}