{"id":279,"date":"2025-10-27T22:04:02","date_gmt":"2025-10-27T22:04:02","guid":{"rendered":"https:\/\/glomorprofessional.com\/shop\/?post_type=product&#038;p=279"},"modified":"2026-03-02T18:16:59","modified_gmt":"2026-03-02T18:16:59","slug":"procapil-biotin-sampuan-500ml-procapil-biotin-serum-60ml-set","status":"publish","type":"product","link":"https:\/\/glomorprofessional.com\/shop\/urun\/procapil-biotin-sampuan-500ml-procapil-biotin-serum-60ml-set\/","title":{"rendered":"Procapil Biotin \u015eampuan ve Procapil Biotin Serum Seti + El V\u00fccut Losyonu Hediye&#8217;li"},"content":{"rendered":"<p>YEN\u0130 SA\u00c7 OLU\u015eUMUNU DESTEKLEYEN,ZAYIFLAYAN,D\u00d6K\u00dcLEN SA\u00c7LARDA GEN\u00c7LE\u015eT\u0130R\u0130C\u0130 ETK\u0130L\u0130 D\u00d6K\u00dcLME KAR\u015eITI<\/p>\n<p>Procapil Shampoo, \u0130\u00e7eri\u011finde bulunan procapil, biotin ve horse tail antioksidanlar\u0131 ve h\u00fccre \u00f6zl\u00fc form\u00fcl\u00fc ile sa\u00e7 liflerinin ya\u015flanmas\u0131n\u0131 azaltmaya yard\u0131mc\u0131 olur.<\/p>\n<p>Yo\u011fun keratin deste\u011fi ile, k\u0131l k\u00f6klerini uyar\u0131c\u0131 etkisi, 3 ayl\u0131k d\u00fczenli kullan\u0131mda sa\u00e7 d\u00f6k\u00fclme oran\u0131n azalmas\u0131n\u0131n yan\u0131 s\u0131ra, yeni sa\u00e7 teli olu\u015fumuna destekler. Bu etkile\u015fimler daha g\u00fc\u00e7l\u00fc, sa\u011fl\u0131kl\u0131 ve h\u0131zl\u0131 uzayan sa\u00e7lar\u0131n artmas\u0131yla sonu\u00e7lan\u0131r.<\/p>\n<p>Procapil, horse tail ve biotin bak\u0131m serumu, \u00f6zel form\u00fcl\u00fc ile a\u015f\u0131r\u0131 y\u0131pranm\u0131\u015f, d\u00f6k\u00fclen kuru, mat ve cans\u0131z, d\u00f6k\u00fclen sa\u00e7lar\u0131 hedef al\u0131r. Sa\u00e7lar\u0131n k\u00f6kten uca beslerken sa\u011fl\u0131kla parlamas\u0131na, g\u00fc\u00e7lenmesine yard\u0131mc\u0131 olur. Elektriklenme ve kabarmay\u0131 \u00f6nler. Sa\u00e7 k\u0131r\u0131lmalar\u0131n\u0131 azalt\u0131r. UV filtresi sayesinde sa\u00e7lar\u0131 g\u00fcne\u015fin zararl\u0131 \u0131\u015f\u0131nlar\u0131na kar\u015f\u0131 korur. Kolay tarama ve ipeksi yumu\u015fakl\u0131k, parlakl\u0131k sunar. Sa\u00e7\u0131 a\u011f\u0131rla\u015ft\u0131rmaz. Nemlendirici \u00f6zelli\u011fi sa\u00e7 derisi kepeklenme problemin de etkilidir. Bir\u00e7ok sa\u00e7 uzman\u0131 klini\u011finde yer alan, zengin form\u00fcl\u00fc ile sa\u00e7 k\u00f6klerine an\u0131nda etki ederek sa\u00e7lar\u0131n daha g\u00fcr ve daha dolgun g\u00f6r\u00fcnmesine yard\u0131mc\u0131 olur. Sa\u00e7\u0131n yeniden yap\u0131lanmas\u0131na ve dayan\u0131kl\u0131l\u0131\u011f\u0131n\u0131n artmas\u0131n\u0131 destekler. Sa\u00e7ta y\u0131pranan ve onar\u0131ma ihtiya\u00e7 duyan sa\u00e7 tellerinde onarma i\u015flemi ba\u015flat\u0131r. K\u0131r\u0131larak d\u00f6k\u00fclmeleri engeller.<\/p>\n","protected":false},"excerpt":{"rendered":"<ul>\n<li class=\"product_title entry-title\"><strong>Procapil Biotin \u015eampuan 500 ml<\/strong><\/li>\n<li class=\"product_title entry-title\"><strong>Procapil Biotin Serum 60 ml<\/strong><\/li>\n<li class=\"product_title entry-title\"><strong>Marvellous Hand\/Body Lotion 250ml<\/strong><\/li>\n<li class=\"product_title entry-title\"><strong>Kazanc\u0131n\u0131z 705 tl.<\/strong><\/li>\n<\/ul>\n","protected":false},"featured_media":280,"comment_status":"open","ping_status":"closed","template":"","meta":[],"product_brand":[],"product_cat":[42,41,18],"product_tag":[],"class_list":{"0":"post-279","1":"product","2":"type-product","3":"status-publish","4":"has-post-thumbnail","6":"product_cat-avantajli-setler","7":"product_cat-cok-al-az-ode","8":"product_cat-urunler","10":"first","11":"instock","12":"sale","13":"shipping-taxable","14":"purchasable","15":"product-type-simple"},"yoast_head":"<!-- This site is optimized with the Yoast SEO Premium plugin v21.5 (Yoast SEO v21.5) - https:\/\/yoast.com\/wordpress\/plugins\/seo\/ -->\n<title>Procapil Biotin \u015eampuan ve Procapil Biotin Serum Seti + El V\u00fccut Losyonu Hediye&#039;li - Glomor Professional<\/title>\n<meta name=\"robots\" content=\"index, follow, max-snippet:-1, max-image-preview:large, max-video-preview:-1\" \/>\n<link rel=\"canonical\" href=\"https:\/\/glomorprofessional.com\/shop\/urun\/procapil-biotin-sampuan-500ml-procapil-biotin-serum-60ml-set\/\" \/>\n<meta property=\"og:locale\" content=\"tr_TR\" \/>\n<meta property=\"og:type\" content=\"article\" \/>\n<meta property=\"og:title\" content=\"Procapil Biotin \u015eampuan ve Procapil Biotin Serum Seti + El V\u00fccut Losyonu Hediye&#039;li\" \/>\n<meta property=\"og:description\" content=\"Procapil Biotin \u015eampuan 500 ml  Procapil Biotin Serum 60 ml  Marvellous Hand\/Body Lotion 250ml  Kazanc\u0131n\u0131z 705 tl.\" \/>\n<meta property=\"og:url\" content=\"https:\/\/glomorprofessional.com\/shop\/urun\/procapil-biotin-sampuan-500ml-procapil-biotin-serum-60ml-set\/\" \/>\n<meta property=\"og:site_name\" content=\"Glomor Professional\" \/>\n<meta property=\"article:modified_time\" content=\"2026-03-02T18:16:59+00:00\" \/>\n<meta property=\"og:image\" content=\"https:\/\/glomorprofessional.com\/shop\/wp-content\/uploads\/2025\/10\/Gemini_Generated_Image_1aa02c1aa02c1aa0.png\" \/>\n\t<meta property=\"og:image:width\" content=\"1024\" \/>\n\t<meta property=\"og:image:height\" content=\"1024\" \/>\n\t<meta property=\"og:image:type\" content=\"image\/png\" \/>\n<meta name=\"twitter:card\" content=\"summary_large_image\" \/>\n<meta name=\"twitter:label1\" content=\"Tahmini okuma s\u00fcresi\" \/>\n\t<meta name=\"twitter:data1\" content=\"2 dakika\" \/>\n<script type=\"application\/ld+json\" class=\"yoast-schema-graph\">{\"@context\":\"https:\/\/schema.org\",\"@graph\":[{\"@type\":\"WebPage\",\"@id\":\"https:\/\/glomorprofessional.com\/shop\/urun\/procapil-biotin-sampuan-500ml-procapil-biotin-serum-60ml-set\/\",\"url\":\"https:\/\/glomorprofessional.com\/shop\/urun\/procapil-biotin-sampuan-500ml-procapil-biotin-serum-60ml-set\/\",\"name\":\"Procapil Biotin \u015eampuan ve Procapil Biotin Serum Seti + El V\u00fccut Losyonu Hediye'li - Glomor Professional\",\"isPartOf\":{\"@id\":\"https:\/\/glomorprofessional.com\/shop\/#website\"},\"datePublished\":\"2025-10-27T22:04:02+00:00\",\"dateModified\":\"2026-03-02T18:16:59+00:00\",\"breadcrumb\":{\"@id\":\"https:\/\/glomorprofessional.com\/shop\/urun\/procapil-biotin-sampuan-500ml-procapil-biotin-serum-60ml-set\/#breadcrumb\"},\"inLanguage\":\"tr\",\"potentialAction\":[{\"@type\":\"ReadAction\",\"target\":[\"https:\/\/glomorprofessional.com\/shop\/urun\/procapil-biotin-sampuan-500ml-procapil-biotin-serum-60ml-set\/\"]}]},{\"@type\":\"BreadcrumbList\",\"@id\":\"https:\/\/glomorprofessional.com\/shop\/urun\/procapil-biotin-sampuan-500ml-procapil-biotin-serum-60ml-set\/#breadcrumb\",\"itemListElement\":[{\"@type\":\"ListItem\",\"position\":1,\"name\":\"Anasayfa\",\"item\":\"https:\/\/glomorprofessional.com\/shop\/\"},{\"@type\":\"ListItem\",\"position\":2,\"name\":\"Ma\u011faza\",\"item\":\"https:\/\/glomorprofessional.com\/shop\/\"},{\"@type\":\"ListItem\",\"position\":3,\"name\":\"Procapil Biotin \u015eampuan ve Procapil Biotin Serum Seti + El V\u00fccut Losyonu Hediye&#8217;li\"}]},{\"@type\":\"WebSite\",\"@id\":\"https:\/\/glomorprofessional.com\/shop\/#website\",\"url\":\"https:\/\/glomorprofessional.com\/shop\/\",\"name\":\"Glomor Professional\",\"description\":\"Online Sat\u0131\u015f\",\"potentialAction\":[{\"@type\":\"SearchAction\",\"target\":{\"@type\":\"EntryPoint\",\"urlTemplate\":\"https:\/\/glomorprofessional.com\/shop\/?s={search_term_string}\"},\"query-input\":\"required name=search_term_string\"}],\"inLanguage\":\"tr\"}]}<\/script>\n<!-- \/ Yoast SEO Premium plugin. -->","yoast_head_json":{"title":"Procapil Biotin \u015eampuan ve Procapil Biotin Serum Seti + El V\u00fccut Losyonu Hediye'li - Glomor Professional","robots":{"index":"index","follow":"follow","max-snippet":"max-snippet:-1","max-image-preview":"max-image-preview:large","max-video-preview":"max-video-preview:-1"},"canonical":"https:\/\/glomorprofessional.com\/shop\/urun\/procapil-biotin-sampuan-500ml-procapil-biotin-serum-60ml-set\/","og_locale":"tr_TR","og_type":"article","og_title":"Procapil Biotin \u015eampuan ve Procapil Biotin Serum Seti + El V\u00fccut Losyonu Hediye'li","og_description":"Procapil Biotin \u015eampuan 500 ml  Procapil Biotin Serum 60 ml  Marvellous Hand\/Body Lotion 250ml  Kazanc\u0131n\u0131z 705 tl.","og_url":"https:\/\/glomorprofessional.com\/shop\/urun\/procapil-biotin-sampuan-500ml-procapil-biotin-serum-60ml-set\/","og_site_name":"Glomor Professional","article_modified_time":"2026-03-02T18:16:59+00:00","og_image":[{"width":1024,"height":1024,"url":"https:\/\/glomorprofessional.com\/shop\/wp-content\/uploads\/2025\/10\/Gemini_Generated_Image_1aa02c1aa02c1aa0.png","type":"image\/png"}],"twitter_card":"summary_large_image","twitter_misc":{"Tahmini okuma s\u00fcresi":"2 dakika"},"schema":{"@context":"https:\/\/schema.org","@graph":[{"@type":"WebPage","@id":"https:\/\/glomorprofessional.com\/shop\/urun\/procapil-biotin-sampuan-500ml-procapil-biotin-serum-60ml-set\/","url":"https:\/\/glomorprofessional.com\/shop\/urun\/procapil-biotin-sampuan-500ml-procapil-biotin-serum-60ml-set\/","name":"Procapil Biotin \u015eampuan ve Procapil Biotin Serum Seti + El V\u00fccut Losyonu Hediye'li - Glomor Professional","isPartOf":{"@id":"https:\/\/glomorprofessional.com\/shop\/#website"},"datePublished":"2025-10-27T22:04:02+00:00","dateModified":"2026-03-02T18:16:59+00:00","breadcrumb":{"@id":"https:\/\/glomorprofessional.com\/shop\/urun\/procapil-biotin-sampuan-500ml-procapil-biotin-serum-60ml-set\/#breadcrumb"},"inLanguage":"tr","potentialAction":[{"@type":"ReadAction","target":["https:\/\/glomorprofessional.com\/shop\/urun\/procapil-biotin-sampuan-500ml-procapil-biotin-serum-60ml-set\/"]}]},{"@type":"BreadcrumbList","@id":"https:\/\/glomorprofessional.com\/shop\/urun\/procapil-biotin-sampuan-500ml-procapil-biotin-serum-60ml-set\/#breadcrumb","itemListElement":[{"@type":"ListItem","position":1,"name":"Anasayfa","item":"https:\/\/glomorprofessional.com\/shop\/"},{"@type":"ListItem","position":2,"name":"Ma\u011faza","item":"https:\/\/glomorprofessional.com\/shop\/"},{"@type":"ListItem","position":3,"name":"Procapil Biotin \u015eampuan ve Procapil Biotin Serum Seti + El V\u00fccut Losyonu Hediye&#8217;li"}]},{"@type":"WebSite","@id":"https:\/\/glomorprofessional.com\/shop\/#website","url":"https:\/\/glomorprofessional.com\/shop\/","name":"Glomor Professional","description":"Online Sat\u0131\u015f","potentialAction":[{"@type":"SearchAction","target":{"@type":"EntryPoint","urlTemplate":"https:\/\/glomorprofessional.com\/shop\/?s={search_term_string}"},"query-input":"required name=search_term_string"}],"inLanguage":"tr"}]}},"_links":{"self":[{"href":"https:\/\/glomorprofessional.com\/shop\/wp-json\/wp\/v2\/product\/279","targetHints":{"allow":["GET"]}}],"collection":[{"href":"https:\/\/glomorprofessional.com\/shop\/wp-json\/wp\/v2\/product"}],"about":[{"href":"https:\/\/glomorprofessional.com\/shop\/wp-json\/wp\/v2\/types\/product"}],"replies":[{"embeddable":true,"href":"https:\/\/glomorprofessional.com\/shop\/wp-json\/wp\/v2\/comments?post=279"}],"wp:featuredmedia":[{"embeddable":true,"href":"https:\/\/glomorprofessional.com\/shop\/wp-json\/wp\/v2\/media\/280"}],"wp:attachment":[{"href":"https:\/\/glomorprofessional.com\/shop\/wp-json\/wp\/v2\/media?parent=279"}],"wp:term":[{"taxonomy":"product_brand","embeddable":true,"href":"https:\/\/glomorprofessional.com\/shop\/wp-json\/wp\/v2\/product_brand?post=279"},{"taxonomy":"product_cat","embeddable":true,"href":"https:\/\/glomorprofessional.com\/shop\/wp-json\/wp\/v2\/product_cat?post=279"},{"taxonomy":"product_tag","embeddable":true,"href":"https:\/\/glomorprofessional.com\/shop\/wp-json\/wp\/v2\/product_tag?post=279"}],"curies":[{"name":"wp","href":"https:\/\/api.w.org\/{rel}","templated":true}]}}