{"id":263,"date":"2025-09-29T13:43:36","date_gmt":"2025-09-29T13:43:36","guid":{"rendered":"https:\/\/glomorprofessional.com\/shop\/?post_type=product&#038;p=263"},"modified":"2026-03-24T06:40:38","modified_gmt":"2026-03-24T06:40:38","slug":"ipek-proteini-collagen-plus-1000-ml-hediye-ipek-protein-sampuan-maske-set","status":"publish","type":"product","link":"https:\/\/glomorprofessional.com\/shop\/urun\/ipek-proteini-collagen-plus-1000-ml-hediye-ipek-protein-sampuan-maske-set\/","title":{"rendered":"\u0130pek Proteini Collagen Plus 1000 Ml + Hediye (\u0130pek Protein \u015eampuan + Maske Set)"},"content":{"rendered":"<h2>\u0130pek Proteini Kolajen Bak\u0131m 1000 ml<\/h2>\n<p>\u0130pek proteini, saf ipek kozalar\u0131ndan elde edilen yap\u0131land\u0131r\u0131c\u0131 ve koruyucu \u00f6zellikleri sayesinde, sa\u00e7lar\u0131m\u0131z i\u00e7in gerekli olan onar\u0131c\u0131 19 besleyici proteinin, 17\u2019sini i\u00e7erisin de bar\u0131nd\u0131ran bir bak\u0131m k\u00fcr\u00fcd\u00fcr.<\/p>\n<p>Sert, kuru, mat, i\u015flem g\u00f6rm\u00fc\u015f, y\u0131pranm\u0131\u015f ve kabaran problemli sa\u00e7larda \u00e7ok etkilidir. An\u0131nda etki g\u00f6sterir. Glomor \u0130pek Proteini Kolajen botoksu, i\u00e7eri\u011finde yo\u011fun olarak bulunan ( Fibroin ve Sericin ) proteinleri sayesinde sa\u00e7lar\u0131n\u0131z\u0131n MEDULLA k\u00f6k k\u0131sm\u0131ndan ba\u015flayarak, i\u00e7ten d\u0131\u015fa do\u011fru onar\u0131r, koruyucu tabaka olu\u015fturur.<\/p>\n<p>B\u00f6ylece sa\u00e7lar\u0131n\u0131z da k\u0131r\u0131k ve y\u0131pranmalar\u0131n tamamen \u00f6n\u00fcne ge\u00e7er. Sa\u00e7\u0131n\u0131z\u0131n yumu\u015fak, ipeksi ve parlak bir g\u00f6r\u00fcn\u00fcme kavu\u015fmas\u0131n\u0131 sa\u011flar. \u00d6zellikle r\u00f6fleli sa\u00e7larda memnuniyet oran\u0131 \u00e7ok y\u00fcksektir. Uygulama i\u015fleminden sonra adeta sa\u00e7\u0131n formunu zirveye ta\u015f\u0131yan bir \u00fcr\u00fcnd\u00fcr.<\/p>\n<h2 class=\"product_title entry-title\">\u0130pek Proteini \u015eampuan 500 ml<\/h2>\n<p>A\u015f\u0131r\u0131 y\u0131pranm\u0131\u015f sa\u00e7larda canland\u0131ran ve yeniden yap\u0131land\u0131ran etkisi vard\u0131r.<\/p>\n<p>Natural Hair Care Therapy Serisi \u0130pek Proteini \u015eampuan\u0131, i\u00e7eri\u011findeki ipek protein kompleksi sayesinde d\u0131\u015f etkenlere kar\u015f\u0131 y\u0131pranan sa\u00e7lara g\u00fc\u00e7 kazand\u0131r\u0131r.Sa\u00e7lar\u0131n\u0131z\u0131n daha parlak ve daha canl\u0131 g\u00f6r\u00fcnmesine yard\u0131mc\u0131 olur. Ayr\u0131ca tarama kolayl\u0131\u011f\u0131 sa\u011flad\u0131\u011f\u0131 i\u00e7in koparak d\u00f6k\u00fclmeleri azalt\u0131r.<\/p>\n<h2>\u0130pek Protein  Maske 500 ml<\/h2>\n<p>YIPRANMI\u015e SA\u00c7LAR \u0130\u00c7\u0130N KORUYUCU VE ONARICI SER\u0130S\u0130<\/p>\n<p>\u0130\u015flem g\u00f6rm\u00fc\u015f ve y\u0131pranm\u0131\u015f zaman i\u00e7erisinde hassasla\u015fm\u0131\u015f sa\u00e7 tipleri i\u00e7in \u00f6zel i\u00e7eri\u011fi sayesinde maksimum fayda sa\u011flar. Sa\u00e7ta y\u0131pranan ve protein ihtiyac\u0131 duyan sa\u00e7 tellerinde onar\u0131m i\u015flemi ba\u015flat\u0131r.<\/p>\n<p>Sa\u00e7\u0131 yumu\u015fatarak i\u015flemlerin vermi\u015f oldu\u011fu kurulu\u011fa kar\u015f\u0131 \u00e7\u00f6z\u00fcm sunar.K\u0131r\u0131lmas\u0131n\u0131 engeller. 4.2 pH de\u011feri ile sa\u00e7a bak\u0131m yapar.<\/p>\n","protected":false},"excerpt":{"rendered":"<ul>\n<li class=\"product_title entry-title\"><strong>\u0130pek Proteini Collagen Bak\u0131m 1000 ml<\/strong><\/li>\n<li><strong>\u0130pek Proteini \u015eampuan 500 ml<\/strong><\/li>\n<li class=\"product_title entry-title\"><strong>\u0130pek Proteini Maske 500ml<\/strong><\/li>\n<li class=\"product_title entry-title\"><strong>Kazanc\u0131n\u0131z 2255 tl.<\/strong><\/li>\n<\/ul>\n","protected":false},"featured_media":264,"comment_status":"open","ping_status":"closed","template":"","meta":[],"product_brand":[],"product_cat":[42,41,18],"product_tag":[],"class_list":{"0":"post-263","1":"product","2":"type-product","3":"status-publish","4":"has-post-thumbnail","6":"product_cat-avantajli-setler","7":"product_cat-cok-al-az-ode","8":"product_cat-urunler","10":"first","11":"instock","12":"sale","13":"shipping-taxable","14":"purchasable","15":"product-type-simple"},"yoast_head":"<!-- This site is optimized with the Yoast SEO Premium plugin v21.5 (Yoast SEO v21.5) - https:\/\/yoast.com\/wordpress\/plugins\/seo\/ -->\n<title>\u0130pek Proteini Collagen Plus 1000 Ml + Hediye (\u0130pek Protein \u015eampuan + Maske Set) - Glomor Professional<\/title>\n<meta name=\"robots\" content=\"index, follow, max-snippet:-1, max-image-preview:large, max-video-preview:-1\" \/>\n<link rel=\"canonical\" href=\"https:\/\/glomorprofessional.com\/shop\/urun\/ipek-proteini-collagen-plus-1000-ml-hediye-ipek-protein-sampuan-maske-set\/\" \/>\n<meta property=\"og:locale\" content=\"tr_TR\" \/>\n<meta property=\"og:type\" content=\"article\" \/>\n<meta property=\"og:title\" content=\"\u0130pek Proteini Collagen Plus 1000 Ml + Hediye (\u0130pek Protein \u015eampuan + Maske Set)\" \/>\n<meta property=\"og:description\" content=\"\u0130pek Proteini Collagen Bak\u0131m 1000 ml \u0130pek Proteini \u015eampuan 500 ml \u0130pek Proteini Maske 500ml Kazanc\u0131n\u0131z 2255 tl.\" \/>\n<meta property=\"og:url\" content=\"https:\/\/glomorprofessional.com\/shop\/urun\/ipek-proteini-collagen-plus-1000-ml-hediye-ipek-protein-sampuan-maske-set\/\" \/>\n<meta property=\"og:site_name\" content=\"Glomor Professional\" \/>\n<meta property=\"article:modified_time\" content=\"2026-03-24T06:40:38+00:00\" \/>\n<meta property=\"og:image\" content=\"https:\/\/glomorprofessional.com\/shop\/wp-content\/uploads\/2025\/09\/Gemini_Generated_Image_y5j6fby5j6fby5j6-e1759153401610.png\" \/>\n\t<meta property=\"og:image:width\" content=\"608\" \/>\n\t<meta property=\"og:image:height\" content=\"777\" \/>\n\t<meta property=\"og:image:type\" content=\"image\/png\" \/>\n<meta name=\"twitter:card\" content=\"summary_large_image\" \/>\n<meta name=\"twitter:label1\" content=\"Tahmini okuma s\u00fcresi\" \/>\n\t<meta name=\"twitter:data1\" content=\"2 dakika\" \/>\n<script type=\"application\/ld+json\" class=\"yoast-schema-graph\">{\"@context\":\"https:\/\/schema.org\",\"@graph\":[{\"@type\":\"WebPage\",\"@id\":\"https:\/\/glomorprofessional.com\/shop\/urun\/ipek-proteini-collagen-plus-1000-ml-hediye-ipek-protein-sampuan-maske-set\/\",\"url\":\"https:\/\/glomorprofessional.com\/shop\/urun\/ipek-proteini-collagen-plus-1000-ml-hediye-ipek-protein-sampuan-maske-set\/\",\"name\":\"\u0130pek Proteini Collagen Plus 1000 Ml + Hediye (\u0130pek Protein \u015eampuan + Maske Set) - Glomor Professional\",\"isPartOf\":{\"@id\":\"https:\/\/glomorprofessional.com\/shop\/#website\"},\"datePublished\":\"2025-09-29T13:43:36+00:00\",\"dateModified\":\"2026-03-24T06:40:38+00:00\",\"breadcrumb\":{\"@id\":\"https:\/\/glomorprofessional.com\/shop\/urun\/ipek-proteini-collagen-plus-1000-ml-hediye-ipek-protein-sampuan-maske-set\/#breadcrumb\"},\"inLanguage\":\"tr\",\"potentialAction\":[{\"@type\":\"ReadAction\",\"target\":[\"https:\/\/glomorprofessional.com\/shop\/urun\/ipek-proteini-collagen-plus-1000-ml-hediye-ipek-protein-sampuan-maske-set\/\"]}]},{\"@type\":\"BreadcrumbList\",\"@id\":\"https:\/\/glomorprofessional.com\/shop\/urun\/ipek-proteini-collagen-plus-1000-ml-hediye-ipek-protein-sampuan-maske-set\/#breadcrumb\",\"itemListElement\":[{\"@type\":\"ListItem\",\"position\":1,\"name\":\"Anasayfa\",\"item\":\"https:\/\/glomorprofessional.com\/shop\/\"},{\"@type\":\"ListItem\",\"position\":2,\"name\":\"Ma\u011faza\",\"item\":\"https:\/\/glomorprofessional.com\/shop\/\"},{\"@type\":\"ListItem\",\"position\":3,\"name\":\"\u0130pek Proteini Collagen Plus 1000 Ml + Hediye (\u0130pek Protein \u015eampuan + Maske Set)\"}]},{\"@type\":\"WebSite\",\"@id\":\"https:\/\/glomorprofessional.com\/shop\/#website\",\"url\":\"https:\/\/glomorprofessional.com\/shop\/\",\"name\":\"Glomor Professional\",\"description\":\"Online Sat\u0131\u015f\",\"potentialAction\":[{\"@type\":\"SearchAction\",\"target\":{\"@type\":\"EntryPoint\",\"urlTemplate\":\"https:\/\/glomorprofessional.com\/shop\/?s={search_term_string}\"},\"query-input\":\"required name=search_term_string\"}],\"inLanguage\":\"tr\"}]}<\/script>\n<!-- \/ Yoast SEO Premium plugin. -->","yoast_head_json":{"title":"\u0130pek Proteini Collagen Plus 1000 Ml + Hediye (\u0130pek Protein \u015eampuan + Maske Set) - Glomor Professional","robots":{"index":"index","follow":"follow","max-snippet":"max-snippet:-1","max-image-preview":"max-image-preview:large","max-video-preview":"max-video-preview:-1"},"canonical":"https:\/\/glomorprofessional.com\/shop\/urun\/ipek-proteini-collagen-plus-1000-ml-hediye-ipek-protein-sampuan-maske-set\/","og_locale":"tr_TR","og_type":"article","og_title":"\u0130pek Proteini Collagen Plus 1000 Ml + Hediye (\u0130pek Protein \u015eampuan + Maske Set)","og_description":"\u0130pek Proteini Collagen Bak\u0131m 1000 ml \u0130pek Proteini \u015eampuan 500 ml \u0130pek Proteini Maske 500ml Kazanc\u0131n\u0131z 2255 tl.","og_url":"https:\/\/glomorprofessional.com\/shop\/urun\/ipek-proteini-collagen-plus-1000-ml-hediye-ipek-protein-sampuan-maske-set\/","og_site_name":"Glomor Professional","article_modified_time":"2026-03-24T06:40:38+00:00","og_image":[{"width":608,"height":777,"url":"https:\/\/glomorprofessional.com\/shop\/wp-content\/uploads\/2025\/09\/Gemini_Generated_Image_y5j6fby5j6fby5j6-e1759153401610.png","type":"image\/png"}],"twitter_card":"summary_large_image","twitter_misc":{"Tahmini okuma s\u00fcresi":"2 dakika"},"schema":{"@context":"https:\/\/schema.org","@graph":[{"@type":"WebPage","@id":"https:\/\/glomorprofessional.com\/shop\/urun\/ipek-proteini-collagen-plus-1000-ml-hediye-ipek-protein-sampuan-maske-set\/","url":"https:\/\/glomorprofessional.com\/shop\/urun\/ipek-proteini-collagen-plus-1000-ml-hediye-ipek-protein-sampuan-maske-set\/","name":"\u0130pek Proteini Collagen Plus 1000 Ml + Hediye (\u0130pek Protein \u015eampuan + Maske Set) - Glomor Professional","isPartOf":{"@id":"https:\/\/glomorprofessional.com\/shop\/#website"},"datePublished":"2025-09-29T13:43:36+00:00","dateModified":"2026-03-24T06:40:38+00:00","breadcrumb":{"@id":"https:\/\/glomorprofessional.com\/shop\/urun\/ipek-proteini-collagen-plus-1000-ml-hediye-ipek-protein-sampuan-maske-set\/#breadcrumb"},"inLanguage":"tr","potentialAction":[{"@type":"ReadAction","target":["https:\/\/glomorprofessional.com\/shop\/urun\/ipek-proteini-collagen-plus-1000-ml-hediye-ipek-protein-sampuan-maske-set\/"]}]},{"@type":"BreadcrumbList","@id":"https:\/\/glomorprofessional.com\/shop\/urun\/ipek-proteini-collagen-plus-1000-ml-hediye-ipek-protein-sampuan-maske-set\/#breadcrumb","itemListElement":[{"@type":"ListItem","position":1,"name":"Anasayfa","item":"https:\/\/glomorprofessional.com\/shop\/"},{"@type":"ListItem","position":2,"name":"Ma\u011faza","item":"https:\/\/glomorprofessional.com\/shop\/"},{"@type":"ListItem","position":3,"name":"\u0130pek Proteini Collagen Plus 1000 Ml + Hediye (\u0130pek Protein \u015eampuan + Maske Set)"}]},{"@type":"WebSite","@id":"https:\/\/glomorprofessional.com\/shop\/#website","url":"https:\/\/glomorprofessional.com\/shop\/","name":"Glomor Professional","description":"Online Sat\u0131\u015f","potentialAction":[{"@type":"SearchAction","target":{"@type":"EntryPoint","urlTemplate":"https:\/\/glomorprofessional.com\/shop\/?s={search_term_string}"},"query-input":"required name=search_term_string"}],"inLanguage":"tr"}]}},"_links":{"self":[{"href":"https:\/\/glomorprofessional.com\/shop\/wp-json\/wp\/v2\/product\/263","targetHints":{"allow":["GET"]}}],"collection":[{"href":"https:\/\/glomorprofessional.com\/shop\/wp-json\/wp\/v2\/product"}],"about":[{"href":"https:\/\/glomorprofessional.com\/shop\/wp-json\/wp\/v2\/types\/product"}],"replies":[{"embeddable":true,"href":"https:\/\/glomorprofessional.com\/shop\/wp-json\/wp\/v2\/comments?post=263"}],"wp:featuredmedia":[{"embeddable":true,"href":"https:\/\/glomorprofessional.com\/shop\/wp-json\/wp\/v2\/media\/264"}],"wp:attachment":[{"href":"https:\/\/glomorprofessional.com\/shop\/wp-json\/wp\/v2\/media?parent=263"}],"wp:term":[{"taxonomy":"product_brand","embeddable":true,"href":"https:\/\/glomorprofessional.com\/shop\/wp-json\/wp\/v2\/product_brand?post=263"},{"taxonomy":"product_cat","embeddable":true,"href":"https:\/\/glomorprofessional.com\/shop\/wp-json\/wp\/v2\/product_cat?post=263"},{"taxonomy":"product_tag","embeddable":true,"href":"https:\/\/glomorprofessional.com\/shop\/wp-json\/wp\/v2\/product_tag?post=263"}],"curies":[{"name":"wp","href":"https:\/\/api.w.org\/{rel}","templated":true}]}}