{"id":193,"date":"2025-01-29T19:48:24","date_gmt":"2025-01-29T19:48:24","guid":{"rendered":"https:\/\/www.glomorprofessional.com\/shop\/?post_type=product&#038;p=193"},"modified":"2026-03-23T20:03:44","modified_gmt":"2026-03-23T20:03:44","slug":"glomor-collagen-brazilian-treatment-straightener-ipek-proteinli-kolajen-sac-bakim-ve-duzlestirici-kremi","status":"publish","type":"product","link":"https:\/\/glomorprofessional.com\/shop\/urun\/glomor-collagen-brazilian-treatment-straightener-ipek-proteinli-kolajen-sac-bakim-ve-duzlestirici-kremi\/","title":{"rendered":"GLOMOR Collagen Brazilian Treatment Straightener \u0130pek Proteinli Kolajen Sa\u00e7 Bak\u0131m ve D\u00fczle\u015ftirici + Hair Treatment \u015eampuan ve Hair Treatment Maske Hediye&#8217;li"},"content":{"rendered":"<p>Is\u0131 ile aktive olarak sa\u00e7ta, k\u00fctik\u00fcllerin onar\u0131lmas\u0131na, i\u00e7tend\u0131\u015fa do\u011fru kaplayarak, d\u00fczelmesine ve koruma alt\u0131na al\u0131nmas\u0131na destek olur.<\/p>\n<p>\u00d6zel ya\u011f terapisi i\u00e7eri\u011fi sayesinde, sa\u00e7lara\u0131\u015f\u0131lt\u0131l\u0131 do\u011fal bir g\u00f6r\u00fcn\u00fcm kazand\u0131r\u0131r.<\/p>\n<p>&nbsp;<\/p>\n<p>&nbsp;<\/p>\n<p>Uygulama yap\u0131lacak olan sa\u00e7\u0131 \u00f6ncelikle \u00fcr\u00fcn\u00fcn no:1 \u015fampuan\u0131 ile 2 defa y\u0131kay\u0131n\u0131z. Y\u0131kama i\u015flemi sonras\u0131 sa\u00e7\u0131 tamamen f\u00f6n makinesi ile kurutunuz.<\/p>\n<p>Sa\u00e7\u0131 yo\u011funlu\u011funa g\u00f6re ince tutamlar halinde ay\u0131r\u0131n\u0131z. Yeterli miktar \u00fcr\u00fcn\u00fc sa\u00e7 u\u00e7lar\u0131ndanba\u015flayarak,enseye kadar friksiyon yaparak, sa\u00e7 derisine temasettirmeden, yar\u0131m cm a\u015fa\u011f\u0131dan uygulay\u0131n\u0131z. Bu uygulama i\u015flemini t\u00fcm sa\u00e7a \u00fcr\u00fcn yedirilinceye kadar devam ediniz.<\/p>\n<p>&nbsp;<\/p>\n<p>S\u00fcrme ve tarama i\u015flemi bittikten sonra \u00fcr\u00fcn\u00fc sa\u00e7ta 15-20dakika bekletiniz.<br \/>\nSonras\u0131nda sa\u00e7\u0131 kurutularak ense k\u0131sm\u0131ndan ba\u015flayarak 230 derecelik titanyum pres makinesi ile ince tutamlarhalinde 5-6 defa 230 derece pres yap\u0131n\u0131z. E\u011fer sa\u00e7 r\u00f6fleli veya \u00f6ncesinde y\u0131pranm\u0131\u015f bir sa\u00e7 ise pres derecesini 180-200 dereceye d\u00fc\u015f\u00fcrerek sa\u00e7 tutam\u0131na uygulad\u0131\u011f\u0131n\u0131z pres say\u0131s\u0131n\u0131 art\u0131r\u0131n\u0131z.<\/p>\n","protected":false},"excerpt":{"rendered":"<p>Is\u0131 ile aktive olarak sa\u00e7ta, k\u00fctik\u00fcllerin onar\u0131lmas\u0131na, i\u00e7tend\u0131\u015fa do\u011fru kaplayarak, d\u00fczelmesine ve koruma alt\u0131na al\u0131nmas\u0131na destek olur. \u00d6zel ya\u011f terapisi i\u00e7eri\u011fi sayesinde, sa\u00e7lara\u0131\u015f\u0131lt\u0131l\u0131 do\u011fal bir g\u00f6r\u00fcn\u00fcm kazand\u0131r\u0131r. &nbsp; &nbsp; Uygulama yap\u0131lacak olan sa\u00e7\u0131 \u00f6ncelikle \u00fcr\u00fcn\u00fcn no:1 \u015fampuan\u0131 ile 2 defa y\u0131kay\u0131n\u0131z. Y\u0131kama i\u015flemi sonras\u0131 sa\u00e7\u0131 tamamen f\u00f6n makinesi ile kurutunuz. Sa\u00e7\u0131 yo\u011funlu\u011funa g\u00f6re ince tutamlar&hellip;<\/p>\n","protected":false},"featured_media":292,"comment_status":"open","ping_status":"closed","template":"","meta":[],"product_brand":[],"product_cat":[18],"product_tag":[],"class_list":{"0":"post-193","1":"product","2":"type-product","3":"status-publish","4":"has-post-thumbnail","6":"product_cat-urunler","8":"first","9":"instock","10":"sale","11":"shipping-taxable","12":"purchasable","13":"product-type-simple"},"yoast_head":"<!-- This site is optimized with the Yoast SEO Premium plugin v21.5 (Yoast SEO v21.5) - https:\/\/yoast.com\/wordpress\/plugins\/seo\/ -->\n<title>GLOMOR Collagen Brazilian Treatment Straightener \u0130pek Proteinli Kolajen Sa\u00e7 Bak\u0131m ve D\u00fczle\u015ftirici + Hair Treatment \u015eampuan ve Hair Treatment Maske Hediye&#039;li - Glomor Professional<\/title>\n<meta name=\"description\" content=\"Is\u0131 ile aktive olarak sa\u00e7ta, k\u00fctik\u00fcllerin onar\u0131lmas\u0131na, i\u00e7tend\u0131\u015fa do\u011fru kaplayarak, d\u00fczelmesine ve koruma alt\u0131na al\u0131nmas\u0131na destek olur.\" \/>\n<meta name=\"robots\" content=\"index, follow, max-snippet:-1, max-image-preview:large, max-video-preview:-1\" \/>\n<link rel=\"canonical\" href=\"https:\/\/glomorprofessional.com\/shop\/urun\/glomor-collagen-brazilian-treatment-straightener-ipek-proteinli-kolajen-sac-bakim-ve-duzlestirici-kremi\/\" \/>\n<meta property=\"og:locale\" content=\"tr_TR\" \/>\n<meta property=\"og:type\" content=\"article\" \/>\n<meta property=\"og:title\" content=\"GLOMOR Collagen Brazilian Treatment Straightener \u0130pek Proteinli Kolajen Sa\u00e7 Bak\u0131m ve D\u00fczle\u015ftirici + Hair Treatment \u015eampuan ve Hair Treatment Maske Hediye&#039;li\" \/>\n<meta property=\"og:description\" content=\"Is\u0131 ile aktive olarak sa\u00e7ta, k\u00fctik\u00fcllerin onar\u0131lmas\u0131na, i\u00e7tend\u0131\u015fa do\u011fru kaplayarak, d\u00fczelmesine ve koruma alt\u0131na al\u0131nmas\u0131na destek olur.\" \/>\n<meta property=\"og:url\" content=\"https:\/\/glomorprofessional.com\/shop\/urun\/glomor-collagen-brazilian-treatment-straightener-ipek-proteinli-kolajen-sac-bakim-ve-duzlestirici-kremi\/\" \/>\n<meta property=\"og:site_name\" content=\"Glomor Professional\" \/>\n<meta property=\"article:modified_time\" content=\"2026-03-23T20:03:44+00:00\" \/>\n<meta property=\"og:image\" content=\"https:\/\/glomorprofessional.com\/shop\/wp-content\/uploads\/2025\/01\/20250829_0611_Product-Studio-Photograph_remix_01k3sww69yffgssqhq8kjjnp3k.png\" \/>\n\t<meta property=\"og:image:width\" content=\"1024\" \/>\n\t<meta property=\"og:image:height\" content=\"1024\" \/>\n\t<meta property=\"og:image:type\" content=\"image\/png\" \/>\n<meta name=\"twitter:card\" content=\"summary_large_image\" \/>\n<meta name=\"twitter:label1\" content=\"Tahmini okuma s\u00fcresi\" \/>\n\t<meta name=\"twitter:data1\" content=\"1 dakika\" \/>\n<script type=\"application\/ld+json\" class=\"yoast-schema-graph\">{\"@context\":\"https:\/\/schema.org\",\"@graph\":[{\"@type\":\"WebPage\",\"@id\":\"https:\/\/glomorprofessional.com\/shop\/urun\/glomor-collagen-brazilian-treatment-straightener-ipek-proteinli-kolajen-sac-bakim-ve-duzlestirici-kremi\/\",\"url\":\"https:\/\/glomorprofessional.com\/shop\/urun\/glomor-collagen-brazilian-treatment-straightener-ipek-proteinli-kolajen-sac-bakim-ve-duzlestirici-kremi\/\",\"name\":\"GLOMOR Collagen Brazilian Treatment Straightener \u0130pek Proteinli Kolajen Sa\u00e7 Bak\u0131m ve D\u00fczle\u015ftirici + Hair Treatment \u015eampuan ve Hair Treatment Maske Hediye'li - Glomor Professional\",\"isPartOf\":{\"@id\":\"https:\/\/glomorprofessional.com\/shop\/#website\"},\"datePublished\":\"2025-01-29T19:48:24+00:00\",\"dateModified\":\"2026-03-23T20:03:44+00:00\",\"description\":\"Is\u0131 ile aktive olarak sa\u00e7ta, k\u00fctik\u00fcllerin onar\u0131lmas\u0131na, i\u00e7tend\u0131\u015fa do\u011fru kaplayarak, d\u00fczelmesine ve koruma alt\u0131na al\u0131nmas\u0131na destek olur.\",\"breadcrumb\":{\"@id\":\"https:\/\/glomorprofessional.com\/shop\/urun\/glomor-collagen-brazilian-treatment-straightener-ipek-proteinli-kolajen-sac-bakim-ve-duzlestirici-kremi\/#breadcrumb\"},\"inLanguage\":\"tr\",\"potentialAction\":[{\"@type\":\"ReadAction\",\"target\":[\"https:\/\/glomorprofessional.com\/shop\/urun\/glomor-collagen-brazilian-treatment-straightener-ipek-proteinli-kolajen-sac-bakim-ve-duzlestirici-kremi\/\"]}]},{\"@type\":\"BreadcrumbList\",\"@id\":\"https:\/\/glomorprofessional.com\/shop\/urun\/glomor-collagen-brazilian-treatment-straightener-ipek-proteinli-kolajen-sac-bakim-ve-duzlestirici-kremi\/#breadcrumb\",\"itemListElement\":[{\"@type\":\"ListItem\",\"position\":1,\"name\":\"Anasayfa\",\"item\":\"https:\/\/glomorprofessional.com\/shop\/\"},{\"@type\":\"ListItem\",\"position\":2,\"name\":\"Ma\u011faza\",\"item\":\"https:\/\/glomorprofessional.com\/shop\/\"},{\"@type\":\"ListItem\",\"position\":3,\"name\":\"GLOMOR Collagen Brazilian Treatment Straightener \u0130pek Proteinli Kolajen Sa\u00e7 Bak\u0131m ve D\u00fczle\u015ftirici + Hair Treatment \u015eampuan ve Hair Treatment Maske Hediye&#8217;li\"}]},{\"@type\":\"WebSite\",\"@id\":\"https:\/\/glomorprofessional.com\/shop\/#website\",\"url\":\"https:\/\/glomorprofessional.com\/shop\/\",\"name\":\"Glomor Professional\",\"description\":\"Online Sat\u0131\u015f\",\"potentialAction\":[{\"@type\":\"SearchAction\",\"target\":{\"@type\":\"EntryPoint\",\"urlTemplate\":\"https:\/\/glomorprofessional.com\/shop\/?s={search_term_string}\"},\"query-input\":\"required name=search_term_string\"}],\"inLanguage\":\"tr\"}]}<\/script>\n<!-- \/ Yoast SEO Premium plugin. -->","yoast_head_json":{"title":"GLOMOR Collagen Brazilian Treatment Straightener \u0130pek Proteinli Kolajen Sa\u00e7 Bak\u0131m ve D\u00fczle\u015ftirici + Hair Treatment \u015eampuan ve Hair Treatment Maske Hediye'li - Glomor Professional","description":"Is\u0131 ile aktive olarak sa\u00e7ta, k\u00fctik\u00fcllerin onar\u0131lmas\u0131na, i\u00e7tend\u0131\u015fa do\u011fru kaplayarak, d\u00fczelmesine ve koruma alt\u0131na al\u0131nmas\u0131na destek olur.","robots":{"index":"index","follow":"follow","max-snippet":"max-snippet:-1","max-image-preview":"max-image-preview:large","max-video-preview":"max-video-preview:-1"},"canonical":"https:\/\/glomorprofessional.com\/shop\/urun\/glomor-collagen-brazilian-treatment-straightener-ipek-proteinli-kolajen-sac-bakim-ve-duzlestirici-kremi\/","og_locale":"tr_TR","og_type":"article","og_title":"GLOMOR Collagen Brazilian Treatment Straightener \u0130pek Proteinli Kolajen Sa\u00e7 Bak\u0131m ve D\u00fczle\u015ftirici + Hair Treatment \u015eampuan ve Hair Treatment Maske Hediye'li","og_description":"Is\u0131 ile aktive olarak sa\u00e7ta, k\u00fctik\u00fcllerin onar\u0131lmas\u0131na, i\u00e7tend\u0131\u015fa do\u011fru kaplayarak, d\u00fczelmesine ve koruma alt\u0131na al\u0131nmas\u0131na destek olur.","og_url":"https:\/\/glomorprofessional.com\/shop\/urun\/glomor-collagen-brazilian-treatment-straightener-ipek-proteinli-kolajen-sac-bakim-ve-duzlestirici-kremi\/","og_site_name":"Glomor Professional","article_modified_time":"2026-03-23T20:03:44+00:00","og_image":[{"width":1024,"height":1024,"url":"https:\/\/glomorprofessional.com\/shop\/wp-content\/uploads\/2025\/01\/20250829_0611_Product-Studio-Photograph_remix_01k3sww69yffgssqhq8kjjnp3k.png","type":"image\/png"}],"twitter_card":"summary_large_image","twitter_misc":{"Tahmini okuma s\u00fcresi":"1 dakika"},"schema":{"@context":"https:\/\/schema.org","@graph":[{"@type":"WebPage","@id":"https:\/\/glomorprofessional.com\/shop\/urun\/glomor-collagen-brazilian-treatment-straightener-ipek-proteinli-kolajen-sac-bakim-ve-duzlestirici-kremi\/","url":"https:\/\/glomorprofessional.com\/shop\/urun\/glomor-collagen-brazilian-treatment-straightener-ipek-proteinli-kolajen-sac-bakim-ve-duzlestirici-kremi\/","name":"GLOMOR Collagen Brazilian Treatment Straightener \u0130pek Proteinli Kolajen Sa\u00e7 Bak\u0131m ve D\u00fczle\u015ftirici + Hair Treatment \u015eampuan ve Hair Treatment Maske Hediye'li - Glomor Professional","isPartOf":{"@id":"https:\/\/glomorprofessional.com\/shop\/#website"},"datePublished":"2025-01-29T19:48:24+00:00","dateModified":"2026-03-23T20:03:44+00:00","description":"Is\u0131 ile aktive olarak sa\u00e7ta, k\u00fctik\u00fcllerin onar\u0131lmas\u0131na, i\u00e7tend\u0131\u015fa do\u011fru kaplayarak, d\u00fczelmesine ve koruma alt\u0131na al\u0131nmas\u0131na destek olur.","breadcrumb":{"@id":"https:\/\/glomorprofessional.com\/shop\/urun\/glomor-collagen-brazilian-treatment-straightener-ipek-proteinli-kolajen-sac-bakim-ve-duzlestirici-kremi\/#breadcrumb"},"inLanguage":"tr","potentialAction":[{"@type":"ReadAction","target":["https:\/\/glomorprofessional.com\/shop\/urun\/glomor-collagen-brazilian-treatment-straightener-ipek-proteinli-kolajen-sac-bakim-ve-duzlestirici-kremi\/"]}]},{"@type":"BreadcrumbList","@id":"https:\/\/glomorprofessional.com\/shop\/urun\/glomor-collagen-brazilian-treatment-straightener-ipek-proteinli-kolajen-sac-bakim-ve-duzlestirici-kremi\/#breadcrumb","itemListElement":[{"@type":"ListItem","position":1,"name":"Anasayfa","item":"https:\/\/glomorprofessional.com\/shop\/"},{"@type":"ListItem","position":2,"name":"Ma\u011faza","item":"https:\/\/glomorprofessional.com\/shop\/"},{"@type":"ListItem","position":3,"name":"GLOMOR Collagen Brazilian Treatment Straightener \u0130pek Proteinli Kolajen Sa\u00e7 Bak\u0131m ve D\u00fczle\u015ftirici + Hair Treatment \u015eampuan ve Hair Treatment Maske Hediye&#8217;li"}]},{"@type":"WebSite","@id":"https:\/\/glomorprofessional.com\/shop\/#website","url":"https:\/\/glomorprofessional.com\/shop\/","name":"Glomor Professional","description":"Online Sat\u0131\u015f","potentialAction":[{"@type":"SearchAction","target":{"@type":"EntryPoint","urlTemplate":"https:\/\/glomorprofessional.com\/shop\/?s={search_term_string}"},"query-input":"required name=search_term_string"}],"inLanguage":"tr"}]}},"_links":{"self":[{"href":"https:\/\/glomorprofessional.com\/shop\/wp-json\/wp\/v2\/product\/193","targetHints":{"allow":["GET"]}}],"collection":[{"href":"https:\/\/glomorprofessional.com\/shop\/wp-json\/wp\/v2\/product"}],"about":[{"href":"https:\/\/glomorprofessional.com\/shop\/wp-json\/wp\/v2\/types\/product"}],"replies":[{"embeddable":true,"href":"https:\/\/glomorprofessional.com\/shop\/wp-json\/wp\/v2\/comments?post=193"}],"wp:featuredmedia":[{"embeddable":true,"href":"https:\/\/glomorprofessional.com\/shop\/wp-json\/wp\/v2\/media\/292"}],"wp:attachment":[{"href":"https:\/\/glomorprofessional.com\/shop\/wp-json\/wp\/v2\/media?parent=193"}],"wp:term":[{"taxonomy":"product_brand","embeddable":true,"href":"https:\/\/glomorprofessional.com\/shop\/wp-json\/wp\/v2\/product_brand?post=193"},{"taxonomy":"product_cat","embeddable":true,"href":"https:\/\/glomorprofessional.com\/shop\/wp-json\/wp\/v2\/product_cat?post=193"},{"taxonomy":"product_tag","embeddable":true,"href":"https:\/\/glomorprofessional.com\/shop\/wp-json\/wp\/v2\/product_tag?post=193"}],"curies":[{"name":"wp","href":"https:\/\/api.w.org\/{rel}","templated":true}]}}