{"id":172,"date":"2024-07-25T18:24:49","date_gmt":"2024-07-25T18:24:49","guid":{"rendered":"https:\/\/www.glomorprofessional.com\/shop\/?post_type=product&#038;p=172"},"modified":"2026-04-07T06:14:52","modified_gmt":"2026-04-07T06:14:52","slug":"glomor-yuksek-performans-icerikli-tozumayan-white-beyaz-sac-acici-500-gr","status":"publish","type":"product","link":"https:\/\/glomorprofessional.com\/shop\/urun\/glomor-yuksek-performans-icerikli-tozumayan-white-beyaz-sac-acici-500-gr\/","title":{"rendered":"GLOMOR Y\u00fcksek Performans I\u00e7erikli Tozumayan White-beyaz Sa\u00e7 A\u00e7\u0131c\u0131 (500 GR.)"},"content":{"rendered":"<ul class=\"detail-desc-list\">\n<li>Beyaz toz a\u00e7\u0131c\u0131 \u00f6zellikleri y\u00fcksek performansl\u0131 beyaz a\u00e7\u0131c\u0131 sa\u00e7\u0131 y\u0131pratmadan sa\u00e7\u0131n 9tona kadar a\u00e7\u0131lmas\u0131n\u0131 yard\u0131mc\u0131 olur. T\u00fcm renk a\u00e7ma i\u015flemleri i\u00e7in uygundur.Tozumayan form\u00fcl\u00fc ile kullan\u0131m\u0131 kolayd\u0131r. Kremsi yap\u0131s\u0131 ile s\u00fcr\u00fcm kolayl\u0131\u011f\u0131sa\u011flar. Kullan\u0131m esnas\u0131nda akma, ta\u015fma, k\u00f6p\u00fcrme topaklanma yapmaz. Kullan\u0131mkolayl\u0131\u011f\u0131 sa\u011flar. Do\u011fal veya boyal\u0131 t\u00fcm sa\u00e7 tipleri i\u00e7in uygundur. Profesyonelkullan\u0131m i\u00e7in tasarlanm\u0131\u015ft\u0131r. Beyaz toz a\u00e7\u0131c\u0131 oksidan se\u00e7imi 10-20 vol : Sa\u00e7 derisindeki uygulamalar ve dip a\u00e7malardakullan\u0131lmal\u0131d\u0131r. 30-40 vol : Deriye temas etmeyen sa\u00e7 a\u00e7ma uygulamalar\u0131nda istenilen a\u00e7maderecesine g\u00f6re tercih edilir. Beyaz toz a\u00e7\u0131c\u0131 haz\u0131rlama ve kullan\u0131m\u0131 kar\u0131\u015f\u0131m oran\u0131 1:1,5 ve 1:2 aras\u0131nda, istenilen a\u00e7mayo\u011funlu\u011funa g\u00f6re de\u011fi\u015fmektedir. \u00d6rne\u011fin 30 g a\u00e7\u0131c\u0131 i\u00e7in 45-60 ml aras\u0131 oksidan\u00fcr\u00fcn kullan\u0131m\u0131 uygundur. Istenen k\u0131vam\u0131 sa\u011flayabilmek i\u00e7in kar\u0131\u015f\u0131m\u0131, metalolmayan bir kap i\u00e7erisinde haz\u0131rlay\u0131n. Kar\u0131\u015f\u0131m\u0131 kuru ve y\u0131kanmam\u0131\u015f sa\u00e7a e\u015fit\u015fekilde uygulay\u0131n. Istenilen a\u00e7ma derecesine ba\u011fl\u0131 olarak \u00fcr\u00fcn\u00fc sa\u00e7ta maksimum35 dakika bekletin. Bekleme s\u0131ras\u0131nda sa\u00e7\u0131 s\u00fcrekli kontrol edin. Bekleme s\u00fcresisonras\u0131 sa\u00e7\u0131 bol su ile iyice durulay\u0131n. Beyaz toz a\u00e7\u0131c\u0131 muhafaza ve uyar\u0131 kuru, serin ve rutubetsiz ortamda muhafaza ediniz. \u00dcr\u00fcn\u00fchaz\u0131rlama ve uygulama a\u015famas\u0131nda uygun bir eldiven kullan\u0131n. I\u015flem s\u0131ras\u0131ndametal boya tas\u0131, f\u0131r\u00e7a, tarak, klips vs. Kullanmay\u0131n. Hassas veya tahri\u015f olmu\u015fkafa derisine \u00fcr\u00fcn\u00fc uygulamay\u0131n. \u00dcr\u00fcn\u00fc havaland\u0131r\u0131labilen bir ortamda kullan\u0131n.\u00dcr\u00fcn sadece sa\u00e7 i\u00e7in tasarlanm\u0131\u015ft\u0131r, sa\u00e7 derisinde yanma, ka\u015f\u0131nt\u0131 gibidurumlarda \u00fcr\u00fcn\u00fc derhal kullanmay\u0131 b\u0131rak\u0131n ve sa\u00e7\u0131 \u0131l\u0131k su ile y\u0131kay\u0131n. \u00dcr\u00fcn\u00fcn g\u00f6z ve ciltle temas\u0131ndan ka\u00e7\u0131n\u0131n, temas halinde bol su ile y\u0131kay\u0131n.\u00dcr\u00fcn\u00fc kullanmadan 1 hafta \u00f6nce veya sonra perma yapt\u0131rmay\u0131n. \u00dcr\u00fcn\u00fc kullanmadan\u00f6nce mutlaka alerji testi yap\u0131n: Alerji testi, \u00e7ok az miktardaki a\u00e7\u0131c\u0131 veoksidan kar\u0131\u015f\u0131m\u0131 dirse\u011fin i\u00e7 k\u0131sm\u0131na,1 cm\u2019lik alana s\u00fcr\u00fclerek yap\u0131l\u0131r. Derid\u00f6k\u00fcnt\u00fcs\u00fc, k\u0131zar\u0131kl\u0131k, ka\u015f\u0131nt\u0131 veya yanma durumunda derhal durulay\u0131n ve \u00fcr\u00fcn\u00fc kullanmay\u0131n.<\/li>\n<\/ul>\n","protected":false},"excerpt":{"rendered":"<p>GLOMOR Y\u00fcksek Performans \u0130\u00e7erikli Tozumayan White-Beyaz Sa\u00e7 A\u00e7\u0131c\u0131 (500 Gr.) ile sa\u00e7lar\u0131n\u0131z\u0131 g\u00fcvenle a\u00e7\u0131n. Tozumayan form\u00fcl\u00fc sayesinde etkili ve e\u015fit a\u00e7ma sa\u011flar. Parlak, sa\u011fl\u0131kl\u0131 ve g\u00fc\u00e7l\u00fc sa\u00e7lar i\u00e7in idealdir.<\/p>\n","protected":false},"featured_media":173,"comment_status":"open","ping_status":"closed","template":"","meta":[],"product_brand":[],"product_cat":[18],"product_tag":[20,34,29,25,32,26,35,33,31,30,23,38,37],"class_list":{"0":"post-172","1":"product","2":"type-product","3":"status-publish","4":"has-post-thumbnail","6":"product_cat-urunler","7":"product_tag-glomor","8":"product_tag-guclu-saclar","9":"product_tag-parlak-saclar","10":"product_tag-sac-acici","11":"product_tag-sac-acici-500-gr","12":"product_tag-sac-bakimi","13":"product_tag-sac-koruyucu","14":"product_tag-sac-renk-acici","15":"product_tag-sac-urunleri","16":"product_tag-saglikli-saclar","17":"product_tag-tozumayan","18":"product_tag-white-beyaz-sac-acici","19":"product_tag-yuksek-performans","21":"first","22":"instock","23":"shipping-taxable","24":"purchasable","25":"product-type-simple"},"yoast_head":"<!-- This site is optimized with the Yoast SEO Premium plugin v21.5 (Yoast SEO v21.5) - https:\/\/yoast.com\/wordpress\/plugins\/seo\/ -->\n<title>GLOMOR Y\u00fcksek Performans I\u00e7erikli Tozumayan White-beyaz Sa\u00e7 A\u00e7\u0131c\u0131 (500 GR.) - Glomor Professional<\/title>\n<meta name=\"description\" content=\"GLOMOR Y\u00fcksek Performans \u0130\u00e7erikli Tozumayan White-Beyaz Sa\u00e7 A\u00e7\u0131c\u0131 (500 Gr.) ile sa\u00e7lar\u0131n\u0131z\u0131 g\u00fcvenle a\u00e7\u0131n. Tozumayan form\u00fcl\u00fc sayesinde etkili ve e\u015fit a\u00e7ma sa\u011flar. Parlak, sa\u011fl\u0131kl\u0131 ve g\u00fc\u00e7l\u00fc sa\u00e7lar i\u00e7in idealdir.\" \/>\n<meta name=\"robots\" content=\"index, follow, max-snippet:-1, max-image-preview:large, max-video-preview:-1\" \/>\n<link rel=\"canonical\" href=\"https:\/\/glomorprofessional.com\/shop\/urun\/glomor-yuksek-performans-icerikli-tozumayan-white-beyaz-sac-acici-500-gr\/\" \/>\n<meta property=\"og:locale\" content=\"tr_TR\" \/>\n<meta property=\"og:type\" content=\"article\" \/>\n<meta property=\"og:title\" content=\"GLOMOR Y\u00fcksek Performans I\u00e7erikli Tozumayan White-beyaz Sa\u00e7 A\u00e7\u0131c\u0131 (500 GR.)\" \/>\n<meta property=\"og:description\" content=\"GLOMOR Y\u00fcksek Performans \u0130\u00e7erikli Tozumayan White-Beyaz Sa\u00e7 A\u00e7\u0131c\u0131 (500 Gr.) ile sa\u00e7lar\u0131n\u0131z\u0131 g\u00fcvenle a\u00e7\u0131n. Tozumayan form\u00fcl\u00fc sayesinde etkili ve e\u015fit a\u00e7ma sa\u011flar. Parlak, sa\u011fl\u0131kl\u0131 ve g\u00fc\u00e7l\u00fc sa\u00e7lar i\u00e7in idealdir.\" \/>\n<meta property=\"og:url\" content=\"https:\/\/glomorprofessional.com\/shop\/urun\/glomor-yuksek-performans-icerikli-tozumayan-white-beyaz-sac-acici-500-gr\/\" \/>\n<meta property=\"og:site_name\" content=\"Glomor Professional\" \/>\n<meta property=\"article:modified_time\" content=\"2026-04-07T06:14:52+00:00\" \/>\n<meta property=\"og:image\" content=\"https:\/\/glomorprofessional.com\/shop\/wp-content\/uploads\/2024\/07\/IMG-20240724-WA0006.jpg\" \/>\n\t<meta property=\"og:image:width\" content=\"1600\" \/>\n\t<meta property=\"og:image:height\" content=\"1600\" \/>\n\t<meta property=\"og:image:type\" content=\"image\/jpeg\" \/>\n<meta name=\"twitter:card\" content=\"summary_large_image\" \/>\n<meta name=\"twitter:label1\" content=\"Tahmini okuma s\u00fcresi\" \/>\n\t<meta name=\"twitter:data1\" content=\"2 dakika\" \/>\n<script type=\"application\/ld+json\" class=\"yoast-schema-graph\">{\"@context\":\"https:\/\/schema.org\",\"@graph\":[{\"@type\":\"WebPage\",\"@id\":\"https:\/\/glomorprofessional.com\/shop\/urun\/glomor-yuksek-performans-icerikli-tozumayan-white-beyaz-sac-acici-500-gr\/\",\"url\":\"https:\/\/glomorprofessional.com\/shop\/urun\/glomor-yuksek-performans-icerikli-tozumayan-white-beyaz-sac-acici-500-gr\/\",\"name\":\"GLOMOR Y\u00fcksek Performans I\u00e7erikli Tozumayan White-beyaz Sa\u00e7 A\u00e7\u0131c\u0131 (500 GR.) - Glomor Professional\",\"isPartOf\":{\"@id\":\"https:\/\/glomorprofessional.com\/shop\/#website\"},\"datePublished\":\"2024-07-25T18:24:49+00:00\",\"dateModified\":\"2026-04-07T06:14:52+00:00\",\"description\":\"GLOMOR Y\u00fcksek Performans \u0130\u00e7erikli Tozumayan White-Beyaz Sa\u00e7 A\u00e7\u0131c\u0131 (500 Gr.) ile sa\u00e7lar\u0131n\u0131z\u0131 g\u00fcvenle a\u00e7\u0131n. Tozumayan form\u00fcl\u00fc sayesinde etkili ve e\u015fit a\u00e7ma sa\u011flar. Parlak, sa\u011fl\u0131kl\u0131 ve g\u00fc\u00e7l\u00fc sa\u00e7lar i\u00e7in idealdir.\",\"breadcrumb\":{\"@id\":\"https:\/\/glomorprofessional.com\/shop\/urun\/glomor-yuksek-performans-icerikli-tozumayan-white-beyaz-sac-acici-500-gr\/#breadcrumb\"},\"inLanguage\":\"tr\",\"potentialAction\":[{\"@type\":\"ReadAction\",\"target\":[\"https:\/\/glomorprofessional.com\/shop\/urun\/glomor-yuksek-performans-icerikli-tozumayan-white-beyaz-sac-acici-500-gr\/\"]}]},{\"@type\":\"BreadcrumbList\",\"@id\":\"https:\/\/glomorprofessional.com\/shop\/urun\/glomor-yuksek-performans-icerikli-tozumayan-white-beyaz-sac-acici-500-gr\/#breadcrumb\",\"itemListElement\":[{\"@type\":\"ListItem\",\"position\":1,\"name\":\"Anasayfa\",\"item\":\"https:\/\/glomorprofessional.com\/shop\/\"},{\"@type\":\"ListItem\",\"position\":2,\"name\":\"Ma\u011faza\",\"item\":\"https:\/\/glomorprofessional.com\/shop\/\"},{\"@type\":\"ListItem\",\"position\":3,\"name\":\"GLOMOR Y\u00fcksek Performans I\u00e7erikli Tozumayan White-beyaz Sa\u00e7 A\u00e7\u0131c\u0131 (500 GR.)\"}]},{\"@type\":\"WebSite\",\"@id\":\"https:\/\/glomorprofessional.com\/shop\/#website\",\"url\":\"https:\/\/glomorprofessional.com\/shop\/\",\"name\":\"Glomor Professional\",\"description\":\"Online Sat\u0131\u015f\",\"potentialAction\":[{\"@type\":\"SearchAction\",\"target\":{\"@type\":\"EntryPoint\",\"urlTemplate\":\"https:\/\/glomorprofessional.com\/shop\/?s={search_term_string}\"},\"query-input\":\"required name=search_term_string\"}],\"inLanguage\":\"tr\"}]}<\/script>\n<!-- \/ Yoast SEO Premium plugin. -->","yoast_head_json":{"title":"GLOMOR Y\u00fcksek Performans I\u00e7erikli Tozumayan White-beyaz Sa\u00e7 A\u00e7\u0131c\u0131 (500 GR.) - Glomor Professional","description":"GLOMOR Y\u00fcksek Performans \u0130\u00e7erikli Tozumayan White-Beyaz Sa\u00e7 A\u00e7\u0131c\u0131 (500 Gr.) ile sa\u00e7lar\u0131n\u0131z\u0131 g\u00fcvenle a\u00e7\u0131n. Tozumayan form\u00fcl\u00fc sayesinde etkili ve e\u015fit a\u00e7ma sa\u011flar. Parlak, sa\u011fl\u0131kl\u0131 ve g\u00fc\u00e7l\u00fc sa\u00e7lar i\u00e7in idealdir.","robots":{"index":"index","follow":"follow","max-snippet":"max-snippet:-1","max-image-preview":"max-image-preview:large","max-video-preview":"max-video-preview:-1"},"canonical":"https:\/\/glomorprofessional.com\/shop\/urun\/glomor-yuksek-performans-icerikli-tozumayan-white-beyaz-sac-acici-500-gr\/","og_locale":"tr_TR","og_type":"article","og_title":"GLOMOR Y\u00fcksek Performans I\u00e7erikli Tozumayan White-beyaz Sa\u00e7 A\u00e7\u0131c\u0131 (500 GR.)","og_description":"GLOMOR Y\u00fcksek Performans \u0130\u00e7erikli Tozumayan White-Beyaz Sa\u00e7 A\u00e7\u0131c\u0131 (500 Gr.) ile sa\u00e7lar\u0131n\u0131z\u0131 g\u00fcvenle a\u00e7\u0131n. Tozumayan form\u00fcl\u00fc sayesinde etkili ve e\u015fit a\u00e7ma sa\u011flar. Parlak, sa\u011fl\u0131kl\u0131 ve g\u00fc\u00e7l\u00fc sa\u00e7lar i\u00e7in idealdir.","og_url":"https:\/\/glomorprofessional.com\/shop\/urun\/glomor-yuksek-performans-icerikli-tozumayan-white-beyaz-sac-acici-500-gr\/","og_site_name":"Glomor Professional","article_modified_time":"2026-04-07T06:14:52+00:00","og_image":[{"width":1600,"height":1600,"url":"https:\/\/glomorprofessional.com\/shop\/wp-content\/uploads\/2024\/07\/IMG-20240724-WA0006.jpg","type":"image\/jpeg"}],"twitter_card":"summary_large_image","twitter_misc":{"Tahmini okuma s\u00fcresi":"2 dakika"},"schema":{"@context":"https:\/\/schema.org","@graph":[{"@type":"WebPage","@id":"https:\/\/glomorprofessional.com\/shop\/urun\/glomor-yuksek-performans-icerikli-tozumayan-white-beyaz-sac-acici-500-gr\/","url":"https:\/\/glomorprofessional.com\/shop\/urun\/glomor-yuksek-performans-icerikli-tozumayan-white-beyaz-sac-acici-500-gr\/","name":"GLOMOR Y\u00fcksek Performans I\u00e7erikli Tozumayan White-beyaz Sa\u00e7 A\u00e7\u0131c\u0131 (500 GR.) - Glomor Professional","isPartOf":{"@id":"https:\/\/glomorprofessional.com\/shop\/#website"},"datePublished":"2024-07-25T18:24:49+00:00","dateModified":"2026-04-07T06:14:52+00:00","description":"GLOMOR Y\u00fcksek Performans \u0130\u00e7erikli Tozumayan White-Beyaz Sa\u00e7 A\u00e7\u0131c\u0131 (500 Gr.) ile sa\u00e7lar\u0131n\u0131z\u0131 g\u00fcvenle a\u00e7\u0131n. Tozumayan form\u00fcl\u00fc sayesinde etkili ve e\u015fit a\u00e7ma sa\u011flar. Parlak, sa\u011fl\u0131kl\u0131 ve g\u00fc\u00e7l\u00fc sa\u00e7lar i\u00e7in idealdir.","breadcrumb":{"@id":"https:\/\/glomorprofessional.com\/shop\/urun\/glomor-yuksek-performans-icerikli-tozumayan-white-beyaz-sac-acici-500-gr\/#breadcrumb"},"inLanguage":"tr","potentialAction":[{"@type":"ReadAction","target":["https:\/\/glomorprofessional.com\/shop\/urun\/glomor-yuksek-performans-icerikli-tozumayan-white-beyaz-sac-acici-500-gr\/"]}]},{"@type":"BreadcrumbList","@id":"https:\/\/glomorprofessional.com\/shop\/urun\/glomor-yuksek-performans-icerikli-tozumayan-white-beyaz-sac-acici-500-gr\/#breadcrumb","itemListElement":[{"@type":"ListItem","position":1,"name":"Anasayfa","item":"https:\/\/glomorprofessional.com\/shop\/"},{"@type":"ListItem","position":2,"name":"Ma\u011faza","item":"https:\/\/glomorprofessional.com\/shop\/"},{"@type":"ListItem","position":3,"name":"GLOMOR Y\u00fcksek Performans I\u00e7erikli Tozumayan White-beyaz Sa\u00e7 A\u00e7\u0131c\u0131 (500 GR.)"}]},{"@type":"WebSite","@id":"https:\/\/glomorprofessional.com\/shop\/#website","url":"https:\/\/glomorprofessional.com\/shop\/","name":"Glomor Professional","description":"Online Sat\u0131\u015f","potentialAction":[{"@type":"SearchAction","target":{"@type":"EntryPoint","urlTemplate":"https:\/\/glomorprofessional.com\/shop\/?s={search_term_string}"},"query-input":"required name=search_term_string"}],"inLanguage":"tr"}]}},"_links":{"self":[{"href":"https:\/\/glomorprofessional.com\/shop\/wp-json\/wp\/v2\/product\/172","targetHints":{"allow":["GET"]}}],"collection":[{"href":"https:\/\/glomorprofessional.com\/shop\/wp-json\/wp\/v2\/product"}],"about":[{"href":"https:\/\/glomorprofessional.com\/shop\/wp-json\/wp\/v2\/types\/product"}],"replies":[{"embeddable":true,"href":"https:\/\/glomorprofessional.com\/shop\/wp-json\/wp\/v2\/comments?post=172"}],"wp:featuredmedia":[{"embeddable":true,"href":"https:\/\/glomorprofessional.com\/shop\/wp-json\/wp\/v2\/media\/173"}],"wp:attachment":[{"href":"https:\/\/glomorprofessional.com\/shop\/wp-json\/wp\/v2\/media?parent=172"}],"wp:term":[{"taxonomy":"product_brand","embeddable":true,"href":"https:\/\/glomorprofessional.com\/shop\/wp-json\/wp\/v2\/product_brand?post=172"},{"taxonomy":"product_cat","embeddable":true,"href":"https:\/\/glomorprofessional.com\/shop\/wp-json\/wp\/v2\/product_cat?post=172"},{"taxonomy":"product_tag","embeddable":true,"href":"https:\/\/glomorprofessional.com\/shop\/wp-json\/wp\/v2\/product_tag?post=172"}],"curies":[{"name":"wp","href":"https:\/\/api.w.org\/{rel}","templated":true}]}}