{"id":145,"date":"2024-01-04T13:36:36","date_gmt":"2024-01-04T13:36:36","guid":{"rendered":"https:\/\/www.glomorprofessional.com\/shop\/?post_type=product&#038;p=145"},"modified":"2026-03-24T06:38:18","modified_gmt":"2026-03-24T06:38:18","slug":"ipek-proteini-collagen-plus-1000-ml","status":"publish","type":"product","link":"https:\/\/glomorprofessional.com\/shop\/urun\/ipek-proteini-collagen-plus-1000-ml\/","title":{"rendered":"\u0130pek Proteini Collagen Plus 1000 Ml"},"content":{"rendered":"<p>\u0130pek Proteini Kolajen Bak\u0131m\u0131 Nedir ?<\/p>\n<p>Sa\u00e7 \u0130\u00e7in Faydalar\u0131 Nelerdir ?<\/p>\n<p>\u0130pek proteini, saf ipek kozalar\u0131ndan elde edilen yap\u0131land\u0131r\u0131c\u0131 ve koruyucu \u00f6zellikleri sayesinde, sa\u00e7lar\u0131m\u0131z i\u00e7in gerekli olan onar\u0131c\u0131 19 besleyici proteinin, 17\u2019sini i\u00e7erisin de bar\u0131nd\u0131ran bir bak\u0131m k\u00fcr\u00fcd\u00fcr.<br \/>\nSert, kuru, mat, i\u015flem g\u00f6rm\u00fc\u015f, y\u0131pranm\u0131\u015f ve kabaran problemli sa\u00e7larda \u00e7ok etkilidir. An\u0131nda etki g\u00f6sterir. Glomor \u0130pek Proteini Kolajen botoksu, i\u00e7eri\u011finde yo\u011fun olarak bulunan ( Fibroin ve Sericin ) proteinleri sayesinde sa\u00e7lar\u0131n\u0131z\u0131n MEDULLA k\u00f6k k\u0131sm\u0131ndan ba\u015flayarak, i\u00e7ten d\u0131\u015fa do\u011fru onar\u0131r, koruyucu tabaka olu\u015fturur.<br \/>\nB\u00f6ylece sa\u00e7lar\u0131n\u0131z da k\u0131r\u0131k ve y\u0131pranmalar\u0131n tamamen \u00f6n\u00fcne ge\u00e7er. Sa\u00e7\u0131n\u0131z\u0131n yumu\u015fak, ipeksi ve parlak bir g\u00f6r\u00fcn\u00fcme kavu\u015fmas\u0131n\u0131 sa\u011flar. \u00d6zellikle r\u00f6fleli sa\u00e7larda memnuniyet oran\u0131 \u00e7ok y\u00fcksektir. Uygulama i\u015fleminden sonra adeta sa\u00e7\u0131n formunu zirveye ta\u015f\u0131yan bir \u00fcr\u00fcnd\u00fcr.<\/p>\n","protected":false},"excerpt":{"rendered":"<ul>\n<li class=\"attribute-item\"><span class=\"attribute-value\" title=\"Organik\">Organik<\/span><\/li>\n<li class=\"attribute-item\"><span class=\"attribute-value\" title=\"T\u00fcm Sa\u00e7 Tipleri\">T\u00fcm Sa\u00e7 Tipleri<\/span><\/li>\n<li class=\"attribute-item\"><span class=\"attribute-value\" title=\"Besleyici \/ Onar\u0131c\u0131\">Besleyici \/ Onar\u0131c\u0131<\/span><\/li>\n<li class=\"attribute-item\"><span class=\"attribute-value\" title=\"S\u00fclfats\u0131z\">S\u00fclfats\u0131z<\/span><\/li>\n<\/ul>\n","protected":false},"featured_media":147,"comment_status":"open","ping_status":"closed","template":"","meta":[],"product_brand":[],"product_cat":[18],"product_tag":[],"class_list":{"0":"post-145","1":"product","2":"type-product","3":"status-publish","4":"has-post-thumbnail","6":"product_cat-urunler","8":"first","9":"instock","10":"sale","11":"shipping-taxable","12":"purchasable","13":"product-type-simple"},"yoast_head":"<!-- This site is optimized with the Yoast SEO Premium plugin v21.5 (Yoast SEO v21.5) - https:\/\/yoast.com\/wordpress\/plugins\/seo\/ -->\n<title>\u0130pek Proteini Collagen Plus 1000 Ml - Glomor Professional<\/title>\n<meta name=\"robots\" content=\"index, follow, max-snippet:-1, max-image-preview:large, max-video-preview:-1\" \/>\n<link rel=\"canonical\" href=\"https:\/\/glomorprofessional.com\/shop\/urun\/ipek-proteini-collagen-plus-1000-ml\/\" \/>\n<meta property=\"og:locale\" content=\"tr_TR\" \/>\n<meta property=\"og:type\" content=\"article\" \/>\n<meta property=\"og:title\" content=\"\u0130pek Proteini Collagen Plus 1000 Ml\" \/>\n<meta property=\"og:description\" content=\"Organik  T\u00fcm Sa\u00e7 Tipleri  Besleyici \/ Onar\u0131c\u0131  S\u00fclfats\u0131z\" \/>\n<meta property=\"og:url\" content=\"https:\/\/glomorprofessional.com\/shop\/urun\/ipek-proteini-collagen-plus-1000-ml\/\" \/>\n<meta property=\"og:site_name\" content=\"Glomor Professional\" \/>\n<meta property=\"article:modified_time\" content=\"2026-03-24T06:38:18+00:00\" \/>\n<meta property=\"og:image\" content=\"https:\/\/glomorprofessional.com\/shop\/wp-content\/uploads\/2024\/01\/ipek-collagen-bakim-681x1024-1.png\" \/>\n\t<meta property=\"og:image:width\" content=\"681\" \/>\n\t<meta property=\"og:image:height\" content=\"1024\" \/>\n\t<meta property=\"og:image:type\" content=\"image\/png\" \/>\n<meta name=\"twitter:card\" content=\"summary_large_image\" \/>\n<meta name=\"twitter:label1\" content=\"Tahmini okuma s\u00fcresi\" \/>\n\t<meta name=\"twitter:data1\" content=\"1 dakika\" \/>\n<script type=\"application\/ld+json\" class=\"yoast-schema-graph\">{\"@context\":\"https:\/\/schema.org\",\"@graph\":[{\"@type\":\"WebPage\",\"@id\":\"https:\/\/glomorprofessional.com\/shop\/urun\/ipek-proteini-collagen-plus-1000-ml\/\",\"url\":\"https:\/\/glomorprofessional.com\/shop\/urun\/ipek-proteini-collagen-plus-1000-ml\/\",\"name\":\"\u0130pek Proteini Collagen Plus 1000 Ml - Glomor Professional\",\"isPartOf\":{\"@id\":\"https:\/\/glomorprofessional.com\/shop\/#website\"},\"datePublished\":\"2024-01-04T13:36:36+00:00\",\"dateModified\":\"2026-03-24T06:38:18+00:00\",\"breadcrumb\":{\"@id\":\"https:\/\/glomorprofessional.com\/shop\/urun\/ipek-proteini-collagen-plus-1000-ml\/#breadcrumb\"},\"inLanguage\":\"tr\",\"potentialAction\":[{\"@type\":\"ReadAction\",\"target\":[\"https:\/\/glomorprofessional.com\/shop\/urun\/ipek-proteini-collagen-plus-1000-ml\/\"]}]},{\"@type\":\"BreadcrumbList\",\"@id\":\"https:\/\/glomorprofessional.com\/shop\/urun\/ipek-proteini-collagen-plus-1000-ml\/#breadcrumb\",\"itemListElement\":[{\"@type\":\"ListItem\",\"position\":1,\"name\":\"Anasayfa\",\"item\":\"https:\/\/glomorprofessional.com\/shop\/\"},{\"@type\":\"ListItem\",\"position\":2,\"name\":\"Ma\u011faza\",\"item\":\"https:\/\/glomorprofessional.com\/shop\/\"},{\"@type\":\"ListItem\",\"position\":3,\"name\":\"\u0130pek Proteini Collagen Plus 1000 Ml\"}]},{\"@type\":\"WebSite\",\"@id\":\"https:\/\/glomorprofessional.com\/shop\/#website\",\"url\":\"https:\/\/glomorprofessional.com\/shop\/\",\"name\":\"Glomor Professional\",\"description\":\"Online Sat\u0131\u015f\",\"potentialAction\":[{\"@type\":\"SearchAction\",\"target\":{\"@type\":\"EntryPoint\",\"urlTemplate\":\"https:\/\/glomorprofessional.com\/shop\/?s={search_term_string}\"},\"query-input\":\"required name=search_term_string\"}],\"inLanguage\":\"tr\"}]}<\/script>\n<!-- \/ Yoast SEO Premium plugin. -->","yoast_head_json":{"title":"\u0130pek Proteini Collagen Plus 1000 Ml - Glomor Professional","robots":{"index":"index","follow":"follow","max-snippet":"max-snippet:-1","max-image-preview":"max-image-preview:large","max-video-preview":"max-video-preview:-1"},"canonical":"https:\/\/glomorprofessional.com\/shop\/urun\/ipek-proteini-collagen-plus-1000-ml\/","og_locale":"tr_TR","og_type":"article","og_title":"\u0130pek Proteini Collagen Plus 1000 Ml","og_description":"Organik  T\u00fcm Sa\u00e7 Tipleri  Besleyici \/ Onar\u0131c\u0131  S\u00fclfats\u0131z","og_url":"https:\/\/glomorprofessional.com\/shop\/urun\/ipek-proteini-collagen-plus-1000-ml\/","og_site_name":"Glomor Professional","article_modified_time":"2026-03-24T06:38:18+00:00","og_image":[{"width":681,"height":1024,"url":"https:\/\/glomorprofessional.com\/shop\/wp-content\/uploads\/2024\/01\/ipek-collagen-bakim-681x1024-1.png","type":"image\/png"}],"twitter_card":"summary_large_image","twitter_misc":{"Tahmini okuma s\u00fcresi":"1 dakika"},"schema":{"@context":"https:\/\/schema.org","@graph":[{"@type":"WebPage","@id":"https:\/\/glomorprofessional.com\/shop\/urun\/ipek-proteini-collagen-plus-1000-ml\/","url":"https:\/\/glomorprofessional.com\/shop\/urun\/ipek-proteini-collagen-plus-1000-ml\/","name":"\u0130pek Proteini Collagen Plus 1000 Ml - Glomor Professional","isPartOf":{"@id":"https:\/\/glomorprofessional.com\/shop\/#website"},"datePublished":"2024-01-04T13:36:36+00:00","dateModified":"2026-03-24T06:38:18+00:00","breadcrumb":{"@id":"https:\/\/glomorprofessional.com\/shop\/urun\/ipek-proteini-collagen-plus-1000-ml\/#breadcrumb"},"inLanguage":"tr","potentialAction":[{"@type":"ReadAction","target":["https:\/\/glomorprofessional.com\/shop\/urun\/ipek-proteini-collagen-plus-1000-ml\/"]}]},{"@type":"BreadcrumbList","@id":"https:\/\/glomorprofessional.com\/shop\/urun\/ipek-proteini-collagen-plus-1000-ml\/#breadcrumb","itemListElement":[{"@type":"ListItem","position":1,"name":"Anasayfa","item":"https:\/\/glomorprofessional.com\/shop\/"},{"@type":"ListItem","position":2,"name":"Ma\u011faza","item":"https:\/\/glomorprofessional.com\/shop\/"},{"@type":"ListItem","position":3,"name":"\u0130pek Proteini Collagen Plus 1000 Ml"}]},{"@type":"WebSite","@id":"https:\/\/glomorprofessional.com\/shop\/#website","url":"https:\/\/glomorprofessional.com\/shop\/","name":"Glomor Professional","description":"Online Sat\u0131\u015f","potentialAction":[{"@type":"SearchAction","target":{"@type":"EntryPoint","urlTemplate":"https:\/\/glomorprofessional.com\/shop\/?s={search_term_string}"},"query-input":"required name=search_term_string"}],"inLanguage":"tr"}]}},"_links":{"self":[{"href":"https:\/\/glomorprofessional.com\/shop\/wp-json\/wp\/v2\/product\/145","targetHints":{"allow":["GET"]}}],"collection":[{"href":"https:\/\/glomorprofessional.com\/shop\/wp-json\/wp\/v2\/product"}],"about":[{"href":"https:\/\/glomorprofessional.com\/shop\/wp-json\/wp\/v2\/types\/product"}],"replies":[{"embeddable":true,"href":"https:\/\/glomorprofessional.com\/shop\/wp-json\/wp\/v2\/comments?post=145"}],"wp:featuredmedia":[{"embeddable":true,"href":"https:\/\/glomorprofessional.com\/shop\/wp-json\/wp\/v2\/media\/147"}],"wp:attachment":[{"href":"https:\/\/glomorprofessional.com\/shop\/wp-json\/wp\/v2\/media?parent=145"}],"wp:term":[{"taxonomy":"product_brand","embeddable":true,"href":"https:\/\/glomorprofessional.com\/shop\/wp-json\/wp\/v2\/product_brand?post=145"},{"taxonomy":"product_cat","embeddable":true,"href":"https:\/\/glomorprofessional.com\/shop\/wp-json\/wp\/v2\/product_cat?post=145"},{"taxonomy":"product_tag","embeddable":true,"href":"https:\/\/glomorprofessional.com\/shop\/wp-json\/wp\/v2\/product_tag?post=145"}],"curies":[{"name":"wp","href":"https:\/\/api.w.org\/{rel}","templated":true}]}}