{"id":141,"date":"2023-12-22T08:53:59","date_gmt":"2023-12-22T08:53:59","guid":{"rendered":"https:\/\/www.glomorprofessional.com\/shop\/?post_type=product&#038;p=141"},"modified":"2025-12-24T16:42:17","modified_gmt":"2025-12-24T16:42:17","slug":"procapil-kas-ve-kirpik-serumu-20-ml","status":"publish","type":"product","link":"https:\/\/glomorprofessional.com\/shop\/urun\/procapil-kas-ve-kirpik-serumu-20-ml\/","title":{"rendered":"Procapil Ka\u015f ve Kirpik  Serumu 20 ml"},"content":{"rendered":"<p>Ka\u015f B\u00f6lgesi Kullan\u0131m \u015eekli: Ka\u015f bak\u0131m serumu, \u00f6zel uygulama pedisayesinde g\u00fcnde 1 defa tercihen yatmadan \u00f6nce ka\u015flara s\u00fcr\u00fcl\u00fcr.Masaj yap\u0131larak uygulan\u0131r.<\/p>\n<p>Kirpik B\u00f6lgesi Kullan\u0131m \u015eekli: Kirpik bak\u0131m serumu, \u00f6zel aparat\u0131 sayesinde kirpik diplerinden uca kadar canl\u0131, hacimli kirpiklere sahip olman\u0131za yard\u0131mc\u0131 olur. G\u00fcnde 1 defa tercihen yatmadan \u00f6nce kirpiklere s\u00fcr\u00fclerek uygulan\u0131r.<\/p>\n","protected":false},"excerpt":{"rendered":"<p>Ka\u015f ve kirpik serumu Procapil, Biotin ve \u0130pek proteini \u00f6zel ve profesyonel i\u00e7eri\u011fi ile k\u0131l k\u00f6klerinde uyar\u0131c\u0131 etki sa\u011flayarak. D\u00f6k\u00fclmelerin azalmas\u0131na yard\u0131mc\u0131 olur. Ka\u015f ve kirpiklerinizin daha canl\u0131, daha yo\u011fun g\u00f6r\u00fcn\u00fcme kavu\u015fmas\u0131na destek olur. Nem dengesini sa\u011flar ve elastikiyet sa\u011flar.<br \/>\nProfesyonel\u00a0 kullan\u0131ma uygundur.<\/p>\n","protected":false},"featured_media":152,"comment_status":"open","ping_status":"closed","template":"","meta":[],"product_brand":[],"product_cat":[18],"product_tag":[],"class_list":{"0":"post-141","1":"product","2":"type-product","3":"status-publish","4":"has-post-thumbnail","6":"product_cat-urunler","8":"first","9":"instock","10":"shipping-taxable","11":"purchasable","12":"product-type-simple"},"yoast_head":"<!-- This site is optimized with the Yoast SEO Premium plugin v21.5 (Yoast SEO v21.5) - https:\/\/yoast.com\/wordpress\/plugins\/seo\/ -->\n<title>Procapil Ka\u015f ve Kirpik Serumu 20 ml - Glomor Professional<\/title>\n<meta name=\"robots\" content=\"index, follow, max-snippet:-1, max-image-preview:large, max-video-preview:-1\" \/>\n<link rel=\"canonical\" href=\"https:\/\/glomorprofessional.com\/shop\/urun\/procapil-kas-ve-kirpik-serumu-20-ml\/\" \/>\n<meta property=\"og:locale\" content=\"tr_TR\" \/>\n<meta property=\"og:type\" content=\"article\" \/>\n<meta property=\"og:title\" content=\"Procapil Ka\u015f ve Kirpik Serumu 20 ml\" \/>\n<meta property=\"og:description\" content=\"Ka\u015f ve kirpik serumu Procapil, Biotin ve \u0130pek proteini \u00f6zel ve profesyonel i\u00e7eri\u011fi ile k\u0131l k\u00f6klerinde uyar\u0131c\u0131 etki sa\u011flayarak. D\u00f6k\u00fclmelerin azalmas\u0131na yard\u0131mc\u0131 olur. Ka\u015f ve kirpiklerinizin daha canl\u0131, daha yo\u011fun g\u00f6r\u00fcn\u00fcme kavu\u015fmas\u0131na destek olur. Nem dengesini sa\u011flar ve elastikiyet sa\u011flar. Profesyonel\u00a0 kullan\u0131ma uygundur.\" \/>\n<meta property=\"og:url\" content=\"https:\/\/glomorprofessional.com\/shop\/urun\/procapil-kas-ve-kirpik-serumu-20-ml\/\" \/>\n<meta property=\"og:site_name\" content=\"Glomor Professional\" \/>\n<meta property=\"article:modified_time\" content=\"2025-12-24T16:42:17+00:00\" \/>\n<meta property=\"og:image\" content=\"https:\/\/glomorprofessional.com\/shop\/wp-content\/uploads\/2023\/12\/glomor-kas-kirpik-serumu-1.jpg\" \/>\n\t<meta property=\"og:image:width\" content=\"1080\" \/>\n\t<meta property=\"og:image:height\" content=\"1080\" \/>\n\t<meta property=\"og:image:type\" content=\"image\/jpeg\" \/>\n<meta name=\"twitter:card\" content=\"summary_large_image\" \/>\n<meta name=\"twitter:label1\" content=\"Tahmini okuma s\u00fcresi\" \/>\n\t<meta name=\"twitter:data1\" content=\"1 dakika\" \/>\n<script type=\"application\/ld+json\" class=\"yoast-schema-graph\">{\"@context\":\"https:\/\/schema.org\",\"@graph\":[{\"@type\":\"WebPage\",\"@id\":\"https:\/\/glomorprofessional.com\/shop\/urun\/procapil-kas-ve-kirpik-serumu-20-ml\/\",\"url\":\"https:\/\/glomorprofessional.com\/shop\/urun\/procapil-kas-ve-kirpik-serumu-20-ml\/\",\"name\":\"Procapil Ka\u015f ve Kirpik Serumu 20 ml - Glomor Professional\",\"isPartOf\":{\"@id\":\"https:\/\/glomorprofessional.com\/shop\/#website\"},\"datePublished\":\"2023-12-22T08:53:59+00:00\",\"dateModified\":\"2025-12-24T16:42:17+00:00\",\"breadcrumb\":{\"@id\":\"https:\/\/glomorprofessional.com\/shop\/urun\/procapil-kas-ve-kirpik-serumu-20-ml\/#breadcrumb\"},\"inLanguage\":\"tr\",\"potentialAction\":[{\"@type\":\"ReadAction\",\"target\":[\"https:\/\/glomorprofessional.com\/shop\/urun\/procapil-kas-ve-kirpik-serumu-20-ml\/\"]}]},{\"@type\":\"BreadcrumbList\",\"@id\":\"https:\/\/glomorprofessional.com\/shop\/urun\/procapil-kas-ve-kirpik-serumu-20-ml\/#breadcrumb\",\"itemListElement\":[{\"@type\":\"ListItem\",\"position\":1,\"name\":\"Anasayfa\",\"item\":\"https:\/\/glomorprofessional.com\/shop\/\"},{\"@type\":\"ListItem\",\"position\":2,\"name\":\"Ma\u011faza\",\"item\":\"https:\/\/glomorprofessional.com\/shop\/\"},{\"@type\":\"ListItem\",\"position\":3,\"name\":\"Procapil Ka\u015f ve Kirpik Serumu 20 ml\"}]},{\"@type\":\"WebSite\",\"@id\":\"https:\/\/glomorprofessional.com\/shop\/#website\",\"url\":\"https:\/\/glomorprofessional.com\/shop\/\",\"name\":\"Glomor Professional\",\"description\":\"Online Sat\u0131\u015f\",\"potentialAction\":[{\"@type\":\"SearchAction\",\"target\":{\"@type\":\"EntryPoint\",\"urlTemplate\":\"https:\/\/glomorprofessional.com\/shop\/?s={search_term_string}\"},\"query-input\":\"required name=search_term_string\"}],\"inLanguage\":\"tr\"}]}<\/script>\n<!-- \/ Yoast SEO Premium plugin. -->","yoast_head_json":{"title":"Procapil Ka\u015f ve Kirpik Serumu 20 ml - Glomor Professional","robots":{"index":"index","follow":"follow","max-snippet":"max-snippet:-1","max-image-preview":"max-image-preview:large","max-video-preview":"max-video-preview:-1"},"canonical":"https:\/\/glomorprofessional.com\/shop\/urun\/procapil-kas-ve-kirpik-serumu-20-ml\/","og_locale":"tr_TR","og_type":"article","og_title":"Procapil Ka\u015f ve Kirpik Serumu 20 ml","og_description":"Ka\u015f ve kirpik serumu Procapil, Biotin ve \u0130pek proteini \u00f6zel ve profesyonel i\u00e7eri\u011fi ile k\u0131l k\u00f6klerinde uyar\u0131c\u0131 etki sa\u011flayarak. D\u00f6k\u00fclmelerin azalmas\u0131na yard\u0131mc\u0131 olur. Ka\u015f ve kirpiklerinizin daha canl\u0131, daha yo\u011fun g\u00f6r\u00fcn\u00fcme kavu\u015fmas\u0131na destek olur. Nem dengesini sa\u011flar ve elastikiyet sa\u011flar. Profesyonel\u00a0 kullan\u0131ma uygundur.","og_url":"https:\/\/glomorprofessional.com\/shop\/urun\/procapil-kas-ve-kirpik-serumu-20-ml\/","og_site_name":"Glomor Professional","article_modified_time":"2025-12-24T16:42:17+00:00","og_image":[{"width":1080,"height":1080,"url":"https:\/\/glomorprofessional.com\/shop\/wp-content\/uploads\/2023\/12\/glomor-kas-kirpik-serumu-1.jpg","type":"image\/jpeg"}],"twitter_card":"summary_large_image","twitter_misc":{"Tahmini okuma s\u00fcresi":"1 dakika"},"schema":{"@context":"https:\/\/schema.org","@graph":[{"@type":"WebPage","@id":"https:\/\/glomorprofessional.com\/shop\/urun\/procapil-kas-ve-kirpik-serumu-20-ml\/","url":"https:\/\/glomorprofessional.com\/shop\/urun\/procapil-kas-ve-kirpik-serumu-20-ml\/","name":"Procapil Ka\u015f ve Kirpik Serumu 20 ml - Glomor Professional","isPartOf":{"@id":"https:\/\/glomorprofessional.com\/shop\/#website"},"datePublished":"2023-12-22T08:53:59+00:00","dateModified":"2025-12-24T16:42:17+00:00","breadcrumb":{"@id":"https:\/\/glomorprofessional.com\/shop\/urun\/procapil-kas-ve-kirpik-serumu-20-ml\/#breadcrumb"},"inLanguage":"tr","potentialAction":[{"@type":"ReadAction","target":["https:\/\/glomorprofessional.com\/shop\/urun\/procapil-kas-ve-kirpik-serumu-20-ml\/"]}]},{"@type":"BreadcrumbList","@id":"https:\/\/glomorprofessional.com\/shop\/urun\/procapil-kas-ve-kirpik-serumu-20-ml\/#breadcrumb","itemListElement":[{"@type":"ListItem","position":1,"name":"Anasayfa","item":"https:\/\/glomorprofessional.com\/shop\/"},{"@type":"ListItem","position":2,"name":"Ma\u011faza","item":"https:\/\/glomorprofessional.com\/shop\/"},{"@type":"ListItem","position":3,"name":"Procapil Ka\u015f ve Kirpik Serumu 20 ml"}]},{"@type":"WebSite","@id":"https:\/\/glomorprofessional.com\/shop\/#website","url":"https:\/\/glomorprofessional.com\/shop\/","name":"Glomor Professional","description":"Online Sat\u0131\u015f","potentialAction":[{"@type":"SearchAction","target":{"@type":"EntryPoint","urlTemplate":"https:\/\/glomorprofessional.com\/shop\/?s={search_term_string}"},"query-input":"required name=search_term_string"}],"inLanguage":"tr"}]}},"_links":{"self":[{"href":"https:\/\/glomorprofessional.com\/shop\/wp-json\/wp\/v2\/product\/141","targetHints":{"allow":["GET"]}}],"collection":[{"href":"https:\/\/glomorprofessional.com\/shop\/wp-json\/wp\/v2\/product"}],"about":[{"href":"https:\/\/glomorprofessional.com\/shop\/wp-json\/wp\/v2\/types\/product"}],"replies":[{"embeddable":true,"href":"https:\/\/glomorprofessional.com\/shop\/wp-json\/wp\/v2\/comments?post=141"}],"wp:featuredmedia":[{"embeddable":true,"href":"https:\/\/glomorprofessional.com\/shop\/wp-json\/wp\/v2\/media\/152"}],"wp:attachment":[{"href":"https:\/\/glomorprofessional.com\/shop\/wp-json\/wp\/v2\/media?parent=141"}],"wp:term":[{"taxonomy":"product_brand","embeddable":true,"href":"https:\/\/glomorprofessional.com\/shop\/wp-json\/wp\/v2\/product_brand?post=141"},{"taxonomy":"product_cat","embeddable":true,"href":"https:\/\/glomorprofessional.com\/shop\/wp-json\/wp\/v2\/product_cat?post=141"},{"taxonomy":"product_tag","embeddable":true,"href":"https:\/\/glomorprofessional.com\/shop\/wp-json\/wp\/v2\/product_tag?post=141"}],"curies":[{"name":"wp","href":"https:\/\/api.w.org\/{rel}","templated":true}]}}