{"id":40,"date":"2023-12-13T21:21:51","date_gmt":"2023-12-13T21:21:51","guid":{"rendered":"https:\/\/www.glomorprofessional.com\/shop\/?page_id=40"},"modified":"2023-12-13T21:23:08","modified_gmt":"2023-12-13T21:23:08","slug":"satis-sozlesmesi","status":"publish","type":"page","link":"https:\/\/glomorprofessional.com\/shop\/satis-sozlesmesi\/","title":{"rendered":"Sat\u0131\u015f S\u00f6zle\u015fmesi"},"content":{"rendered":"\n<p>MESAFEL\u0130 SATI\u015e S\u00d6ZLE\u015eMES\u0130<\/p>\n\n\n\n<p>TARAFLAR<\/p>\n\n\n\n<p>\u0130\u015fbu Mesafeli Sat\u0131\u015f S\u00f6zle\u015fmesi (\u201cS\u00f6zle\u015fme\u201d), 19 May\u0131s Mahallesi Turabo\u011flu Sok No 4\/2 Kad\u0131k\u00f6y \u0130stanbul adresinde muhkim Glomor Professional (\u201c\u015eirket\u201d) ile \u015eirket\u2019e ait glomorprofessional.com alan adl\u0131 websitesi (\u201cSite\u201d) \u00fczerinden Site\u2019ye Kullan\u0131m Ko\u015fullar\u0131\u2019n\u0131 kabul ederek \u00fcye olarak yahut Site\u2019ye \u00fcye olmaks\u0131z\u0131n \u00fcr\u00fcn sat\u0131n alan ki\u015fi (\u201cT\u00fcketici\u201d) aras\u0131nda 27.11.2014 tarih ve 29188 say\u0131l\u0131 Resmi Gazete\u2019de yay\u0131nlanan Mesafeli S\u00f6zle\u015fmeler Y\u00f6netmeli\u011fi uyar\u0131nca elektronik ortamda akdedilmi\u015ftir.<\/p>\n\n\n\n<p>\u015eirket ile T\u00fcketici tek ba\u015f\u0131na \u201cTaraf\u201d, birlikte \u201cTaraflar\u201d olarak an\u0131lacakt\u0131r.<\/p>\n\n\n\n<p>T\u00fcketici, sat\u0131c\u0131 s\u0131fat\u0131yla hareket eden \u015eirket\u2019ten \u00fcr\u00fcn sat\u0131n alarak, i\u015fbu S\u00f6zle\u015fme\u2019nin tamam\u0131n\u0131 okudu\u011funu, i\u00e7eri\u011fini b\u00fct\u00fcn\u00fc ile anlad\u0131\u011f\u0131n\u0131 ve t\u00fcm h\u00fck\u00fcmlerini onaylad\u0131\u011f\u0131n\u0131 ve i\u015fbu S\u00f6zle\u015fme\u2019nin akdedilmesi ile ifas\u0131 esnas\u0131nda kendisi taraf\u0131ndan \u015eirket\u2019e sunulan t\u00fcm bilgilerin tam, do\u011fru ve eksiksiz olaca\u011f\u0131n\u0131 kabul, beyan ve taahh\u00fct eder.<\/p>\n\n\n\n<p>KONU<\/p>\n\n\n\n<p>\u0130\u015fbu S\u00f6zle\u015fme\u2019nin konusu; T\u00fcketici\u2019nin Site \u00fczerinden online olarak sipari\u015f verdi\u011fi \u00fcr\u00fcnlerin sat\u0131\u015f\u0131na ili\u015fkin olarak 6502 say\u0131l\u0131 T\u00fcketicinin Korunmas\u0131 Hakk\u0131nda Kanun, ilgili y\u00f6netmelik ve ilgili di\u011fer yasal h\u00fck\u00fcmler uyar\u0131nca Taraflar\u0131n hak ve y\u00fck\u00fcml\u00fcl\u00fcklerinin belirlenmesinden ibarettir.<\/p>\n\n\n\n<p>S\u00d6ZLE\u015eME KONUSU \u00dcR\u00dcNE \u0130L\u0130\u015eK\u0130N TEMEL B\u0130LG\u0130LER, F\u0130YAT, \u00d6DEME VE TESL\u0130MAT<\/p>\n\n\n\n<p>\u00dcr\u00fcne \u0130li\u015fkin Temel Bilgiler: Glomor Professional taraf\u0131ndan g\u00f6nderilen mailde belirtilmi\u015ftir.<\/p>\n\n\n\n<p>\u00dcr\u00fcn\u00fcn Vergiler Dahil Toplam Fiyat\u0131 : Glomor Professional taraf\u0131ndan g\u00f6nderilen mailde belirtilmi\u015ftir.<\/p>\n\n\n\n<p>Teslimat: \u00dcr\u00fcn\u00fcn teslimine ili\u015fkin masraflar, Site\u2019de belirli bir \u00fcr\u00fcne ili\u015fkin teslimat masraflar\u0131n\u0131n \u015eirket\u2019e ait oldu\u011fu belirtilmedik\u00e7e, T\u00fcketici\u2019ye aittir. \u00dcr\u00fcn\u00fcn teslimat\u0131, Sat\u0131c\u0131\u2019n\u0131n stoklar\u0131nda \u00fcr\u00fcn\u00fcn mevcut olmas\u0131 ve T\u00fcketici taraf\u0131ndan \u00f6demenin yap\u0131lm\u0131\u015f olmas\u0131 \u015fart\u0131yla, \u015eirket taraf\u0131ndan Site\u2019de ilgili \u00fcr\u00fcne ili\u015fkin olarak taahh\u00fct edilen teslimat s\u00fcresi i\u00e7erisinde T\u00fcketici\u2019nin belirtmi\u015f oldu\u011fu adrese yap\u0131l\u0131r. \u015eirket, her hal\u00fckarda \u00fcr\u00fcn\u00fc sipari\u015f tarihinden itibaren en fazla 30 (otuz) g\u00fcn i\u00e7erisinde teslim edecektir.<\/p>\n\n\n\n<p>\u0130ade Halinde Kullan\u0131lacak Ta\u015f\u0131y\u0131c\u0131 Firma: T\u00fcketici\u2019nin cayma hakk\u0131n\u0131 kullanmas\u0131 nedeniyle \u00fcr\u00fcn\u00fcn iade edilecek olmas\u0131 halinde. ta\u015f\u0131maya ili\u015fkin masraflar kendisi taraf\u0131ndan kar\u015f\u0131lan\u0131r.<\/p>\n\n\n\n<p>\u00d6deme \u015eekli: Kredi Kart\u0131 \/ Banka Havalesi<\/p>\n\n\n\n<p>CAYMA HAKKI<\/p>\n\n\n\n<p>6502 say\u0131l\u0131 T\u00fcketicinin Korunmas\u0131 Hakk\u0131nda Kanun ve Mesafeli S\u00f6zle\u015fmeler Y\u00f6netmeli\u011fi ilgili h\u00fck\u00fcmleri uyar\u0131nca;<\/p>\n\n\n\n<p>T\u00fcketici ; kendisi veya kendisi taraf\u0131ndan belirlenen \u00fc\u00e7\u00fcnc\u00fc ki\u015finin \u00fcr\u00fcn\u00fc teslim ald\u0131\u011f\u0131 g\u00fcnden itibaren 14 (ond\u00f6rt) g\u00fcn i\u00e7erisinde herhangi bir gerek\u00e7e g\u00f6stermeksizin ve cezai \u015fart \u00f6demeksizin S\u00f6zle\u015fme\u2019den cayma hakk\u0131na sahiptir. Cayma hakk\u0131 s\u00fcresi, mal teslimine ili\u015fkin s\u00f6zle\u015fmelerde T\u00fcketici yahut T\u00fcketici taraf\u0131ndan belirlenen \u00fc\u00e7\u00fcnc\u00fc ki\u015finin \u00fcr\u00fcn\u00fc teslim ald\u0131\u011f\u0131 g\u00fcn ba\u015flar. T\u00fcketici, s\u00f6zle\u015fmenin kurulmas\u0131ndan mal\u0131n teslimine kadar olan s\u00fcre i\u00e7inde de cayma hakk\u0131n\u0131 kullanabilir. Cayma hakk\u0131n\u0131n kullan\u0131ld\u0131\u011f\u0131na dair bildirimin bu s\u00fcre i\u00e7inde yaz\u0131l\u0131 olarak veya kal\u0131c\u0131 veri saklay\u0131c\u0131s\u0131 ile \u015eirket\u2019e y\u00f6neltilmi\u015f olmas\u0131 yeterlidir. T\u00fcketici , cayma hakk\u0131n\u0131 kullanmak i\u00e7in i\u015fbu S\u00f6zle\u015fme\u2019nin ekinde yer alan formu doldurarak \u015eirket\u2019in satis@glomorprofessional.com adresine e-posta yoluyla iletmelidir.<\/p>\n\n\n\n<p>\u015eirket, \u00fcr\u00fcn\u00fc kendisinin geri alaca\u011f\u0131na dair bir teklifte bulunmad\u0131k\u00e7a, T\u00fcketici cayma hakk\u0131n\u0131 kulland\u0131\u011f\u0131na ili\u015fkin bildirimi y\u00f6neltti\u011fi tarihten itibaren 10 (on) g\u00fcn i\u00e7inde mal\u0131 \u015eirket veya yetkilendirmi\u015f oldu\u011fu ki\u015fiye geri g\u00f6ndermek zorundad\u0131r. Aksi halde T\u00fcketici, cayma hakk\u0131ndan feragat etmi\u015f olur.<\/p>\n\n\n\n<p>T\u00fcketici\u2019nin cayma hakk\u0131 (i) T\u00fcketici\u2019nin istekleri veya ki\u015fisel ihtiya\u00e7lar\u0131 do\u011frultusunda haz\u0131rlanan mallara, (ii) \u00e7abuk bozulabilen veya son kullanma tarihi ge\u00e7ebilecek mallar\u0131n teslimine, (iii) tesliminden sonra ambalaj, bant, m\u00fch\u00fcr, paket gibi koruyucu unsurlar\u0131 a\u00e7\u0131lm\u0131\u015f olan mallardan; iadesi sa\u011fl\u0131k ve hijyen a\u00e7\u0131s\u0131ndan uygun olmayanlar\u0131n teslimine (iv) tesliminden sonra ba\u015fka \u00fcr\u00fcnlerle kar\u0131\u015fan ve do\u011fas\u0131 gere\u011fi ayr\u0131\u015ft\u0131r\u0131lmas\u0131 m\u00fcmk\u00fcn olmayan mallara, (v) mal\u0131n tesliminden sonra ambalaj, bant, m\u00fch\u00fcr, paket gibi koruyucu unsurlar\u0131 a\u00e7\u0131lm\u0131\u015f olmas\u0131 halinde maddi ortamda sunulan kitap, dijital i\u00e7erik ve bilgisayar sarf malzemelerine, (vi) abonelik s\u00f6zle\u015fmesi kapsam\u0131nda sa\u011flananlar d\u0131\u015f\u0131nda, gazete ve dergi gibi s\u00fcreli yay\u0131nlar\u0131n teslimine, (vii) belirli bir tarihte veya d\u00f6nemde yap\u0131lmas\u0131 gereken, konaklama, e\u015fya ta\u015f\u0131ma, araba kiralama, yiyecek-i\u00e7ecek tedariki ve e\u011flence veya dinlenme amac\u0131yla yap\u0131lan bo\u015f zaman\u0131n de\u011ferlendirilmesine, (viii) elektronik ortamda an\u0131nda ifa edilen hizmetler veya T\u00fcketici\u2019ye an\u0131nda teslim edilen gayrimaddi mallara, (ix) cayma hakk\u0131 s\u00fcresi sona ermeden \u00f6nce, T\u00fcketici\u2019nin onay\u0131 ile ifas\u0131na ba\u015flanan hizmetlere, ve (x) fiyat\u0131 finansal piyasalardaki dalgalanmalara ba\u011fl\u0131 olarak de\u011fi\u015fen ve \u015eirket\u2019in kontrol\u00fcnde olmayan mal veya hizmetlere ili\u015fkin s\u00f6zle\u015fmelere uygulanmaz ve T\u00fcketici bu s\u00f6zle\u015fmeler kapsam\u0131nda cayma hakk\u0131 kullanamaz.<\/p>\n\n\n\n<p>Yukar\u0131daki paragrafta yazan istisnai durumlar dikkate al\u0131nd\u0131\u011f\u0131nda T\u00fcketici\u2019nin, cayma hakk\u0131na sahip olmas\u0131 ve bunu kullanmas\u0131 halinde \u015eirket, cayma bildiriminin kendisine ula\u015ft\u0131\u011f\u0131 tarihten itibaren en ge\u00e7 14 (ond\u00f6rt) g\u00fcn i\u00e7erisinde alm\u0131\u015f oldu\u011fu toplam bedeli ve T\u00fcketici\u2019yi bor\u00e7 alt\u0131na sokan k\u0131ymetli evrak ve benzeri her t\u00fcrl\u00fc belgeyi T\u00fcketici\u2019ye hi\u00e7bir masraf y\u00fcklemeksizin iade etmekle y\u00fck\u00fcml\u00fcd\u00fcr.<\/p>\n\n\n\n<p>TARAFLARIN BEYAN VE TEKEF\u00dcLLER\u0130<\/p>\n\n\n\n<p>T\u00fcketici , Madde 5\u2019te belirtilen S\u00f6zle\u015fme konusu \u00fcr\u00fcn\u00fcn temel nitelikleri, sat\u0131\u015f fiyat\u0131 ve \u00f6deme \u015fekli ile teslimata ili\u015fkin t\u00fcm \u00f6n bilgileri okuyup bilgi sahibi oldu\u011funu ve elektronik ortamda gerekli teyidi verdi\u011fini beyan eder.<\/p>\n\n\n\n<p>S\u00f6zle\u015fme konusu \u00fcr\u00fcn\u00fcn teslimat\u0131 i\u00e7in i\u015fbu S\u00f6zle\u015fme\u2019nin elektronik ortamda teyit edilmesi ve S\u00f6zle\u015fme konusu sipari\u015fin bedelinin \u00f6denmesi \u015fartt\u0131r. Herhangi bir nedenle \u00fcr\u00fcn bedeli \u00f6denmez veya banka kay\u0131tlar\u0131nda iptal edilir ise, \u015eirket \u00fcr\u00fcn teslimi y\u00fck\u00fcml\u00fcl\u00fc\u011f\u00fcnden kurtulmu\u015f kabul edilir.<\/p>\n\n\n\n<p>\u015eirket sipari\u015f konusu \u00fcr\u00fcn\u00fcn tesliminin imkans\u0131zla\u015ft\u0131\u011f\u0131 hallerde durumu \u00f6\u011frendi\u011fi tarihten itiberen 3 (\u00fc\u00e7) g\u00fcn i\u00e7erisinde T\u00fcketici\u2019ye durumu yaz\u0131l\u0131 olarak veya kal\u0131c\u0131 veri saklay\u0131c\u0131s\u0131 ile bildirmekle y\u00fck\u00fcml\u00fcd\u00fcr. Bu durumda Sat\u0131c\u0131 teslimat masraflar\u0131 da dahil olmak \u00fczere tahsil edilen t\u00fcm \u00f6demeleri bildirim tarihinden itibaren en ge\u00e7 14 (ond\u00f6rt) g\u00fcn i\u00e7erisinde T\u00fcketici \u2019ye iade eder.<\/p>\n\n\n\n<p>\u015eirket, \u00fcr\u00fcn\u00fcn T\u00fcketici ya da T\u00fcketici\u2019nin ta\u015f\u0131y\u0131c\u0131 d\u0131\u015f\u0131nda belirleyece\u011fi \u00fc\u00e7\u00fcnc\u00fc bir ki\u015fiye teslimine kadar olu\u015fan kay\u0131p ve hasarlardan sorumludur.<\/p>\n\n\n\n<p>T\u00fcketici\u2019nin \u015eirket\u2019in belirledi\u011fi ta\u015f\u0131y\u0131c\u0131 d\u0131\u015f\u0131nda ba\u015fka bir ta\u015f\u0131y\u0131c\u0131 ile mal\u0131n g\u00f6nderilmesini talep etmesi durumunda, mal\u0131n ilgili ta\u015f\u0131y\u0131c\u0131ya tesliminden itibaren olu\u015fabilecek kay\u0131p ya da hasardan \u015eirket sorumlu de\u011fildir.<\/p>\n\n\n\n<p>K\u0130\u015e\u0130SEL VER\u0130LER<\/p>\n\n\n\n<p>T\u00fcketici, i\u015fbu S\u00f6zle\u015fme kapsam\u0131nda \u015eirket ile baz\u0131 ki\u015fisel veriler payla\u015fmak durumundad\u0131r. \u015eirket, bu kapsamda T\u00fcketici\u2019nin sa\u011flad\u0131\u011f\u0131 ki\u015fisel verileri Site\u2019de yer alan Gizlilik Politikas\u0131 kapsam\u0131nda toplamakta, kullanmakta, aktarmakta ve di\u011fer \u015fekillerde i\u015fleyebilmektedir. Ki\u015fisel Veriler Bilgilendirme Metni, i\u015fbu S\u00f6zle\u015fme\u2019nin ayr\u0131lmaz bir par\u00e7as\u0131d\u0131r. T\u00fcketici Site \u00fczerinden al\u0131\u015fveri\u015f yaparak ki\u015fisel verilerinin Gizlilik Politikas\u0131 kapsam\u0131nda i\u015flenmesini kabul etmektedir.<\/p>\n\n\n\n<p>UYU\u015eMAZLIKLARIN \u00c7\u00d6Z\u00dcM\u00dc<\/p>\n\n\n\n<p>\u0130\u015fbu S\u00f6zle\u015fme\u2019den do\u011fan her t\u00fcrl\u00fc \u015fikayet, itirazlar ve uyu\u015fmazl\u0131klar, G\u00fcmr\u00fck ve Ticaret Bakanl\u0131\u011f\u0131\u2019nca her y\u0131l Aral\u0131k ay\u0131nda belirlenen parasal s\u0131n\u0131rlara g\u00f6re T\u00fcketici\u2019nin ikametgah\u0131n\u0131n bulundu\u011fu yerdeki yahut S\u00f6zle\u015fme konusu i\u015flemin yap\u0131ld\u0131\u011f\u0131 yerdeki T\u00fcketici Hakem Heyeti\u2019ne veya T\u00fcketici Mahkemesi\u2019ne y\u00f6nlendirilebilir.<\/p>\n\n\n\n<p>KES\u0130N DEL\u0130L<\/p>\n\n\n\n<p>T\u00fcketici, i\u015fbu S\u00f6zle\u015fme\u2019den do\u011fabilecek uyu\u015fmazl\u0131klarda \u015eirket defter ve kay\u0131tlar\u0131n\u0131n HMK madde 193 kapsam\u0131nda kesin delil te\u015fkil edece\u011fini kabul, beyan ve taahh\u00fct eder.<\/p>\n\n\n\n<p>\u0130\u015fbu S\u00f6zle\u015fme, T\u00fcketici taraf\u0131ndan Site \u00fczerinden elektronik ortamda onayland\u0131\u011f\u0131 tarihte y\u00fcr\u00fcrl\u00fc\u011fe girmi\u015ftir.<\/p>\n\n\n\n<p>EK- CAYMA FORMU<\/p>\n\n\n\n<p>(Bu form, sadece S\u00f6zle\u015fme\u2019den cayma hakk\u0131 kullan\u0131lmak istenildi\u011finde doldurulup \u015eirket\u2019e e-mail yahut posta arac\u0131l\u0131\u011f\u0131yla iletilecektir)<\/p>\n\n\n\n<p>\u0130\u015fbu formla, a\u015fa\u011f\u0131daki mallar\u0131n sat\u0131\u015f\u0131na ili\u015fkin s\u00f6zle\u015fmeden cayma hakk\u0131m\u0131 kulland\u0131\u011f\u0131m\u0131 beyan ederim.<\/p>\n\n\n\n<p>-Sipari\u015f tarihi veya teslim tarihi:<\/p>\n\n\n\n<p>-Cayma hakk\u0131na konu mal veya hizmet:<\/p>\n\n\n\n<p>-Cayma hakk\u0131na konu mal veya hizmetin bedeli:<\/p>\n\n\n\n<p>-T\u00fcketicinin ad\u0131 ve soyad\u0131:<\/p>\n\n\n\n<p>-T\u00fcketicinin adresi:<\/p>\n\n\n\n<p>-T\u00fcketicinin imzas\u0131: (Sadece ka\u011f\u0131t \u00fczerinde g\u00f6nderilmesi halinde)<\/p>\n\n\n\n<p>-Tarih:<\/p>\n","protected":false},"excerpt":{"rendered":"<p>MESAFEL\u0130 SATI\u015e S\u00d6ZLE\u015eMES\u0130 TARAFLAR \u0130\u015fbu Mesafeli Sat\u0131\u015f S\u00f6zle\u015fmesi (\u201cS\u00f6zle\u015fme\u201d), 19 May\u0131s Mahallesi Turabo\u011flu Sok No 4\/2 Kad\u0131k\u00f6y \u0130stanbul adresinde muhkim Glomor Professional (\u201c\u015eirket\u201d) ile \u015eirket\u2019e ait glomorprofessional.com alan adl\u0131 websitesi (\u201cSite\u201d) \u00fczerinden Site\u2019ye Kullan\u0131m Ko\u015fullar\u0131\u2019n\u0131 kabul ederek \u00fcye olarak yahut Site\u2019ye \u00fcye olmaks\u0131z\u0131n \u00fcr\u00fcn sat\u0131n alan ki\u015fi (\u201cT\u00fcketici\u201d) aras\u0131nda 27.11.2014 tarih ve 29188 say\u0131l\u0131 Resmi&hellip;<\/p>\n","protected":false},"author":1,"featured_media":0,"parent":0,"menu_order":0,"comment_status":"closed","ping_status":"closed","template":"","meta":{"footnotes":""},"class_list":["post-40","page","type-page","status-publish","hentry"],"yoast_head":"<!-- This site is optimized with the Yoast SEO Premium plugin v21.5 (Yoast SEO v21.5) - https:\/\/yoast.com\/wordpress\/plugins\/seo\/ -->\n<title>Sat\u0131\u015f S\u00f6zle\u015fmesi - Glomor Professional<\/title>\n<meta name=\"robots\" content=\"index, follow, max-snippet:-1, max-image-preview:large, max-video-preview:-1\" \/>\n<link rel=\"canonical\" href=\"https:\/\/glomorprofessional.com\/shop\/satis-sozlesmesi\/\" \/>\n<meta property=\"og:locale\" content=\"tr_TR\" \/>\n<meta property=\"og:type\" content=\"article\" \/>\n<meta property=\"og:title\" content=\"Sat\u0131\u015f S\u00f6zle\u015fmesi\" \/>\n<meta property=\"og:description\" content=\"MESAFEL\u0130 SATI\u015e S\u00d6ZLE\u015eMES\u0130 TARAFLAR \u0130\u015fbu Mesafeli Sat\u0131\u015f S\u00f6zle\u015fmesi (\u201cS\u00f6zle\u015fme\u201d), 19 May\u0131s Mahallesi Turabo\u011flu Sok No 4\/2 Kad\u0131k\u00f6y \u0130stanbul adresinde muhkim Glomor Professional (\u201c\u015eirket\u201d) ile \u015eirket\u2019e ait glomorprofessional.com alan adl\u0131 websitesi (\u201cSite\u201d) \u00fczerinden Site\u2019ye Kullan\u0131m Ko\u015fullar\u0131\u2019n\u0131 kabul ederek \u00fcye olarak yahut Site\u2019ye \u00fcye olmaks\u0131z\u0131n \u00fcr\u00fcn sat\u0131n alan ki\u015fi (\u201cT\u00fcketici\u201d) aras\u0131nda 27.11.2014 tarih ve 29188 say\u0131l\u0131 Resmi&hellip;\" \/>\n<meta property=\"og:url\" content=\"https:\/\/glomorprofessional.com\/shop\/satis-sozlesmesi\/\" \/>\n<meta property=\"og:site_name\" content=\"Glomor Professional\" \/>\n<meta property=\"article:modified_time\" content=\"2023-12-13T21:23:08+00:00\" \/>\n<meta name=\"twitter:card\" content=\"summary_large_image\" \/>\n<meta name=\"twitter:label1\" content=\"Tahmini okuma s\u00fcresi\" \/>\n\t<meta name=\"twitter:data1\" content=\"8 dakika\" \/>\n<script type=\"application\/ld+json\" class=\"yoast-schema-graph\">{\"@context\":\"https:\/\/schema.org\",\"@graph\":[{\"@type\":\"WebPage\",\"@id\":\"https:\/\/glomorprofessional.com\/shop\/satis-sozlesmesi\/\",\"url\":\"https:\/\/glomorprofessional.com\/shop\/satis-sozlesmesi\/\",\"name\":\"Sat\u0131\u015f S\u00f6zle\u015fmesi - Glomor Professional\",\"isPartOf\":{\"@id\":\"https:\/\/glomorprofessional.com\/shop\/#website\"},\"datePublished\":\"2023-12-13T21:21:51+00:00\",\"dateModified\":\"2023-12-13T21:23:08+00:00\",\"breadcrumb\":{\"@id\":\"https:\/\/glomorprofessional.com\/shop\/satis-sozlesmesi\/#breadcrumb\"},\"inLanguage\":\"tr\",\"potentialAction\":[{\"@type\":\"ReadAction\",\"target\":[\"https:\/\/glomorprofessional.com\/shop\/satis-sozlesmesi\/\"]}]},{\"@type\":\"BreadcrumbList\",\"@id\":\"https:\/\/glomorprofessional.com\/shop\/satis-sozlesmesi\/#breadcrumb\",\"itemListElement\":[{\"@type\":\"ListItem\",\"position\":1,\"name\":\"Anasayfa\",\"item\":\"https:\/\/glomorprofessional.com\/shop\/\"},{\"@type\":\"ListItem\",\"position\":2,\"name\":\"Sat\u0131\u015f S\u00f6zle\u015fmesi\"}]},{\"@type\":\"WebSite\",\"@id\":\"https:\/\/glomorprofessional.com\/shop\/#website\",\"url\":\"https:\/\/glomorprofessional.com\/shop\/\",\"name\":\"Glomor Professional\",\"description\":\"Online Sat\u0131\u015f\",\"potentialAction\":[{\"@type\":\"SearchAction\",\"target\":{\"@type\":\"EntryPoint\",\"urlTemplate\":\"https:\/\/glomorprofessional.com\/shop\/?s={search_term_string}\"},\"query-input\":\"required name=search_term_string\"}],\"inLanguage\":\"tr\"}]}<\/script>\n<!-- \/ Yoast SEO Premium plugin. -->","yoast_head_json":{"title":"Sat\u0131\u015f S\u00f6zle\u015fmesi - Glomor Professional","robots":{"index":"index","follow":"follow","max-snippet":"max-snippet:-1","max-image-preview":"max-image-preview:large","max-video-preview":"max-video-preview:-1"},"canonical":"https:\/\/glomorprofessional.com\/shop\/satis-sozlesmesi\/","og_locale":"tr_TR","og_type":"article","og_title":"Sat\u0131\u015f S\u00f6zle\u015fmesi","og_description":"MESAFEL\u0130 SATI\u015e S\u00d6ZLE\u015eMES\u0130 TARAFLAR \u0130\u015fbu Mesafeli Sat\u0131\u015f S\u00f6zle\u015fmesi (\u201cS\u00f6zle\u015fme\u201d), 19 May\u0131s Mahallesi Turabo\u011flu Sok No 4\/2 Kad\u0131k\u00f6y \u0130stanbul adresinde muhkim Glomor Professional (\u201c\u015eirket\u201d) ile \u015eirket\u2019e ait glomorprofessional.com alan adl\u0131 websitesi (\u201cSite\u201d) \u00fczerinden Site\u2019ye Kullan\u0131m Ko\u015fullar\u0131\u2019n\u0131 kabul ederek \u00fcye olarak yahut Site\u2019ye \u00fcye olmaks\u0131z\u0131n \u00fcr\u00fcn sat\u0131n alan ki\u015fi (\u201cT\u00fcketici\u201d) aras\u0131nda 27.11.2014 tarih ve 29188 say\u0131l\u0131 Resmi&hellip;","og_url":"https:\/\/glomorprofessional.com\/shop\/satis-sozlesmesi\/","og_site_name":"Glomor Professional","article_modified_time":"2023-12-13T21:23:08+00:00","twitter_card":"summary_large_image","twitter_misc":{"Tahmini okuma s\u00fcresi":"8 dakika"},"schema":{"@context":"https:\/\/schema.org","@graph":[{"@type":"WebPage","@id":"https:\/\/glomorprofessional.com\/shop\/satis-sozlesmesi\/","url":"https:\/\/glomorprofessional.com\/shop\/satis-sozlesmesi\/","name":"Sat\u0131\u015f S\u00f6zle\u015fmesi - Glomor Professional","isPartOf":{"@id":"https:\/\/glomorprofessional.com\/shop\/#website"},"datePublished":"2023-12-13T21:21:51+00:00","dateModified":"2023-12-13T21:23:08+00:00","breadcrumb":{"@id":"https:\/\/glomorprofessional.com\/shop\/satis-sozlesmesi\/#breadcrumb"},"inLanguage":"tr","potentialAction":[{"@type":"ReadAction","target":["https:\/\/glomorprofessional.com\/shop\/satis-sozlesmesi\/"]}]},{"@type":"BreadcrumbList","@id":"https:\/\/glomorprofessional.com\/shop\/satis-sozlesmesi\/#breadcrumb","itemListElement":[{"@type":"ListItem","position":1,"name":"Anasayfa","item":"https:\/\/glomorprofessional.com\/shop\/"},{"@type":"ListItem","position":2,"name":"Sat\u0131\u015f S\u00f6zle\u015fmesi"}]},{"@type":"WebSite","@id":"https:\/\/glomorprofessional.com\/shop\/#website","url":"https:\/\/glomorprofessional.com\/shop\/","name":"Glomor Professional","description":"Online Sat\u0131\u015f","potentialAction":[{"@type":"SearchAction","target":{"@type":"EntryPoint","urlTemplate":"https:\/\/glomorprofessional.com\/shop\/?s={search_term_string}"},"query-input":"required name=search_term_string"}],"inLanguage":"tr"}]}},"_links":{"self":[{"href":"https:\/\/glomorprofessional.com\/shop\/wp-json\/wp\/v2\/pages\/40","targetHints":{"allow":["GET"]}}],"collection":[{"href":"https:\/\/glomorprofessional.com\/shop\/wp-json\/wp\/v2\/pages"}],"about":[{"href":"https:\/\/glomorprofessional.com\/shop\/wp-json\/wp\/v2\/types\/page"}],"author":[{"embeddable":true,"href":"https:\/\/glomorprofessional.com\/shop\/wp-json\/wp\/v2\/users\/1"}],"replies":[{"embeddable":true,"href":"https:\/\/glomorprofessional.com\/shop\/wp-json\/wp\/v2\/comments?post=40"}],"version-history":[{"count":3,"href":"https:\/\/glomorprofessional.com\/shop\/wp-json\/wp\/v2\/pages\/40\/revisions"}],"predecessor-version":[{"id":44,"href":"https:\/\/glomorprofessional.com\/shop\/wp-json\/wp\/v2\/pages\/40\/revisions\/44"}],"wp:attachment":[{"href":"https:\/\/glomorprofessional.com\/shop\/wp-json\/wp\/v2\/media?parent=40"}],"curies":[{"name":"wp","href":"https:\/\/api.w.org\/{rel}","templated":true}]}}