{"id":33,"date":"2023-12-13T21:16:13","date_gmt":"2023-12-13T21:16:13","guid":{"rendered":"https:\/\/www.glomorprofessional.com\/shop\/?page_id=33"},"modified":"2023-12-13T21:18:01","modified_gmt":"2023-12-13T21:18:01","slug":"gizlilik","status":"publish","type":"page","link":"https:\/\/glomorprofessional.com\/shop\/gizlilik\/","title":{"rendered":"Gizlilik"},"content":{"rendered":"\n<p>G\u0130ZL\u0130L\u0130K POL\u0130T\u0130KASI VE AYDINLATMA BEYANI<\/p>\n\n\n\n<p>Glomor Professional (\u201c\u015eirket\u201d) olarak, glomorprofessional.com alan adl\u0131 internet sitesini (\u201cSite\u201d) herhangi bir ama\u00e7la ziyaret eden t\u00fcm kullan\u0131c\u0131lar\u0131n bilgilerinin gizlili\u011fine ve g\u00fcvenli\u011fine sayg\u0131 duymakta ve bu itibarla gerekli tedbirleri almak i\u00e7in elimizden gelen gayreti g\u00f6stermekteyiz.<\/p>\n\n\n\n<p>\u0130\u015fbu Gizlilik Politikas\u0131\u2019n\u0131n amac\u0131 Site \u00fczerinden herhangi bir \u00fcr\u00fcn sat\u0131n alan yahut Site\u2019yi sair bir ama\u00e7la ziyaret eden kullan\u0131c\u0131lar\u0131n bu esnada \u015eirket ile payla\u015fm\u0131\u015f oldu\u011fu ki\u015fisel verilerin (\u00f6rn. ad, soyad, adres, telefon numaras\u0131, e-posta adresi, kimlik numaras\u0131, kullan\u0131lan internet servis sa\u011flay\u0131c\u0131s\u0131n\u0131n ad\u0131, IP adresi vb.) ne \u015fekilde ve hangi ama\u00e7larla i\u015flendi\u011finin belirlenmesi ve kullan\u0131c\u0131lar\u0131n ki\u015fisel verilere ili\u015fkin haklar\u0131n\u0131n tespit edilmesidir.<\/p>\n\n\n\n<p>Gizlilik Politikas\u0131 dikkatli bir \u015fekilde okunmal\u0131d\u0131r. E\u011fer burada belirtilen Gizlilik Politikas\u0131\u2019n\u0131 kabul etmiyorsan\u0131z, Site\u2019yi ziyaret etmeyi derhal durdurunuz ve Site \u00fczerinden herhangi bir \u00fcr\u00fcn yahut hizmet sat\u0131n almay\u0131n\u0131z.<\/p>\n\n\n\n<p>1.Ki\u015fisel Verilerin Toplanmas\u0131, \u0130\u015flenmesi ve \u0130\u015fleme Ama\u00e7lar\u0131<\/p>\n\n\n\n<p>Site\u2019yi ziyaret etti\u011finizde, Site\u2019nin taraf\u0131n\u0131zca etkili bir \u015fekilde kullan\u0131labilmesi, \u015eirket ile aran\u0131zdaki \u00dcyelik Kullan\u0131m Ko\u015fullar\u0131 yahut Mesafeli Sat\u0131\u015f S\u00f6zle\u015fmesi kapsam\u0131nda \u015eirket\u2019in y\u00fck\u00fcml\u00fcl\u00fcklerini ifa edebilmesi (\u00f6rne\u011fin; Site \u00fczerinden sipari\u015f verdi\u011finiz \u00fcr\u00fcnlerin size teslim edilebilmesi, Site\u2019den gerekti\u011fi \u015fekilde faydalanabilmeniz) yahut \u015eirket\u2019in ilgili mevzuat kapsam\u0131ndaki y\u00fck\u00fcml\u00fcl\u00fcklerini yerine getirebilmesi amac\u0131yla Site\u2019yi ziyaret etmeniz esnas\u0131nda \u015eirket ile payla\u015f\u0131lan verileriniz Ki\u015fisel Verilerin Korunmas\u0131 Kanunu\u2019nun (\u201cKVKK\u201d) 5. ve 6. maddelerinde belirtilen ki\u015fisel veri i\u015fleme \u015fartlar\u0131 ve ama\u00e7lar\u0131 d\u00e2hilinde \u015eirket taraf\u0131ndan belirlenen s\u00fcreler boyunca i\u015flenebilir.<\/p>\n\n\n\n<p>2.\u0130\u015flenen Ki\u015fisel Verilerin Kimlere ve Hangi Ama\u00e7la Aktar\u0131labilece\u011fi<\/p>\n\n\n\n<p>Ki\u015fisel verileriniz yukar\u0131da belirtilen ama\u00e7lar dahilinde \u015eirket\u2019in i\u015f ortaklar\u0131 dahil olmak \u00fczere yurti\u00e7indeki \u00fc\u00e7\u00fcnc\u00fc taraflara KVKK\u2019n\u0131n 8. ve 9. maddelerinde belirtilen ki\u015fisel veri i\u015fleme \u015fartlar\u0131 ve ama\u00e7lar\u0131 \u00e7er\u00e7evesinde aktar\u0131labilecektir.<\/p>\n\n\n\n<p>3.Ki\u015fisel Veri Toplaman\u0131n Y\u00f6ntemi ve Hukuki Sebebi<\/p>\n\n\n\n<p>Ki\u015fisel verileriniz, Site\u2019yi ziyaret etmeniz esnas\u0131nda, yukar\u0131da yer verilen ama\u00e7lar do\u011frultusunda ve bu kapsamda \u015eirket\u2019in s\u00f6zle\u015fme ve yasadan do\u011fan mesuliyetlerini eksiksiz ve do\u011fru bir \u015fekilde yerine getirebilmesi gayesi ile edinilir. Bu hukuki sebeple toplanan ki\u015fisel verileriniz KVKK\u2019n\u0131n 5. ve 6. maddelerinde belirtilen ki\u015fisel veri i\u015fleme \u015fartlar\u0131 ve ama\u00e7lar\u0131 kapsam\u0131nda bu metnin be\u015finci paragraf\u0131nda belirtilen ama\u00e7larla i\u015flenebilmekte ve aktar\u0131labilmektedir.<\/p>\n\n\n\n<p>4.Veri G\u00fcvenli\u011fi<\/p>\n\n\n\n<p>\u015eirket, ilgili mevzuatta belirlenen veya i\u015fbu Gizlilik Politikas\u0131\u2019nda ifade edilen \u015fartlarda, ki\u015fisel verilerin hukuka ayk\u0131r\u0131 olarak i\u015flenmemesini, ki\u015fisel verilere hukuka ayk\u0131r\u0131 olarak eri\u015filmemesini ve ki\u015fisel verilerin muhafazas\u0131n\u0131 sa\u011flamak amac\u0131yla uygun g\u00fcvenlik d\u00fczeyini temin etmeye y\u00f6nelik gerekli teknik ve idari tedbirleri almay\u0131 taahh\u00fct eder.<\/p>\n\n\n\n<p>\u00d6te yandan Site, \u00fczerinde \u015eirket\u2019in kontrol\u00fcn\u00fcn bulunmad\u0131\u011f\u0131 sair internet sitelerine ba\u011flant\u0131lar i\u00e7erebilir. \u015eirket, di\u011fer internet sitelerinin gizlilik kurallar\u0131ndan veya sair uygulamalar\u0131ndan sorumlu de\u011fildir. Bu t\u00fcr internet sitelerinin gizlilik kurallar\u0131n\u0131 g\u00f6zden ge\u00e7irmenizi ve sizin bilgilerinizi nas\u0131l toplad\u0131klar\u0131n\u0131, kulland\u0131klar\u0131n\u0131 ve payla\u015ft\u0131klar\u0131n\u0131 incelemenizi tavsiye ederiz. Ayr\u0131ca \u015eirket, di\u011fer internet sitelerinin i\u00e7eriklerinin do\u011frulu\u011fu hakk\u0131nda herhangi bir beyan ve taahh\u00fctte bulunmamaktad\u0131r<\/p>\n\n\n\n<p>5.Veri Sahiplerinin KVKK\u2019n\u0131n 11. Maddesi Kapsam\u0131ndaki Haklar\u0131<\/p>\n\n\n\n<p>Ki\u015fisel veri sahipleri olarak, haklar\u0131n\u0131za ili\u015fkin taleplerinizi, i\u015fbu Gizlilik Politikas\u0131\u2019nda d\u00fczenlenen y\u00f6ntemlerle \u015eirket\u2019e iletmeniz durumunda \u015eirket talebin niteli\u011fine g\u00f6re talebi en ge\u00e7 otuz g\u00fcn (30) i\u00e7inde \u00fccretsiz olarak cevapland\u0131racakt\u0131r. Ancak, Ki\u015fisel Verileri Koruma Kurulunca bir \u00fccret \u00f6ng\u00f6r\u00fclmesi halinde, \u015eirket taraf\u0131ndan belirlenen tarifedeki \u00fccret al\u0131nacakt\u0131r. Bu kapsamda ki\u015fisel veri sahipleri;<\/p>\n\n\n\n<p>a.Ki\u015fisel veri i\u015flenip i\u015flenmedi\u011fini \u00f6\u011frenme,<\/p>\n\n\n\n<p>b.Ki\u015fisel verileri i\u015flenmi\u015fse buna ili\u015fkin bilgi talep etme,<\/p>\n\n\n\n<p>c.Ki\u015fisel verilerin i\u015flenme amac\u0131n\u0131 ve bunlar\u0131n amac\u0131na uygun kullan\u0131l\u0131p kullan\u0131lmad\u0131\u011f\u0131n\u0131 \u00f6\u011frenme,<\/p>\n\n\n\n<p>d.Yurt i\u00e7inde veya yurt d\u0131\u015f\u0131nda ki\u015fisel verilerin aktar\u0131ld\u0131\u011f\u0131 \u00fc\u00e7\u00fcnc\u00fc ki\u015fileri bilme,<\/p>\n\n\n\n<p>e.Ki\u015fisel verilerin eksik veya yanl\u0131\u015f i\u015flenmi\u015f olmas\u0131 h\u00e2linde bunlar\u0131n d\u00fczeltilmesini isteme ve bu kapsamda yap\u0131lan i\u015flemin ki\u015fisel verilerin aktar\u0131ld\u0131\u011f\u0131 \u00fc\u00e7\u00fcnc\u00fc ki\u015filere bildirilmesini isteme,<\/p>\n\n\n\n<p>f.KVKK ve ilgili di\u011fer kanun h\u00fck\u00fcmlerine uygun olarak i\u015flenmi\u015f olmas\u0131na ra\u011fmen, i\u015flenmesini gerektiren sebeplerin ortadan kalkmas\u0131 h\u00e2linde ki\u015fisel verilerin silinmesini veya yok edilmesini isteme ve bu kapsamda yap\u0131lan i\u015flemin ki\u015fisel verilerin aktar\u0131ld\u0131\u011f\u0131 \u00fc\u00e7\u00fcnc\u00fc ki\u015filere bildirilmesini isteme,<\/p>\n\n\n\n<p>g.\u0130\u015flenen verilerin m\u00fcnhas\u0131ran otomatik sistemler vas\u0131tas\u0131yla analiz edilmesi suretiyle ki\u015finin kendisi aleyhine bir sonucun ortaya \u00e7\u0131kmas\u0131na itiraz etme,<\/p>\n\n\n\n<p>h.Ki\u015fisel verilerin kanuna ayk\u0131r\u0131 olarak i\u015flenmesi sebebiyle zarara u\u011framas\u0131 h\u00e2linde zarar\u0131n giderilmesini<\/p>\n\n\n\n<p>talep etme haklar\u0131na sahiptir.<\/p>\n\n\n\n<p>KVKK\u2019n\u0131n 13. maddesinin 1. f\u0131kras\u0131 gere\u011fince, yukar\u0131da belirtilen haklar\u0131n\u0131z\u0131 kullanmak ile ilgili talebinizi satis@glomorprofessional.com adresine e-posta yoluyla iletebilirsiniz. kullanabilirsiniz.<\/p>\n\n\n\n<p>6.Gizlilik Politikas\u0131 De\u011fi\u015fiklikleri<\/p>\n\n\n\n<p>\u015eirket, Gizlilik Politikas\u0131\u2019n\u0131, g\u00fcncellemek suretiyle her an de\u011fi\u015ftirebilme hakk\u0131n\u0131 sakl\u0131 tutar. Gizlilik Politikas\u0131\u2019n\u0131 g\u00f6zden ge\u00e7irmek amac\u0131yla bu sayfay\u0131 belirli aral\u0131klarla ziyaret etmenizi \u00f6neririz. Gizlilik Politikas\u0131\u2019na ili\u015fkin sorular\u0131n\u0131z oldu\u011funda a\u015fa\u011f\u0131da yer alan satis@glomorprofessional.com adresine e-posta g\u00f6ndererek bize ula\u015fabilirsiniz.<\/p>\n\n\n\n<p>Sitemizi kullanarak g\u00f6sterdi\u011finiz ilgi ve g\u00fcven i\u00e7in te\u015fekk\u00fcr ederiz.<\/p>\n","protected":false},"excerpt":{"rendered":"<p>G\u0130ZL\u0130L\u0130K POL\u0130T\u0130KASI VE AYDINLATMA BEYANI Glomor Professional (\u201c\u015eirket\u201d) olarak, glomorprofessional.com alan adl\u0131 internet sitesini (\u201cSite\u201d) herhangi bir ama\u00e7la ziyaret eden t\u00fcm kullan\u0131c\u0131lar\u0131n bilgilerinin gizlili\u011fine ve g\u00fcvenli\u011fine sayg\u0131 duymakta ve bu itibarla gerekli tedbirleri almak i\u00e7in elimizden gelen gayreti g\u00f6stermekteyiz. \u0130\u015fbu Gizlilik Politikas\u0131\u2019n\u0131n amac\u0131 Site \u00fczerinden herhangi bir \u00fcr\u00fcn sat\u0131n alan yahut Site\u2019yi sair bir ama\u00e7la&hellip;<\/p>\n","protected":false},"author":1,"featured_media":0,"parent":0,"menu_order":0,"comment_status":"closed","ping_status":"closed","template":"","meta":{"footnotes":""},"class_list":["post-33","page","type-page","status-publish","hentry"],"yoast_head":"<!-- This site is optimized with the Yoast SEO Premium plugin v21.5 (Yoast SEO v21.5) - https:\/\/yoast.com\/wordpress\/plugins\/seo\/ -->\n<title>Gizlilik - Glomor Professional<\/title>\n<meta name=\"robots\" content=\"index, follow, max-snippet:-1, max-image-preview:large, max-video-preview:-1\" \/>\n<link rel=\"canonical\" href=\"https:\/\/glomorprofessional.com\/shop\/gizlilik\/\" \/>\n<meta property=\"og:locale\" content=\"tr_TR\" \/>\n<meta property=\"og:type\" content=\"article\" \/>\n<meta property=\"og:title\" content=\"Gizlilik\" \/>\n<meta property=\"og:description\" content=\"G\u0130ZL\u0130L\u0130K POL\u0130T\u0130KASI VE AYDINLATMA BEYANI Glomor Professional (\u201c\u015eirket\u201d) olarak, glomorprofessional.com alan adl\u0131 internet sitesini (\u201cSite\u201d) herhangi bir ama\u00e7la ziyaret eden t\u00fcm kullan\u0131c\u0131lar\u0131n bilgilerinin gizlili\u011fine ve g\u00fcvenli\u011fine sayg\u0131 duymakta ve bu itibarla gerekli tedbirleri almak i\u00e7in elimizden gelen gayreti g\u00f6stermekteyiz. \u0130\u015fbu Gizlilik Politikas\u0131\u2019n\u0131n amac\u0131 Site \u00fczerinden herhangi bir \u00fcr\u00fcn sat\u0131n alan yahut Site\u2019yi sair bir ama\u00e7la&hellip;\" \/>\n<meta property=\"og:url\" content=\"https:\/\/glomorprofessional.com\/shop\/gizlilik\/\" \/>\n<meta property=\"og:site_name\" content=\"Glomor Professional\" \/>\n<meta property=\"article:modified_time\" content=\"2023-12-13T21:18:01+00:00\" \/>\n<meta name=\"twitter:card\" content=\"summary_large_image\" \/>\n<meta name=\"twitter:label1\" content=\"Tahmini okuma s\u00fcresi\" \/>\n\t<meta name=\"twitter:data1\" content=\"5 dakika\" \/>\n<script type=\"application\/ld+json\" class=\"yoast-schema-graph\">{\"@context\":\"https:\/\/schema.org\",\"@graph\":[{\"@type\":\"WebPage\",\"@id\":\"https:\/\/glomorprofessional.com\/shop\/gizlilik\/\",\"url\":\"https:\/\/glomorprofessional.com\/shop\/gizlilik\/\",\"name\":\"Gizlilik - Glomor Professional\",\"isPartOf\":{\"@id\":\"https:\/\/glomorprofessional.com\/shop\/#website\"},\"datePublished\":\"2023-12-13T21:16:13+00:00\",\"dateModified\":\"2023-12-13T21:18:01+00:00\",\"breadcrumb\":{\"@id\":\"https:\/\/glomorprofessional.com\/shop\/gizlilik\/#breadcrumb\"},\"inLanguage\":\"tr\",\"potentialAction\":[{\"@type\":\"ReadAction\",\"target\":[\"https:\/\/glomorprofessional.com\/shop\/gizlilik\/\"]}]},{\"@type\":\"BreadcrumbList\",\"@id\":\"https:\/\/glomorprofessional.com\/shop\/gizlilik\/#breadcrumb\",\"itemListElement\":[{\"@type\":\"ListItem\",\"position\":1,\"name\":\"Anasayfa\",\"item\":\"https:\/\/glomorprofessional.com\/shop\/\"},{\"@type\":\"ListItem\",\"position\":2,\"name\":\"Gizlilik\"}]},{\"@type\":\"WebSite\",\"@id\":\"https:\/\/glomorprofessional.com\/shop\/#website\",\"url\":\"https:\/\/glomorprofessional.com\/shop\/\",\"name\":\"Glomor Professional\",\"description\":\"Online Sat\u0131\u015f\",\"potentialAction\":[{\"@type\":\"SearchAction\",\"target\":{\"@type\":\"EntryPoint\",\"urlTemplate\":\"https:\/\/glomorprofessional.com\/shop\/?s={search_term_string}\"},\"query-input\":\"required name=search_term_string\"}],\"inLanguage\":\"tr\"}]}<\/script>\n<!-- \/ Yoast SEO Premium plugin. -->","yoast_head_json":{"title":"Gizlilik - Glomor Professional","robots":{"index":"index","follow":"follow","max-snippet":"max-snippet:-1","max-image-preview":"max-image-preview:large","max-video-preview":"max-video-preview:-1"},"canonical":"https:\/\/glomorprofessional.com\/shop\/gizlilik\/","og_locale":"tr_TR","og_type":"article","og_title":"Gizlilik","og_description":"G\u0130ZL\u0130L\u0130K POL\u0130T\u0130KASI VE AYDINLATMA BEYANI Glomor Professional (\u201c\u015eirket\u201d) olarak, glomorprofessional.com alan adl\u0131 internet sitesini (\u201cSite\u201d) herhangi bir ama\u00e7la ziyaret eden t\u00fcm kullan\u0131c\u0131lar\u0131n bilgilerinin gizlili\u011fine ve g\u00fcvenli\u011fine sayg\u0131 duymakta ve bu itibarla gerekli tedbirleri almak i\u00e7in elimizden gelen gayreti g\u00f6stermekteyiz. \u0130\u015fbu Gizlilik Politikas\u0131\u2019n\u0131n amac\u0131 Site \u00fczerinden herhangi bir \u00fcr\u00fcn sat\u0131n alan yahut Site\u2019yi sair bir ama\u00e7la&hellip;","og_url":"https:\/\/glomorprofessional.com\/shop\/gizlilik\/","og_site_name":"Glomor Professional","article_modified_time":"2023-12-13T21:18:01+00:00","twitter_card":"summary_large_image","twitter_misc":{"Tahmini okuma s\u00fcresi":"5 dakika"},"schema":{"@context":"https:\/\/schema.org","@graph":[{"@type":"WebPage","@id":"https:\/\/glomorprofessional.com\/shop\/gizlilik\/","url":"https:\/\/glomorprofessional.com\/shop\/gizlilik\/","name":"Gizlilik - Glomor Professional","isPartOf":{"@id":"https:\/\/glomorprofessional.com\/shop\/#website"},"datePublished":"2023-12-13T21:16:13+00:00","dateModified":"2023-12-13T21:18:01+00:00","breadcrumb":{"@id":"https:\/\/glomorprofessional.com\/shop\/gizlilik\/#breadcrumb"},"inLanguage":"tr","potentialAction":[{"@type":"ReadAction","target":["https:\/\/glomorprofessional.com\/shop\/gizlilik\/"]}]},{"@type":"BreadcrumbList","@id":"https:\/\/glomorprofessional.com\/shop\/gizlilik\/#breadcrumb","itemListElement":[{"@type":"ListItem","position":1,"name":"Anasayfa","item":"https:\/\/glomorprofessional.com\/shop\/"},{"@type":"ListItem","position":2,"name":"Gizlilik"}]},{"@type":"WebSite","@id":"https:\/\/glomorprofessional.com\/shop\/#website","url":"https:\/\/glomorprofessional.com\/shop\/","name":"Glomor Professional","description":"Online Sat\u0131\u015f","potentialAction":[{"@type":"SearchAction","target":{"@type":"EntryPoint","urlTemplate":"https:\/\/glomorprofessional.com\/shop\/?s={search_term_string}"},"query-input":"required name=search_term_string"}],"inLanguage":"tr"}]}},"_links":{"self":[{"href":"https:\/\/glomorprofessional.com\/shop\/wp-json\/wp\/v2\/pages\/33","targetHints":{"allow":["GET"]}}],"collection":[{"href":"https:\/\/glomorprofessional.com\/shop\/wp-json\/wp\/v2\/pages"}],"about":[{"href":"https:\/\/glomorprofessional.com\/shop\/wp-json\/wp\/v2\/types\/page"}],"author":[{"embeddable":true,"href":"https:\/\/glomorprofessional.com\/shop\/wp-json\/wp\/v2\/users\/1"}],"replies":[{"embeddable":true,"href":"https:\/\/glomorprofessional.com\/shop\/wp-json\/wp\/v2\/comments?post=33"}],"version-history":[{"count":2,"href":"https:\/\/glomorprofessional.com\/shop\/wp-json\/wp\/v2\/pages\/33\/revisions"}],"predecessor-version":[{"id":39,"href":"https:\/\/glomorprofessional.com\/shop\/wp-json\/wp\/v2\/pages\/33\/revisions\/39"}],"wp:attachment":[{"href":"https:\/\/glomorprofessional.com\/shop\/wp-json\/wp\/v2\/media?parent=33"}],"curies":[{"name":"wp","href":"https:\/\/api.w.org\/{rel}","templated":true}]}}