{"id":30,"date":"2023-12-13T21:09:55","date_gmt":"2023-12-13T21:09:55","guid":{"rendered":"https:\/\/www.glomorprofessional.com\/shop\/?page_id=30"},"modified":"2023-12-13T21:17:26","modified_gmt":"2023-12-13T21:17:26","slug":"teslimad-ve-iade","status":"publish","type":"page","link":"https:\/\/glomorprofessional.com\/shop\/teslimad-ve-iade\/","title":{"rendered":"Teslimat ve \u0130ade"},"content":{"rendered":"\n<p>1) TESL\u0130MAT S\u00dcRES\u0130:<\/p>\n\n\n\n<p>glomorprofessional.com, sat\u0131n al\u0131nan her bir \u00fcr\u00fcn\u00fc 30 g\u00fcn\u00fc a\u015fmamak kayd\u0131 ile al\u0131c\u0131n\u0131n g\u00f6stermi\u015f oldu\u011fu adres ki\u015fi ve\/veya kurulu\u015fa teslim etmekle y\u00fck\u00fcml\u00fcd\u00fcr.Bu s\u00fcre i\u00e7inde \u00fcr\u00fcn teslim edilmez ise al\u0131c\u0131 s\u00f6zle\u015fmeyi iptal edebilir.Teslimat s\u00fcresi sat\u0131n al\u0131nan \u00fcr\u00fcn\u00fcn mevcut stok durumuna ,\u00fcretim s\u00fcresine g\u00f6re de\u011fi\u015fiklik g\u00f6sterebilir.Sipari\u015f kargoya verildikten sonra al\u0131c\u0131ya e-posta yoluyla bilgilendirilir.<\/p>\n\n\n\n<p>2) TESL\u0130MAT \u015eEKL\u0130:<\/p>\n\n\n\n<p>Sat\u0131n al\u0131nan \u00fcr\u00fcn glomorprofessional.com sitesinin \u00f6n bilgilendirme ve mesafeli sat\u0131\u015f s\u00f6zle\u015fmesinde beyan etmi\u015f oldu\u011fu kargo firmas\u0131 ile d\u00fczg\u00fcn ve paketlenmi\u015f bir \u015fekilde al\u0131c\u0131ya teslim edilir.<\/p>\n\n\n\n<p>3) KARGO \u00dcCRET\u0130:<\/p>\n\n\n\n<p>glomorprofessional.com sitesi \u00fczerinde herhangi bir kampanya yada promosyon bildirisinde bulunulmad\u0131\u011f\u0131 s\u00fcrece kargo \u00fccreti al\u0131c\u0131ya aittir.<\/p>\n\n\n\n<p>4) TESL\u0130M ALMA:<\/p>\n\n\n\n<p>Al\u0131c\u0131 adreste bulunamad\u0131\u011f\u0131 takdirde kargo firmas\u0131 bir bilgi notu b\u0131rak\u0131r.Takip eden 3 i\u015f g\u00fcn\u00fc kargo adresin bulundu\u011fu ilgili kargo \u015fubesinde bekletilir.Al\u0131c\u0131 kargoyu almad\u0131\u011f\u0131 takdirde kargo firmam\u0131za geri iade edilir.Al\u0131c\u0131 kargoyu teslim al\u0131rken pakette herhangi bir hasar olup olmad\u0131\u011f\u0131n\u0131 kontrol etmelidir.E\u011fer bir hasar var ise kargo g\u00f6revlisine tutanak tutturmal\u0131d\u0131r.Adreste al\u0131c\u0131 d\u0131\u015f\u0131nda \u00fc\u00e7\u00fcnc\u00fc bir ki\u015fi var ise kimlik ibraz\u0131 ile paket bu ki\u015fiye teslim edilebilir.<\/p>\n\n\n\n<p>4) \u0130ADE HAKKI :<\/p>\n\n\n\n<p>6502 say\u0131l\u0131 T\u00fcketicinin Korunmas\u0131 Hakk\u0131nda Kanun ve Mesafeli S\u00f6zle\u015fmeler Y\u00f6netmeli\u011fi ilgili h\u00fck\u00fcmleri gere\u011fince;<\/p>\n\n\n\n<p>T\u00fcketici; 14 (on d\u00f6rt) g\u00fcn i\u00e7inde herhangi bir gerek\u00e7e g\u00f6stermeksizin ve cezai \u015fart \u00f6demeksizin S\u00f6zle\u015fmeden cayma hakk\u0131na sahiptir. Cayma hakk\u0131 s\u00fcresi, hizmet ifas\u0131na ili\u015fkin s\u00f6zle\u015fmelerde s\u00f6zle\u015fmenin kuruldu\u011fu g\u00fcn; mal teslimine ili\u015fkin s\u00f6zle\u015fmelerde t\u00fcketici yahut t\u00fcketici taraf\u0131ndan belirlenen \u00fc\u00e7\u00fcnc\u00fc ki\u015finin mal\u0131 teslim etti\u011fi g\u00fcn ba\u015flar. Ancak T\u00fcketici, S\u00f6zle\u015fmenin kurulmas\u0131ndan mal\u0131n teslimine kadar olan s\u00fcre\u00e7te de cayma hakk\u0131n\u0131 kullanabilir.<\/p>\n\n\n\n<p>Cayma hakk\u0131n\u0131n kullan\u0131ld\u0131\u011f\u0131na dair bildirimin bu s\u00fcre i\u00e7inde yaz\u0131l\u0131 olarak veya kal\u0131c\u0131 veri saklay\u0131c\u0131s\u0131 ile \u015eirket\u2019e y\u00f6neltilmi\u015f olmas\u0131 yeterlidir.<\/p>\n\n\n\n<p>\u015eirket mal\u0131 kendisinin geri alaca\u011f\u0131na dair bir teklifte bulunmad\u0131k\u00e7a, T\u00fcketici cayma hakk\u0131n\u0131 kulland\u0131\u011f\u0131na ili\u015fkin bildirimi y\u00f6neltti\u011fi tarihten itibaren 10 (on) g\u00fcn i\u00e7inde mal\u0131 \u015eirket veya yetkilendirmi\u015f oldu\u011fu ki\u015fiye geri g\u00f6ndermek zorundad\u0131r. Aksi halde T\u00fcketici cayma hakk\u0131ndan feragat etmi\u015f olur.<\/p>\n\n\n\n<p>T\u00fcketici\u2019nin cayma hakk\u0131 (i) T\u00fcketici\u2019nin istekleri veya ki\u015fisel ihtiya\u00e7lar\u0131 do\u011frultusunda haz\u0131rlanan mallara, (ii) \u00e7abuk bozulabilen veya son kullanma tarihi ge\u00e7ebilecek mallar\u0131n teslimine, (iii) tesliminden sonra ambalaj, bant, m\u00fch\u00fcr, paket gibi koruyucu unsurlar\u0131 a\u00e7\u0131lm\u0131\u015f olan mallardan; iadesi sa\u011fl\u0131k ve hijyen a\u00e7\u0131s\u0131ndan uygun olmayanlar\u0131n teslimine (iv) tesliminden sonra ba\u015fka \u00fcr\u00fcnlerle kar\u0131\u015fan ve do\u011fas\u0131 gere\u011fi ayr\u0131\u015ft\u0131r\u0131lmas\u0131 m\u00fcmk\u00fcn olmayan mallara, (v) mal\u0131n tesliminden sonra ambalaj, bant, m\u00fch\u00fcr, paket gibi koruyucu unsurlar\u0131 a\u00e7\u0131lm\u0131\u015f olmas\u0131 halinde maddi ortamda sunulan kitap, dijital i\u00e7erik ve bilgisayar sarf malzemelerine, (vi) abonelik s\u00f6zle\u015fmesi kapsam\u0131nda sa\u011flananlar d\u0131\u015f\u0131nda, gazete ve dergi gibi s\u00fcreli yay\u0131nlar\u0131n teslimine, (vii) belirli bir tarihte veya d\u00f6nemde yap\u0131lmas\u0131 gereken, konaklama, e\u015fya ta\u015f\u0131ma, araba kiralama, yiyecek-i\u00e7ecek tedariki ve e\u011flence veya dinlenme amac\u0131yla yap\u0131lan bo\u015f zaman\u0131n de\u011ferlendirilmesine, (viii) elektronik ortamda an\u0131nda ifa edilen hizmetler veya T\u00fcketici\u2019ye an\u0131nda teslim edilen gayrimaddi mallara, (ix) cayma hakk\u0131 s\u00fcresi sona ermeden \u00f6nce, T\u00fcketici\u2019nin onay\u0131 ile ifas\u0131na ba\u015flanan hizmetlere, ve (x) fiyat\u0131 finansal piyasalardaki dalgalanmalara ba\u011fl\u0131 olarak de\u011fi\u015fen ve \u015eirketin kontrol\u00fcnde olmayan mal veya hizmetlere ili\u015fkin s\u00f6zle\u015fmelere uygulanmaz.<\/p>\n\n\n\n<p>T\u00fcketici\u2019nin cayma hakk\u0131n\u0131 kullanmas\u0131 halinde \u015eirket, cayma bildiriminin kendisine ula\u015ft\u0131\u011f\u0131 tarihten itibaren en ge\u00e7 14 (ond\u00f6rt) g\u00fcn i\u00e7erisinde alm\u0131\u015f oldu\u011fu toplam bedeli ve T\u00fcketici\u2019yi bor\u00e7 alt\u0131na sokan k\u0131ymetli evrak ve benzeri her t\u00fcrl\u00fc belgeyi T\u00fcketici\u2019ye hi\u00e7bir masraf y\u00fcklemeksizin iade etmekle y\u00fck\u00fcml\u00fcd\u00fcr.<\/p>\n\n\n\n<p>Uyu\u015fmazl\u0131k Konusunda Ba\u015fvurulabilecek Yollar<\/p>\n\n\n\n<p>\u0130\u015fbu S\u00f6zle\u015fme\u2019den do\u011fan her t\u00fcrl\u00fc \u015fikayet, itirazlar ve uyu\u015fmazl\u0131klar, G\u00fcmr\u00fck ve Ticaret Bakanl\u0131\u011f\u0131\u2019nca her y\u0131l Aral\u0131k ay\u0131nda belirlenen parasal s\u0131n\u0131rlara g\u00f6re T\u00fcketici\u2019nin ikametgah\u0131n\u0131n bulundu\u011fu yerdeki yahut S\u00f6zle\u015fme konusu i\u015flemin yap\u0131ld\u0131\u011f\u0131 yerdeki T\u00fcketici Hakem Heyeti\u2019ne veya T\u00fcketici Mahkemesi\u2019ne y\u00f6nlendirilebilir.<\/p>\n","protected":false},"excerpt":{"rendered":"<p>1) TESL\u0130MAT S\u00dcRES\u0130: glomorprofessional.com, sat\u0131n al\u0131nan her bir \u00fcr\u00fcn\u00fc 30 g\u00fcn\u00fc a\u015fmamak kayd\u0131 ile al\u0131c\u0131n\u0131n g\u00f6stermi\u015f oldu\u011fu adres ki\u015fi ve\/veya kurulu\u015fa teslim etmekle y\u00fck\u00fcml\u00fcd\u00fcr.Bu s\u00fcre i\u00e7inde \u00fcr\u00fcn teslim edilmez ise al\u0131c\u0131 s\u00f6zle\u015fmeyi iptal edebilir.Teslimat s\u00fcresi sat\u0131n al\u0131nan \u00fcr\u00fcn\u00fcn mevcut stok durumuna ,\u00fcretim s\u00fcresine g\u00f6re de\u011fi\u015fiklik g\u00f6sterebilir.Sipari\u015f kargoya verildikten sonra al\u0131c\u0131ya e-posta yoluyla bilgilendirilir. 2) TESL\u0130MAT&hellip;<\/p>\n","protected":false},"author":1,"featured_media":0,"parent":0,"menu_order":0,"comment_status":"closed","ping_status":"closed","template":"","meta":{"footnotes":""},"class_list":["post-30","page","type-page","status-publish","hentry"],"yoast_head":"<!-- This site is optimized with the Yoast SEO Premium plugin v21.5 (Yoast SEO v21.5) - https:\/\/yoast.com\/wordpress\/plugins\/seo\/ -->\n<title>Teslimat ve \u0130ade - Glomor Professional<\/title>\n<meta name=\"robots\" content=\"index, follow, max-snippet:-1, max-image-preview:large, max-video-preview:-1\" \/>\n<link rel=\"canonical\" href=\"https:\/\/glomorprofessional.com\/shop\/teslimad-ve-iade\/\" \/>\n<meta property=\"og:locale\" content=\"tr_TR\" \/>\n<meta property=\"og:type\" content=\"article\" \/>\n<meta property=\"og:title\" content=\"Teslimat ve \u0130ade\" \/>\n<meta property=\"og:description\" content=\"1) TESL\u0130MAT S\u00dcRES\u0130: glomorprofessional.com, sat\u0131n al\u0131nan her bir \u00fcr\u00fcn\u00fc 30 g\u00fcn\u00fc a\u015fmamak kayd\u0131 ile al\u0131c\u0131n\u0131n g\u00f6stermi\u015f oldu\u011fu adres ki\u015fi ve\/veya kurulu\u015fa teslim etmekle y\u00fck\u00fcml\u00fcd\u00fcr.Bu s\u00fcre i\u00e7inde \u00fcr\u00fcn teslim edilmez ise al\u0131c\u0131 s\u00f6zle\u015fmeyi iptal edebilir.Teslimat s\u00fcresi sat\u0131n al\u0131nan \u00fcr\u00fcn\u00fcn mevcut stok durumuna ,\u00fcretim s\u00fcresine g\u00f6re de\u011fi\u015fiklik g\u00f6sterebilir.Sipari\u015f kargoya verildikten sonra al\u0131c\u0131ya e-posta yoluyla bilgilendirilir. 2) TESL\u0130MAT&hellip;\" \/>\n<meta property=\"og:url\" content=\"https:\/\/glomorprofessional.com\/shop\/teslimad-ve-iade\/\" \/>\n<meta property=\"og:site_name\" content=\"Glomor Professional\" \/>\n<meta property=\"article:modified_time\" content=\"2023-12-13T21:17:26+00:00\" \/>\n<meta name=\"twitter:card\" content=\"summary_large_image\" \/>\n<meta name=\"twitter:label1\" content=\"Tahmini okuma s\u00fcresi\" \/>\n\t<meta name=\"twitter:data1\" content=\"4 dakika\" \/>\n<script type=\"application\/ld+json\" class=\"yoast-schema-graph\">{\"@context\":\"https:\/\/schema.org\",\"@graph\":[{\"@type\":\"WebPage\",\"@id\":\"https:\/\/glomorprofessional.com\/shop\/teslimad-ve-iade\/\",\"url\":\"https:\/\/glomorprofessional.com\/shop\/teslimad-ve-iade\/\",\"name\":\"Teslimat ve \u0130ade - Glomor Professional\",\"isPartOf\":{\"@id\":\"https:\/\/glomorprofessional.com\/shop\/#website\"},\"datePublished\":\"2023-12-13T21:09:55+00:00\",\"dateModified\":\"2023-12-13T21:17:26+00:00\",\"breadcrumb\":{\"@id\":\"https:\/\/glomorprofessional.com\/shop\/teslimad-ve-iade\/#breadcrumb\"},\"inLanguage\":\"tr\",\"potentialAction\":[{\"@type\":\"ReadAction\",\"target\":[\"https:\/\/glomorprofessional.com\/shop\/teslimad-ve-iade\/\"]}]},{\"@type\":\"BreadcrumbList\",\"@id\":\"https:\/\/glomorprofessional.com\/shop\/teslimad-ve-iade\/#breadcrumb\",\"itemListElement\":[{\"@type\":\"ListItem\",\"position\":1,\"name\":\"Anasayfa\",\"item\":\"https:\/\/glomorprofessional.com\/shop\/\"},{\"@type\":\"ListItem\",\"position\":2,\"name\":\"Teslimat ve \u0130ade\"}]},{\"@type\":\"WebSite\",\"@id\":\"https:\/\/glomorprofessional.com\/shop\/#website\",\"url\":\"https:\/\/glomorprofessional.com\/shop\/\",\"name\":\"Glomor Professional\",\"description\":\"Online Sat\u0131\u015f\",\"potentialAction\":[{\"@type\":\"SearchAction\",\"target\":{\"@type\":\"EntryPoint\",\"urlTemplate\":\"https:\/\/glomorprofessional.com\/shop\/?s={search_term_string}\"},\"query-input\":\"required name=search_term_string\"}],\"inLanguage\":\"tr\"}]}<\/script>\n<!-- \/ Yoast SEO Premium plugin. -->","yoast_head_json":{"title":"Teslimat ve \u0130ade - Glomor Professional","robots":{"index":"index","follow":"follow","max-snippet":"max-snippet:-1","max-image-preview":"max-image-preview:large","max-video-preview":"max-video-preview:-1"},"canonical":"https:\/\/glomorprofessional.com\/shop\/teslimad-ve-iade\/","og_locale":"tr_TR","og_type":"article","og_title":"Teslimat ve \u0130ade","og_description":"1) TESL\u0130MAT S\u00dcRES\u0130: glomorprofessional.com, sat\u0131n al\u0131nan her bir \u00fcr\u00fcn\u00fc 30 g\u00fcn\u00fc a\u015fmamak kayd\u0131 ile al\u0131c\u0131n\u0131n g\u00f6stermi\u015f oldu\u011fu adres ki\u015fi ve\/veya kurulu\u015fa teslim etmekle y\u00fck\u00fcml\u00fcd\u00fcr.Bu s\u00fcre i\u00e7inde \u00fcr\u00fcn teslim edilmez ise al\u0131c\u0131 s\u00f6zle\u015fmeyi iptal edebilir.Teslimat s\u00fcresi sat\u0131n al\u0131nan \u00fcr\u00fcn\u00fcn mevcut stok durumuna ,\u00fcretim s\u00fcresine g\u00f6re de\u011fi\u015fiklik g\u00f6sterebilir.Sipari\u015f kargoya verildikten sonra al\u0131c\u0131ya e-posta yoluyla bilgilendirilir. 2) TESL\u0130MAT&hellip;","og_url":"https:\/\/glomorprofessional.com\/shop\/teslimad-ve-iade\/","og_site_name":"Glomor Professional","article_modified_time":"2023-12-13T21:17:26+00:00","twitter_card":"summary_large_image","twitter_misc":{"Tahmini okuma s\u00fcresi":"4 dakika"},"schema":{"@context":"https:\/\/schema.org","@graph":[{"@type":"WebPage","@id":"https:\/\/glomorprofessional.com\/shop\/teslimad-ve-iade\/","url":"https:\/\/glomorprofessional.com\/shop\/teslimad-ve-iade\/","name":"Teslimat ve \u0130ade - Glomor Professional","isPartOf":{"@id":"https:\/\/glomorprofessional.com\/shop\/#website"},"datePublished":"2023-12-13T21:09:55+00:00","dateModified":"2023-12-13T21:17:26+00:00","breadcrumb":{"@id":"https:\/\/glomorprofessional.com\/shop\/teslimad-ve-iade\/#breadcrumb"},"inLanguage":"tr","potentialAction":[{"@type":"ReadAction","target":["https:\/\/glomorprofessional.com\/shop\/teslimad-ve-iade\/"]}]},{"@type":"BreadcrumbList","@id":"https:\/\/glomorprofessional.com\/shop\/teslimad-ve-iade\/#breadcrumb","itemListElement":[{"@type":"ListItem","position":1,"name":"Anasayfa","item":"https:\/\/glomorprofessional.com\/shop\/"},{"@type":"ListItem","position":2,"name":"Teslimat ve \u0130ade"}]},{"@type":"WebSite","@id":"https:\/\/glomorprofessional.com\/shop\/#website","url":"https:\/\/glomorprofessional.com\/shop\/","name":"Glomor Professional","description":"Online Sat\u0131\u015f","potentialAction":[{"@type":"SearchAction","target":{"@type":"EntryPoint","urlTemplate":"https:\/\/glomorprofessional.com\/shop\/?s={search_term_string}"},"query-input":"required name=search_term_string"}],"inLanguage":"tr"}]}},"_links":{"self":[{"href":"https:\/\/glomorprofessional.com\/shop\/wp-json\/wp\/v2\/pages\/30","targetHints":{"allow":["GET"]}}],"collection":[{"href":"https:\/\/glomorprofessional.com\/shop\/wp-json\/wp\/v2\/pages"}],"about":[{"href":"https:\/\/glomorprofessional.com\/shop\/wp-json\/wp\/v2\/types\/page"}],"author":[{"embeddable":true,"href":"https:\/\/glomorprofessional.com\/shop\/wp-json\/wp\/v2\/users\/1"}],"replies":[{"embeddable":true,"href":"https:\/\/glomorprofessional.com\/shop\/wp-json\/wp\/v2\/comments?post=30"}],"version-history":[{"count":3,"href":"https:\/\/glomorprofessional.com\/shop\/wp-json\/wp\/v2\/pages\/30\/revisions"}],"predecessor-version":[{"id":38,"href":"https:\/\/glomorprofessional.com\/shop\/wp-json\/wp\/v2\/pages\/30\/revisions\/38"}],"wp:attachment":[{"href":"https:\/\/glomorprofessional.com\/shop\/wp-json\/wp\/v2\/media?parent=30"}],"curies":[{"name":"wp","href":"https:\/\/api.w.org\/{rel}","templated":true}]}}