{"id":21,"date":"2023-12-13T21:03:42","date_gmt":"2023-12-13T21:03:42","guid":{"rendered":"https:\/\/www.glomorprofessional.com\/shop\/?page_id=21"},"modified":"2023-12-13T21:03:42","modified_gmt":"2023-12-13T21:03:42","slug":"hakkimizda","status":"publish","type":"page","link":"https:\/\/glomorprofessional.com\/shop\/hakkimizda\/","title":{"rendered":"Hakk\u0131m\u0131zda"},"content":{"rendered":"\n<p>2000 y\u0131l\u0131ndan beri bir\u00e7ok markan\u0131n T\u00fcrkiye pazar\u0131ndaki kuaf\u00f6r ve g\u00fczellik salonlar\u0131&nbsp; tecr\u00fcbesi ile kozmetik sekt\u00f6r\u00fcnde faaliyet g\u00f6stermektedir. B\u00fcnyesine ald\u0131\u011f\u0131 \u0130talyan men\u015fei Glomor markas\u0131yla profesyonel kullan\u0131ma y\u00f6nelik kozmetik \u00fcr\u00fcnleri kuaf\u00f6r ve g\u00fczellik salonlar\u0131na temin etmektedir. Bunun yan\u0131 s\u0131ra iste\u011fe ba\u011fl\u0131 \u00e7e\u015fitli markalara da fason \u00fcretim yapmaktad\u0131r.<\/p>\n\n\n\n<h2 class=\"wp-block-heading\">5000 M2 Kapal\u0131 \u00dcretim Alan\u0131<\/h2>\n\n\n\n<figure class=\"wp-block-image\"><img decoding=\"async\" src=\"https:\/\/www.glomorprofessional.com\/wp-content\/uploads\/2023\/03\/csm_WESSLING-cosmetics_f193c428cd.jpg\" alt=\"\" class=\"wp-image-3139\"\/><\/figure>\n\n\n\n<p>5000 m\u00b2lik kapal\u0131 \u00fcretim, dolum ve depolama tesislerinde, tecr\u00fcbeli, mevcut uzman kadrosu ile,&nbsp;hijyenik \u015fartlarda \u00fcretim faaliyetlerini s\u00fcrd\u00fcrmektedir. Mevcut kadrosu ile alan\u0131nda her t\u00fcrl\u00fc laboratuvar, \u00fcretim ve AR-GE \u00e7al\u0131\u015fmalar\u0131n\u0131 y\u00fcr\u00fctmektedir.<\/p>\n\n\n\n<figure class=\"wp-block-image\"><img decoding=\"async\" src=\"https:\/\/www.glomorprofessional.com\/wp-content\/uploads\/2023\/03\/1-1-1024x576.jpg\" alt=\"\" class=\"wp-image-3157\"\/><\/figure>\n\n\n\n<p>Vizyonumuz, do\u011fruluk, d\u00fcr\u00fcstl\u00fck ve kalite anlay\u0131\u015f\u0131 i\u00e7inde yenilik\u00e7i ve yarat\u0131c\u0131 ekip \u00e7al\u0131\u015fmas\u0131yla \u00fcr\u00fcnlerimizin niteliklerini art\u0131r\u0131rken, fiyat a\u00e7\u0131s\u0131ndan da daha uygun \u00fcr\u00fcnleri, m\u00fc\u015fterilerimizin istedi\u011fi zamanda sunmakt\u0131r. Amac\u0131m\u0131z, \u00fcr\u00fcn kalitesinde s\u00fcrekli iyile\u015ftirme ile glomor&nbsp; markas\u0131n\u0131 ulusal ve uluslararas\u0131 bir marka konumuna ta\u015f\u0131makt\u0131r<\/p>\n\n\n\n<figure class=\"wp-block-image\"><img decoding=\"async\" src=\"https:\/\/www.glomorprofessional.com\/wp-content\/uploads\/2023\/03\/0601211893182-web-tete-1024x576.jpg\" alt=\"\" class=\"wp-image-3264\"\/><\/figure>\n\n\n\n<p>Misyonumuz, \u015eirketimizin faaliyet g\u00f6sterdi\u011fi alan\u0131ndaki&nbsp; \u00fcr\u00fcnlerle rekabet edebilecek d\u00fczeyde bir geli\u015fme ile \u00e7a\u011f\u0131m\u0131z\u0131n piyasa ko\u015fullar\u0131na uyumlu bir \u015fekilde b\u00fcy\u00fcmesini ger\u00e7ekle\u015ftirirken, ayn\u0131 zamanda insan sa\u011fl\u0131\u011f\u0131na, estetik ve g\u00fczelli\u011fine katk\u0131da bulunan \u00fcr\u00fcnler \u00fcretmek, \u00e7evre kirlili\u011fine kar\u015f\u0131 duyarl\u0131 olmak, kalite anlay\u0131\u015f\u0131m\u0131z i\u00e7erisinde yer alm\u0131\u015ft\u0131r.<\/p>\n","protected":false},"excerpt":{"rendered":"<p>2000 y\u0131l\u0131ndan beri bir\u00e7ok markan\u0131n T\u00fcrkiye pazar\u0131ndaki kuaf\u00f6r ve g\u00fczellik salonlar\u0131&nbsp; tecr\u00fcbesi ile kozmetik sekt\u00f6r\u00fcnde faaliyet g\u00f6stermektedir. B\u00fcnyesine ald\u0131\u011f\u0131 \u0130talyan men\u015fei Glomor markas\u0131yla profesyonel kullan\u0131ma y\u00f6nelik kozmetik \u00fcr\u00fcnleri kuaf\u00f6r ve g\u00fczellik salonlar\u0131na temin etmektedir. Bunun yan\u0131 s\u0131ra iste\u011fe ba\u011fl\u0131 \u00e7e\u015fitli markalara da fason \u00fcretim yapmaktad\u0131r. 5000 M2 Kapal\u0131 \u00dcretim Alan\u0131 5000 m\u00b2lik kapal\u0131 \u00fcretim, dolum&hellip;<\/p>\n","protected":false},"author":1,"featured_media":0,"parent":0,"menu_order":0,"comment_status":"closed","ping_status":"closed","template":"","meta":{"footnotes":""},"class_list":["post-21","page","type-page","status-publish","hentry"],"yoast_head":"<!-- This site is optimized with the Yoast SEO Premium plugin v21.5 (Yoast SEO v21.5) - https:\/\/yoast.com\/wordpress\/plugins\/seo\/ -->\n<title>Hakk\u0131m\u0131zda - Glomor Professional<\/title>\n<meta name=\"robots\" content=\"index, follow, max-snippet:-1, max-image-preview:large, max-video-preview:-1\" \/>\n<link rel=\"canonical\" href=\"https:\/\/glomorprofessional.com\/shop\/hakkimizda\/\" \/>\n<meta property=\"og:locale\" content=\"tr_TR\" \/>\n<meta property=\"og:type\" content=\"article\" \/>\n<meta property=\"og:title\" content=\"Hakk\u0131m\u0131zda\" \/>\n<meta property=\"og:description\" content=\"2000 y\u0131l\u0131ndan beri bir\u00e7ok markan\u0131n T\u00fcrkiye pazar\u0131ndaki kuaf\u00f6r ve g\u00fczellik salonlar\u0131&nbsp; tecr\u00fcbesi ile kozmetik sekt\u00f6r\u00fcnde faaliyet g\u00f6stermektedir. B\u00fcnyesine ald\u0131\u011f\u0131 \u0130talyan men\u015fei Glomor markas\u0131yla profesyonel kullan\u0131ma y\u00f6nelik kozmetik \u00fcr\u00fcnleri kuaf\u00f6r ve g\u00fczellik salonlar\u0131na temin etmektedir. Bunun yan\u0131 s\u0131ra iste\u011fe ba\u011fl\u0131 \u00e7e\u015fitli markalara da fason \u00fcretim yapmaktad\u0131r. 5000 M2 Kapal\u0131 \u00dcretim Alan\u0131 5000 m\u00b2lik kapal\u0131 \u00fcretim, dolum&hellip;\" \/>\n<meta property=\"og:url\" content=\"https:\/\/glomorprofessional.com\/shop\/hakkimizda\/\" \/>\n<meta property=\"og:site_name\" content=\"Glomor Professional\" \/>\n<meta property=\"og:image\" content=\"https:\/\/www.glomorprofessional.com\/wp-content\/uploads\/2023\/03\/csm_WESSLING-cosmetics_f193c428cd.jpg\" \/>\n<meta name=\"twitter:card\" content=\"summary_large_image\" \/>\n<meta name=\"twitter:label1\" content=\"Tahmini okuma s\u00fcresi\" \/>\n\t<meta name=\"twitter:data1\" content=\"1 dakika\" \/>\n<script type=\"application\/ld+json\" class=\"yoast-schema-graph\">{\"@context\":\"https:\/\/schema.org\",\"@graph\":[{\"@type\":\"WebPage\",\"@id\":\"https:\/\/glomorprofessional.com\/shop\/hakkimizda\/\",\"url\":\"https:\/\/glomorprofessional.com\/shop\/hakkimizda\/\",\"name\":\"Hakk\u0131m\u0131zda - Glomor Professional\",\"isPartOf\":{\"@id\":\"https:\/\/glomorprofessional.com\/shop\/#website\"},\"datePublished\":\"2023-12-13T21:03:42+00:00\",\"dateModified\":\"2023-12-13T21:03:42+00:00\",\"breadcrumb\":{\"@id\":\"https:\/\/glomorprofessional.com\/shop\/hakkimizda\/#breadcrumb\"},\"inLanguage\":\"tr\",\"potentialAction\":[{\"@type\":\"ReadAction\",\"target\":[\"https:\/\/glomorprofessional.com\/shop\/hakkimizda\/\"]}]},{\"@type\":\"BreadcrumbList\",\"@id\":\"https:\/\/glomorprofessional.com\/shop\/hakkimizda\/#breadcrumb\",\"itemListElement\":[{\"@type\":\"ListItem\",\"position\":1,\"name\":\"Anasayfa\",\"item\":\"https:\/\/glomorprofessional.com\/shop\/\"},{\"@type\":\"ListItem\",\"position\":2,\"name\":\"Hakk\u0131m\u0131zda\"}]},{\"@type\":\"WebSite\",\"@id\":\"https:\/\/glomorprofessional.com\/shop\/#website\",\"url\":\"https:\/\/glomorprofessional.com\/shop\/\",\"name\":\"Glomor Professional\",\"description\":\"Online Sat\u0131\u015f\",\"potentialAction\":[{\"@type\":\"SearchAction\",\"target\":{\"@type\":\"EntryPoint\",\"urlTemplate\":\"https:\/\/glomorprofessional.com\/shop\/?s={search_term_string}\"},\"query-input\":\"required name=search_term_string\"}],\"inLanguage\":\"tr\"}]}<\/script>\n<!-- \/ Yoast SEO Premium plugin. -->","yoast_head_json":{"title":"Hakk\u0131m\u0131zda - Glomor Professional","robots":{"index":"index","follow":"follow","max-snippet":"max-snippet:-1","max-image-preview":"max-image-preview:large","max-video-preview":"max-video-preview:-1"},"canonical":"https:\/\/glomorprofessional.com\/shop\/hakkimizda\/","og_locale":"tr_TR","og_type":"article","og_title":"Hakk\u0131m\u0131zda","og_description":"2000 y\u0131l\u0131ndan beri bir\u00e7ok markan\u0131n T\u00fcrkiye pazar\u0131ndaki kuaf\u00f6r ve g\u00fczellik salonlar\u0131&nbsp; tecr\u00fcbesi ile kozmetik sekt\u00f6r\u00fcnde faaliyet g\u00f6stermektedir. B\u00fcnyesine ald\u0131\u011f\u0131 \u0130talyan men\u015fei Glomor markas\u0131yla profesyonel kullan\u0131ma y\u00f6nelik kozmetik \u00fcr\u00fcnleri kuaf\u00f6r ve g\u00fczellik salonlar\u0131na temin etmektedir. Bunun yan\u0131 s\u0131ra iste\u011fe ba\u011fl\u0131 \u00e7e\u015fitli markalara da fason \u00fcretim yapmaktad\u0131r. 5000 M2 Kapal\u0131 \u00dcretim Alan\u0131 5000 m\u00b2lik kapal\u0131 \u00fcretim, dolum&hellip;","og_url":"https:\/\/glomorprofessional.com\/shop\/hakkimizda\/","og_site_name":"Glomor Professional","og_image":[{"url":"https:\/\/www.glomorprofessional.com\/wp-content\/uploads\/2023\/03\/csm_WESSLING-cosmetics_f193c428cd.jpg"}],"twitter_card":"summary_large_image","twitter_misc":{"Tahmini okuma s\u00fcresi":"1 dakika"},"schema":{"@context":"https:\/\/schema.org","@graph":[{"@type":"WebPage","@id":"https:\/\/glomorprofessional.com\/shop\/hakkimizda\/","url":"https:\/\/glomorprofessional.com\/shop\/hakkimizda\/","name":"Hakk\u0131m\u0131zda - Glomor Professional","isPartOf":{"@id":"https:\/\/glomorprofessional.com\/shop\/#website"},"datePublished":"2023-12-13T21:03:42+00:00","dateModified":"2023-12-13T21:03:42+00:00","breadcrumb":{"@id":"https:\/\/glomorprofessional.com\/shop\/hakkimizda\/#breadcrumb"},"inLanguage":"tr","potentialAction":[{"@type":"ReadAction","target":["https:\/\/glomorprofessional.com\/shop\/hakkimizda\/"]}]},{"@type":"BreadcrumbList","@id":"https:\/\/glomorprofessional.com\/shop\/hakkimizda\/#breadcrumb","itemListElement":[{"@type":"ListItem","position":1,"name":"Anasayfa","item":"https:\/\/glomorprofessional.com\/shop\/"},{"@type":"ListItem","position":2,"name":"Hakk\u0131m\u0131zda"}]},{"@type":"WebSite","@id":"https:\/\/glomorprofessional.com\/shop\/#website","url":"https:\/\/glomorprofessional.com\/shop\/","name":"Glomor Professional","description":"Online Sat\u0131\u015f","potentialAction":[{"@type":"SearchAction","target":{"@type":"EntryPoint","urlTemplate":"https:\/\/glomorprofessional.com\/shop\/?s={search_term_string}"},"query-input":"required name=search_term_string"}],"inLanguage":"tr"}]}},"_links":{"self":[{"href":"https:\/\/glomorprofessional.com\/shop\/wp-json\/wp\/v2\/pages\/21","targetHints":{"allow":["GET"]}}],"collection":[{"href":"https:\/\/glomorprofessional.com\/shop\/wp-json\/wp\/v2\/pages"}],"about":[{"href":"https:\/\/glomorprofessional.com\/shop\/wp-json\/wp\/v2\/types\/page"}],"author":[{"embeddable":true,"href":"https:\/\/glomorprofessional.com\/shop\/wp-json\/wp\/v2\/users\/1"}],"replies":[{"embeddable":true,"href":"https:\/\/glomorprofessional.com\/shop\/wp-json\/wp\/v2\/comments?post=21"}],"version-history":[{"count":1,"href":"https:\/\/glomorprofessional.com\/shop\/wp-json\/wp\/v2\/pages\/21\/revisions"}],"predecessor-version":[{"id":22,"href":"https:\/\/glomorprofessional.com\/shop\/wp-json\/wp\/v2\/pages\/21\/revisions\/22"}],"wp:attachment":[{"href":"https:\/\/glomorprofessional.com\/shop\/wp-json\/wp\/v2\/media?parent=21"}],"curies":[{"name":"wp","href":"https:\/\/api.w.org\/{rel}","templated":true}]}}